{"id":4847,"date":"2024-05-23T10:20:46","date_gmt":"2024-05-23T08:20:46","guid":{"rendered":"https:\/\/paul-lindner.de\/v3\/?page_id=4847"},"modified":"2024-10-28T14:43:21","modified_gmt":"2024-10-28T13:43:21","slug":"co-packaging","status":"publish","type":"page","link":"https:\/\/paul-lindner.de\/v3\/spektrum\/co-packaging\/","title":{"rendered":"Co-Packaging"},"content":{"rendered":"<p>[et_pb_section fb_built=&#8220;1&#8243; admin_label=&#8220;Header&#8220; _builder_version=&#8220;4.22.2&#8243; background_color=&#8220;RGBA(255,255,255,0)&#8220; custom_padding=&#8220;130px||0px||false|false&#8220; locked=&#8220;off&#8220; global_colors_info=&#8220;{}&#8220;][et_pb_row _builder_version=&#8220;4.22.1&#8243; custom_margin=&#8220;||||false|false&#8220; locked=&#8220;off&#8220; global_colors_info=&#8220;{}&#8220;][et_pb_column type=&#8220;4_4&#8243; _builder_version=&#8220;4.16&#8243; global_colors_info=&#8220;{}&#8220;][dsm_breadcrumbs home_icon=&#8220;&#xe074;||divi||400&#8243; separator_icon=&#8220;&#x45;||divi||400&#8243; _builder_version=&#8220;4.22.1&#8243; _module_preset=&#8220;default&#8220; home_icon_text_color=&#8220;#F07D00&#8243; global_colors_info=&#8220;{}&#8220;][\/dsm_breadcrumbs][\/et_pb_column][\/et_pb_row][\/et_pb_section][et_pb_section fb_built=&#8220;1&#8243; admin_label=&#8220;Header&#8220; _builder_version=&#8220;4.22.2&#8243; background_color=&#8220;RGBA(255,255,255,0)&#8220; overflow-x=&#8220;hidden&#8220; overflow-y=&#8220;hidden&#8220; custom_padding=&#8220;||0px|||&#8220; global_colors_info=&#8220;{}&#8220;][et_pb_row column_structure=&#8220;2_3,1_3&#8243; _builder_version=&#8220;4.22.2&#8243; background_color=&#8220;#E6E6E6&#8243; custom_padding=&#8220;||50px|50px|false|false&#8220; global_colors_info=&#8220;{}&#8220;][et_pb_column type=&#8220;2_3&#8243; _builder_version=&#8220;4.16&#8243; global_colors_info=&#8220;{}&#8220; background_color__hover=&#8220;#859195&#8243;][et_pb_text _builder_version=&#8220;4.25.1&#8243; text_font_size=&#8220;18px&#8220; text_line_height=&#8220;2em&#8220; header_font=&#8220;Unna||||||||&#8220; header_font_size=&#8220;96px&#8220; header_2_font=&#8220;|700||on|||||&#8220; header_3_font=&#8220;|700||on|||||&#8220; header_3_text_color=&#8220;#F07D00&#8243; header_3_font_size=&#8220;18px&#8220; text_font_size_tablet=&#8220;16px&#8220; text_font_size_phone=&#8220;15px&#8220; text_font_size_last_edited=&#8220;on|phone&#8220; header_font_tablet=&#8220;&#8220; header_font_phone=&#8220;&#8220; header_font_last_edited=&#8220;on|phone&#8220; header_font_size_tablet=&#8220;60px&#8220; header_font_size_phone=&#8220;42px&#8220; header_font_size_last_edited=&#8220;on|tablet&#8220; locked=&#8220;off&#8220; global_colors_info=&#8220;{}&#8220;]<\/p>\n<h2>Co-Packaging<\/h2>\n<h3><span>Montage | Lohnverpackung<\/span><span> | <\/span><span>Kommissionierung | Verpackung<\/span><\/h3>\n<p>[\/et_pb_text][et_pb_text _builder_version=&#8220;4.25.1&#8243; text_font_size=&#8220;18px&#8220; text_line_height=&#8220;2em&#8220; text_font_size_tablet=&#8220;16px&#8220; text_font_size_phone=&#8220;15px&#8220; text_font_size_last_edited=&#8220;on|phone&#8220; global_colors_info=&#8220;{}&#8220;]<\/p>\n<p>Von der Verpackung bis zum Versand bieten wir Ihnen viele weitere Servicedienstleistungen mit an. Hierzu z\u00e4hlen unter anderem das Aufrichten und Vorkonfektionieren der bei uns erworbenen Verpackungen, sowie auch das Beilegen von Montageanweisungen, das Abz\u00e4hlen von Beipackzubeh\u00f6r oder auch das Einpacken Ihrer Ger\u00e4te in von Ihnen gestellte Verpackungen. Bei uns bekommen Sie unsere Serviceleistungen ma\u00dfgeschneidert auf Ihre Bed\u00fcrfnisse. Auch eine Qualit\u00e4tskontrolle nach Ihren Vorgaben kann bei uns im Hause umgesetzt werden. Mit uns ist ein vollumfassender Verpackungsvorgang f\u00fcr Sie garantiert.<\/p>\n<p>[\/et_pb_text][dsm_image_carousel gallery_ids=&#8220;4854,4852,4853,4851&#8243; sizes=&#8220;medium&#8220; autoplay=&#8220;off&#8220; infinite=&#8220;off&#8220; arrows=&#8220;off&#8220; dots=&#8220;off&#8220; grab=&#8220;off&#8220; show_lightbox=&#8220;on&#8220; show_lightbox_gallery=&#8220;on&#8220; disabled_on=&#8220;on|on|on&#8220; _builder_version=&#8220;4.25.1&#8243; _module_preset=&#8220;default&#8220; disabled=&#8220;on&#8220; global_colors_info=&#8220;{}&#8220;][\/dsm_image_carousel][et_pb_text disabled_on=&#8220;on|on|on&#8220; _builder_version=&#8220;4.25.1&#8243; text_font_size=&#8220;18px&#8220; text_line_height=&#8220;2em&#8220; text_font_size_tablet=&#8220;16px&#8220; text_font_size_phone=&#8220;15px&#8220; text_font_size_last_edited=&#8220;on|phone&#8220; disabled=&#8220;on&#8220; global_colors_info=&#8220;{}&#8220;]<\/p>\n<p><strong>Vorteile:<\/strong><\/p>\n<ul>\n<li>100 % nachhaltige Verpackungsl\u00f6sung<\/li>\n<li>H\u00e4lt die Ware bis zu 48 Stunden k\u00fchl<\/li>\n<li>In 3 verschiedenen Gr\u00f6\u00dfen lieferbar<\/li>\n<li>Platzsparende Anlieferung<\/li>\n<li>Problemlose Entsorgung der Verpackung<\/li>\n<\/ul>\n<p>[\/et_pb_text][\/et_pb_column][et_pb_column type=&#8220;1_3&#8243; _builder_version=&#8220;4.16&#8243; global_colors_info=&#8220;{}&#8220; background_color__hover=&#8220;#859195&#8243;][et_pb_image src=&#8220;https:\/\/paul-lindner.de\/v3\/wp-content\/uploads\/2024\/05\/coolsavebox_web.jpg&#8220; title_text=&#8220;coolsavebox_web&#8220; disabled_on=&#8220;on|on|on&#8220; _builder_version=&#8220;4.25.1&#8243; max_height_tablet=&#8220;300px&#8220; max_height_phone=&#8220;&#8220; max_height_last_edited=&#8220;on|tablet&#8220; custom_margin=&#8220;|-10vw|||false|false&#8220; custom_margin_tablet=&#8220;0px|0vw|||false|false&#8220; custom_margin_phone=&#8220;&#8220; custom_margin_last_edited=&#8220;on|tablet&#8220; box_shadow_style=&#8220;preset3&#8243; box_shadow_color=&#8220;#3C3D41&#8243; disabled=&#8220;on&#8220; locked=&#8220;off&#8220; global_colors_info=&#8220;{}&#8220;][\/et_pb_image][et_pb_image src=&#8220;https:\/\/paul-lindner.de\/v3\/wp-content\/uploads\/2023\/09\/pdf_icon3.svg&#8220; title_text=&#8220;pdf_icon3&#8243; url=&#8220;https:\/\/paul-lindner.de\/v3\/wp-content\/uploads\/2024\/05\/CO-Pack-Flyer_web.pdf&#8220; url_new_window=&#8220;on&#8220; _builder_version=&#8220;4.25.1&#8243; _module_preset=&#8220;default&#8220; width=&#8220;60px&#8220; global_colors_info=&#8220;{}&#8220;][\/et_pb_image][\/et_pb_column][\/et_pb_row][\/et_pb_section][et_pb_section fb_built=&#8220;1&#8243; disabled_on=&#8220;on|on|on&#8220; admin_label=&#8220;Header&#8220; _builder_version=&#8220;4.25.1&#8243; background_color=&#8220;#E6E6E6&#8243; overflow-x=&#8220;hidden&#8220; overflow-y=&#8220;hidden&#8220; custom_padding=&#8220;0px||||false|false&#8220; disabled=&#8220;on&#8220; global_colors_info=&#8220;{}&#8220;][et_pb_row _builder_version=&#8220;4.22.2&#8243; custom_padding=&#8220;||0px|||&#8220; global_colors_info=&#8220;{}&#8220;][et_pb_column type=&#8220;4_4&#8243; _builder_version=&#8220;4.16&#8243; global_colors_info=&#8220;{}&#8220; background_color__hover=&#8220;#859195&#8243;][et_pb_text _builder_version=&#8220;4.25.1&#8243; text_font_size=&#8220;18px&#8220; text_line_height=&#8220;2em&#8220; text_font_size_tablet=&#8220;16px&#8220; text_font_size_phone=&#8220;15px&#8220; text_font_size_last_edited=&#8220;on|phone&#8220; global_colors_info=&#8220;{}&#8220;]<\/p>\n<p><strong><span>Standardgr\u00f6\u00dfen*<\/span><\/strong><\/p>\n<p>[\/et_pb_text][dvmd_table_maker tbl_row_header_count=&#8220;0&#8243; tbl_column_max_width=&#8220;0.6fr&#8220; tbl_frame_gap_row=&#8220;1px&#8220; tbl_stripes_active=&#8220;on&#8220; tbl_stripes_order=&#8220;odd&#8220; tbl_tcell_cell_color=&#8220;#FFFFFF&#8220; tbl_tcell_cell_align_horz=&#8220;center&#8220; tbl_tcell_cell_align_vert=&#8220;center&#8220; tbl_chead_cell_color=&#8220;#46403F&#8220; tbl_chead_cell_align_horz=&#8220;center&#8220; tbl_chead_cell_align_vert=&#8220;center&#8220; tbl_rhead_cell_color=&#8220;RGBA(255,255,255,0)&#8220; tbl_rhead_cell_align_horz=&#8220;center&#8220; tbl_rhead_cell_align_vert=&#8220;center&#8220; tbl_chead_text_wrap=&#8220;normal&#8220; _builder_version=&#8220;4.25.1&#8243; _module_preset=&#8220;default&#8220; tbl_tcell_text_text_color=&#8220;#000000&#8243; tbl_tcell_text_font_size=&#8220;16px&#8220; tbl_tcell_text_line_height=&#8220;1.4em&#8220; tbl_chead_text_font=&#8220;|700|||||||&#8220; tbl_chead_text_text_color=&#8220;#FFFFFF&#8220; tbl_chead_text_font_size=&#8220;18px&#8220; tbl_rhead_text_text_color=&#8220;#000000&#8243; box_shadow_style=&#8220;preset1&#8243; global_colors_info=&#8220;{}&#8220;][dvmd_table_maker_item col_label=&#8220;Gr\u00f6\u00dfe&#8220; col_content=&#8220;Gr\u00f6\u00dfe<br \/>\n#1<br \/>\n#2<br \/>\n#3&#8243; col_column_max_width=&#8220;0.5fr&#8220; _builder_version=&#8220;4.25.1&#8243; _module_preset=&#8220;default&#8220; global_colors_info=&#8220;{}&#8220;][\/dvmd_table_maker_item][dvmd_table_maker_item col_label=&#8220;Ma\u00dfe&#8220; col_content=&#8220;Au\u00dfenma\u00dfe<br \/>\n316 x 216 x 198 mm<br \/>\n366 x 266 x 248 mm<br \/>\n416 x 286 x 306 mm&#8220; col_column_max_width=&#8220;0.5fr&#8220; col_tcell_cell_align_horz=&#8220;center&#8220; col_tcell_cell_align_vert=&#8220;center&#8220; _builder_version=&#8220;4.25.1&#8243; _module_preset=&#8220;default&#8220; global_colors_info=&#8220;{}&#8220;][\/dvmd_table_maker_item][dvmd_table_maker_item col_label=&#8220;Schaumstoffh\u00f6he&#8220; col_content=&#8220;Innenma\u00dfe<br \/>\n256 x 156 x 132 mm<br \/>\n306 x 206 x 182 mm<br \/>\n356 x 226 x 240 mm&#8220; col_tcell_cell_align_horz=&#8220;center&#8220; col_tcell_cell_align_vert=&#8220;center&#8220; _builder_version=&#8220;4.25.1&#8243; _module_preset=&#8220;default&#8220; global_colors_info=&#8220;{}&#8220;][\/dvmd_table_maker_item][dvmd_table_maker_item col_label=&#8220;Schaumstoffh\u00f6he&#8220; col_content=&#8220;Fassungsverm\u00f6gen<br \/>\nca. 5 Liter<br \/>\nca. 11 Liter<br \/>\nca. 19 Liter&#8220; col_tcell_cell_align_horz=&#8220;center&#8220; col_tcell_cell_align_vert=&#8220;center&#8220; _builder_version=&#8220;4.25.1&#8243; _module_preset=&#8220;default&#8220; global_colors_info=&#8220;{}&#8220;][\/dvmd_table_maker_item][\/dvmd_table_maker][et_pb_text _builder_version=&#8220;4.25.1&#8243; text_font_size=&#8220;18px&#8220; text_line_height=&#8220;2em&#8220; text_font_size_tablet=&#8220;16px&#8220; text_font_size_phone=&#8220;15px&#8220; text_font_size_last_edited=&#8220;on|phone&#8220; global_colors_info=&#8220;{}&#8220;]<\/p>\n<p>* Auch Sondergr\u00f6\u00dfen m\u00f6glich, gerne auf Anfrage<\/p>\n<p>[\/et_pb_text][\/et_pb_column][\/et_pb_row][\/et_pb_section][et_pb_section fb_built=&#8220;1&#8243; custom_padding_last_edited=&#8220;on|phone&#8220; disabled_on=&#8220;off|off|off&#8220; _builder_version=&#8220;4.25.1&#8243; background_color=&#8220;#3C3D41&#8243; width=&#8220;100%&#8220; width_tablet=&#8220;&#8220; width_phone=&#8220;100%&#8220; width_last_edited=&#8220;on|phone&#8220; custom_padding=&#8220;0px||0px|0vw|false|false&#8220; custom_padding_tablet=&#8220;&#8220; custom_padding_phone=&#8220;|||0vw|false|false&#8220; global_colors_info=&#8220;{}&#8220;][et_pb_row use_custom_gutter=&#8220;on&#8220; gutter_width=&#8220;1&#8243; make_equal=&#8220;on&#8220; _builder_version=&#8220;4.22.2&#8243; background_enable_color=&#8220;off&#8220; width=&#8220;100%&#8220; width_tablet=&#8220;&#8220; width_phone=&#8220;90%&#8220; width_last_edited=&#8220;on|desktop&#8220; custom_margin=&#8220;||||false|false&#8220; custom_padding=&#8220;0px||0px||false|false&#8220; module_alignment_tablet=&#8220;&#8220; module_alignment_phone=&#8220;center&#8220; module_alignment_last_edited=&#8220;on|phone&#8220; locked=&#8220;off&#8220; global_colors_info=&#8220;{}&#8220;][et_pb_column type=&#8220;4_4&#8243; _builder_version=&#8220;4.22.2&#8243; link_option_url=&#8220;#&#8220; border_color_right=&#8220;rgba(51,51,51,0.1)&#8220; border_width_right_tablet=&#8220;0px&#8220; border_width_right_phone=&#8220;&#8220; border_width_right_last_edited=&#8220;on|tablet&#8220; global_colors_info=&#8220;{}&#8220; background__hover_enabled=&#8220;on|hover&#8220; background_color__hover=&#8220;#859195&#8243; background_enable_color__hover=&#8220;on&#8220;][dsm_image_carousel gallery_ids=&#8220;4854,4852,4853,4851&#8243; sizes=&#8220;medium&#8220; space_between=&#8220;5&#8243; arrows=&#8220;off&#8220; show_lightbox=&#8220;on&#8220; _builder_version=&#8220;4.25.1&#8243; _module_preset=&#8220;default&#8220; locked=&#8220;off&#8220; global_colors_info=&#8220;{}&#8220;][\/dsm_image_carousel][\/et_pb_column][\/et_pb_row][\/et_pb_section]<\/p>\n","protected":false},"excerpt":{"rendered":"<p><div class=\"et_pb_module dsm_breadcrumbs dsm_breadcrumbs_0\">\n\t\t\t\t\n\t\t\t\t\n\t\t\t\t\n\t\t\t\t\n\t\t\t\t\n\t\t\t\t\n\t\t\t\t<div class=\"et_pb_module_inner\">\n\t\t\t\t\t<nav class=\"dsm_breadcrumbs_wrap\">\n\t\t\t\t<ul class=\"dsm_breadcrumbs\" itemscope itemtype=\"https:\/\/schema.org\/BreadcrumbList\">\t\t\t<li class=\"dsm_breadcrumbs_item dsm_home_item dsm_home_item_custom\" itemprop=\"itemListElement\" itemscope\n\t\t\titemtype=\"https:\/\/schema.org\/ListItem\">\n\t\t\t\t<a href=\"https:\/\/paul-lindner.de\/v3\" itemprop=\"item\" target=\"\">\n\t\t\t\t\t<span class='dsm_home_text_wrapper'>\n\t\t\t\t\t\t\t\t\t\t\t\t\t<span class=\"et-pb-icon dsm_home_icon\">&#xe074;<\/span>\n\t\t\t\t\t\t\t\t\t\t\t\t\t<span class=\"dsm_home_text\" itemprop=\"name\">\n\t\t\t\t\t\t\t\tHome\t\t\t\t\t\t\t<\/span>\n\t\t\t\t\t<\/span>\n\t\t\t\t<\/a>\n\t\t\t\t<meta itemprop=\"position\" content=\"1\" \/>\n\t\t\t<\/li>\n\n\t\t<li class=\"dsm_breadcrumbs_separator\"> <span class=\"et-pb-icon dsm_separator_icon\">&#x45;<\/span><\/li><\/ul>\n\t\t\t<\/nav>\n\t\t\t\t<\/div>\n\t\t\t<\/div>Co-Packaging Montage | Lohnverpackung | Kommissionierung | VerpackungVon der Verpackung bis zum Versand bieten wir Ihnen viele weitere Servicedienstleistungen mit an. Hierzu z\u00e4hlen unter anderem das Aufrichten und Vorkonfektionieren der bei uns erworbenen Verpackungen, sowie auch das Beilegen von Montageanweisungen, das Abz\u00e4hlen von Beipackzubeh\u00f6r oder auch das Einpacken Ihrer Ger\u00e4te in von Ihnen gestellte Verpackungen. Bei uns bekommen Sie unsere Serviceleistungen ma\u00dfgeschneidert auf Ihre Bed\u00fcrfnisse. Auch eine Qualit\u00e4tskontrolle nach Ihren Vorgaben kann bei uns im Hause umgesetzt werden. Mit uns ist ein vollumfassender Verpackungsvorgang f\u00fcr Sie garantiert.Vorteile: 100 % nachhaltige Verpackungsl\u00f6sung H\u00e4lt die Ware bis zu 48 Stunden k\u00fchl In 3 verschiedenen Gr\u00f6\u00dfen lieferbar Platzsparende Anlieferung Problemlose Entsorgung der Verpackung Standardgr\u00f6\u00dfen*<div class=\"et_pb_module dvmd_table_maker dvmd_table_maker_0 dvmd_tm_version_4_0_1\">\n\t\t\t\t\n\t\t\t\t\n\t\t\t\t\n\t\t\t\t\n\t\t\t\t\n\t\t\t\t\n\t\t\t\t<div class=\"et_pb_module_inner\">\n\t\t\t\t\t\n\t\t\t\t<\/div>\n\t\t\t<\/div><div class=\"dvmd_outer\">\n\t\t\t\t\n\t\t\t\t\n\t\t\t\t\n\t\t\t\t\n\t\t\t\t\n\t\t\t\t\n\t\t\t\t<div class=\"dvmd_inner\">\n\t\t\t\t\t\n\t\t\t\t<\/div>\n\t\t\t<\/div><div class=\"dvmd_outer\">\n\t\t\t\t\n\t\t\t\t\n\t\t\t\t\n\t\t\t\t\n\t\t\t\t\n\t\t\t\t\n\t\t\t\t<div class=\"dvmd_inner\">\n\t\t\t\t\t\n\t\t\t\t<\/div>\n\t\t\t<\/div><div class=\"dvmd_outer\">\n\t\t\t\t\n\t\t\t\t\n\t\t\t\t\n\t\t\t\t\n\t\t\t\t\n\t\t\t\t\n\t\t\t\t<div class=\"dvmd_inner\">\n\t\t\t\t\t\n\t\t\t\t<\/div>\n\t\t\t<\/div><\/p>\n","protected":false},"author":1,"featured_media":0,"parent":4141,"menu_order":0,"comment_status":"closed","ping_status":"closed","template":"","meta":{"_et_pb_use_builder":"on","_et_pb_old_content":"","_et_gb_content_width":"","footnotes":""},"class_list":["post-4847","page","type-page","status-publish","hentry"],"yoast_head":"<!-- This site is optimized with the Yoast SEO plugin v27.5 - https:\/\/yoast.com\/product\/yoast-seo-wordpress\/ -->\n<title>Co-Packaging Lohnverpackung Kommissionierung aus einer Hand<\/title>\n<meta name=\"description\" content=\"Co-Packaging Montage | Lohnverpackung | Kommissionierung | Verpackung. Alles aus einer Hand! Paul Lindner GmbH\" \/>\n<meta name=\"robots\" content=\"index, follow, max-snippet:-1, max-image-preview:large, max-video-preview:-1\" \/>\n<link rel=\"canonical\" href=\"https:\/\/paul-lindner.de\/v3\/spektrum\/co-packaging\/\" \/>\n<meta property=\"og:locale\" content=\"de_DE\" \/>\n<meta property=\"og:type\" content=\"article\" \/>\n<meta property=\"og:title\" content=\"Co-Packaging Lohnverpackung Kommissionierung aus einer Hand\" \/>\n<meta property=\"og:description\" content=\"Co-Packaging Montage | Lohnverpackung | Kommissionierung | Verpackung. Alles aus einer Hand! Paul Lindner GmbH\" \/>\n<meta property=\"og:url\" content=\"https:\/\/paul-lindner.de\/v3\/spektrum\/co-packaging\/\" \/>\n<meta property=\"og:site_name\" content=\"Paul Lindner GmbH\" \/>\n<meta property=\"article:modified_time\" content=\"2024-10-28T13:43:21+00:00\" \/>\n<meta name=\"twitter:card\" content=\"summary_large_image\" \/>\n<meta name=\"twitter:label1\" content=\"Gesch\u00e4tzte Lesezeit\" \/>\n\t<meta name=\"twitter:data1\" content=\"2\u00a0Minuten\" \/>\n<script type=\"application\/ld+json\" class=\"yoast-schema-graph\">{\"@context\":\"https:\\\/\\\/schema.org\",\"@graph\":[{\"@type\":\"WebPage\",\"@id\":\"https:\\\/\\\/paul-lindner.de\\\/v3\\\/spektrum\\\/co-packaging\\\/\",\"url\":\"https:\\\/\\\/paul-lindner.de\\\/v3\\\/spektrum\\\/co-packaging\\\/\",\"name\":\"Co-Packaging Lohnverpackung Kommissionierung aus einer Hand\",\"isPartOf\":{\"@id\":\"https:\\\/\\\/paul-lindner.de\\\/v3\\\/#website\"},\"datePublished\":\"2024-05-23T08:20:46+00:00\",\"dateModified\":\"2024-10-28T13:43:21+00:00\",\"description\":\"Co-Packaging Montage | Lohnverpackung | Kommissionierung | Verpackung. Alles aus einer Hand! Paul Lindner GmbH\",\"breadcrumb\":{\"@id\":\"https:\\\/\\\/paul-lindner.de\\\/v3\\\/spektrum\\\/co-packaging\\\/#breadcrumb\"},\"inLanguage\":\"de\",\"potentialAction\":[{\"@type\":\"ReadAction\",\"target\":[\"https:\\\/\\\/paul-lindner.de\\\/v3\\\/spektrum\\\/co-packaging\\\/\"]}]},{\"@type\":\"BreadcrumbList\",\"@id\":\"https:\\\/\\\/paul-lindner.de\\\/v3\\\/spektrum\\\/co-packaging\\\/#breadcrumb\",\"itemListElement\":[{\"@type\":\"ListItem\",\"position\":1,\"name\":\"Startseite\",\"item\":\"https:\\\/\\\/paul-lindner.de\\\/v3\\\/\"},{\"@type\":\"ListItem\",\"position\":2,\"name\":\"Spektrum\",\"item\":\"https:\\\/\\\/paul-lindner.de\\\/v3\\\/spektrum\\\/\"},{\"@type\":\"ListItem\",\"position\":3,\"name\":\"Co-Packaging\"}]},{\"@type\":\"WebSite\",\"@id\":\"https:\\\/\\\/paul-lindner.de\\\/v3\\\/#website\",\"url\":\"https:\\\/\\\/paul-lindner.de\\\/v3\\\/\",\"name\":\"Paul Lindner GmbH\",\"description\":\"Verpackungen\",\"potentialAction\":[{\"@type\":\"SearchAction\",\"target\":{\"@type\":\"EntryPoint\",\"urlTemplate\":\"https:\\\/\\\/paul-lindner.de\\\/v3\\\/?s={search_term_string}\"},\"query-input\":{\"@type\":\"PropertyValueSpecification\",\"valueRequired\":true,\"valueName\":\"search_term_string\"}}],\"inLanguage\":\"de\"}]}<\/script>\n<!-- \/ Yoast SEO plugin. -->","yoast_head_json":{"title":"Co-Packaging Lohnverpackung Kommissionierung aus einer Hand","description":"Co-Packaging Montage | Lohnverpackung | Kommissionierung | Verpackung. Alles aus einer Hand! Paul Lindner GmbH","robots":{"index":"index","follow":"follow","max-snippet":"max-snippet:-1","max-image-preview":"max-image-preview:large","max-video-preview":"max-video-preview:-1"},"canonical":"https:\/\/paul-lindner.de\/v3\/spektrum\/co-packaging\/","og_locale":"de_DE","og_type":"article","og_title":"Co-Packaging Lohnverpackung Kommissionierung aus einer Hand","og_description":"Co-Packaging Montage | Lohnverpackung | Kommissionierung | Verpackung. Alles aus einer Hand! Paul Lindner GmbH","og_url":"https:\/\/paul-lindner.de\/v3\/spektrum\/co-packaging\/","og_site_name":"Paul Lindner GmbH","article_modified_time":"2024-10-28T13:43:21+00:00","twitter_card":"summary_large_image","twitter_misc":{"Gesch\u00e4tzte Lesezeit":"2\u00a0Minuten"},"schema":{"@context":"https:\/\/schema.org","@graph":[{"@type":"WebPage","@id":"https:\/\/paul-lindner.de\/v3\/spektrum\/co-packaging\/","url":"https:\/\/paul-lindner.de\/v3\/spektrum\/co-packaging\/","name":"Co-Packaging Lohnverpackung Kommissionierung aus einer Hand","isPartOf":{"@id":"https:\/\/paul-lindner.de\/v3\/#website"},"datePublished":"2024-05-23T08:20:46+00:00","dateModified":"2024-10-28T13:43:21+00:00","description":"Co-Packaging Montage | Lohnverpackung | Kommissionierung | Verpackung. Alles aus einer Hand! Paul Lindner GmbH","breadcrumb":{"@id":"https:\/\/paul-lindner.de\/v3\/spektrum\/co-packaging\/#breadcrumb"},"inLanguage":"de","potentialAction":[{"@type":"ReadAction","target":["https:\/\/paul-lindner.de\/v3\/spektrum\/co-packaging\/"]}]},{"@type":"BreadcrumbList","@id":"https:\/\/paul-lindner.de\/v3\/spektrum\/co-packaging\/#breadcrumb","itemListElement":[{"@type":"ListItem","position":1,"name":"Startseite","item":"https:\/\/paul-lindner.de\/v3\/"},{"@type":"ListItem","position":2,"name":"Spektrum","item":"https:\/\/paul-lindner.de\/v3\/spektrum\/"},{"@type":"ListItem","position":3,"name":"Co-Packaging"}]},{"@type":"WebSite","@id":"https:\/\/paul-lindner.de\/v3\/#website","url":"https:\/\/paul-lindner.de\/v3\/","name":"Paul Lindner GmbH","description":"Verpackungen","potentialAction":[{"@type":"SearchAction","target":{"@type":"EntryPoint","urlTemplate":"https:\/\/paul-lindner.de\/v3\/?s={search_term_string}"},"query-input":{"@type":"PropertyValueSpecification","valueRequired":true,"valueName":"search_term_string"}}],"inLanguage":"de"}]}},"_links":{"self":[{"href":"https:\/\/paul-lindner.de\/v3\/wp-json\/wp\/v2\/pages\/4847","targetHints":{"allow":["GET"]}}],"collection":[{"href":"https:\/\/paul-lindner.de\/v3\/wp-json\/wp\/v2\/pages"}],"about":[{"href":"https:\/\/paul-lindner.de\/v3\/wp-json\/wp\/v2\/types\/page"}],"author":[{"embeddable":true,"href":"https:\/\/paul-lindner.de\/v3\/wp-json\/wp\/v2\/users\/1"}],"replies":[{"embeddable":true,"href":"https:\/\/paul-lindner.de\/v3\/wp-json\/wp\/v2\/comments?post=4847"}],"version-history":[{"count":6,"href":"https:\/\/paul-lindner.de\/v3\/wp-json\/wp\/v2\/pages\/4847\/revisions"}],"predecessor-version":[{"id":5018,"href":"https:\/\/paul-lindner.de\/v3\/wp-json\/wp\/v2\/pages\/4847\/revisions\/5018"}],"up":[{"embeddable":true,"href":"https:\/\/paul-lindner.de\/v3\/wp-json\/wp\/v2\/pages\/4141"}],"wp:attachment":[{"href":"https:\/\/paul-lindner.de\/v3\/wp-json\/wp\/v2\/media?parent=4847"}],"curies":[{"name":"wp","href":"https:\/\/api.w.org\/{rel}","templated":true}]}}