{"id":4710,"date":"2024-01-24T10:02:49","date_gmt":"2024-01-24T09:02:49","guid":{"rendered":"https:\/\/paul-lindner.de\/v3\/?page_id=4710"},"modified":"2024-10-28T15:30:29","modified_gmt":"2024-10-28T14:30:29","slug":"l-box-produktfamilie","status":"publish","type":"page","link":"https:\/\/paul-lindner.de\/v3\/spektrum\/l-box-produktfamilie\/","title":{"rendered":"L-BOX Produktfamilie"},"content":{"rendered":"<p>[et_pb_section fb_built=&#8220;1&#8243; admin_label=&#8220;Header&#8220; _builder_version=&#8220;4.22.1&#8243; custom_padding=&#8220;130px||0px||false|false&#8220; locked=&#8220;off&#8220; global_colors_info=&#8220;{}&#8220;][et_pb_row _builder_version=&#8220;4.22.1&#8243; custom_margin=&#8220;||||false|false&#8220; locked=&#8220;off&#8220; global_colors_info=&#8220;{}&#8220;][et_pb_column type=&#8220;4_4&#8243; _builder_version=&#8220;4.16&#8243; global_colors_info=&#8220;{}&#8220;][dsm_breadcrumbs home_icon=&#8220;&#xe074;||divi||400&#8243; separator_icon=&#8220;&#x45;||divi||400&#8243; _builder_version=&#8220;4.22.1&#8243; _module_preset=&#8220;default&#8220; home_icon_text_color=&#8220;#F07D00&#8243; global_colors_info=&#8220;{}&#8220;][\/dsm_breadcrumbs][\/et_pb_column][\/et_pb_row][\/et_pb_section][et_pb_section fb_built=&#8220;1&#8243; admin_label=&#8220;Header&#8220; _builder_version=&#8220;4.22.2&#8243; background_color=&#8220;RGBA(255,255,255,0)&#8220; overflow-x=&#8220;hidden&#8220; overflow-y=&#8220;hidden&#8220; custom_padding=&#8220;||0px|||&#8220; locked=&#8220;off&#8220; global_colors_info=&#8220;{}&#8220;][et_pb_row column_structure=&#8220;2_3,1_3&#8243; _builder_version=&#8220;4.22.2&#8243; background_color=&#8220;#E6E6E6&#8243; custom_padding=&#8220;||50px|50px|false|false&#8220; global_colors_info=&#8220;{}&#8220;][et_pb_column type=&#8220;2_3&#8243; _builder_version=&#8220;4.16&#8243; global_colors_info=&#8220;{}&#8220; background_color__hover=&#8220;#859195&#8243;][et_pb_image src=&#8220;https:\/\/paul-lindner.de\/v3\/wp-content\/uploads\/2024\/01\/Unsere_L-BOXProduktfamilie.png&#8220; title_text=&#8220;Unsere_L-BOXProduktfamilie&#8220; _builder_version=&#8220;4.25.2&#8243; _module_preset=&#8220;default&#8220; width=&#8220;70%&#8220; global_colors_info=&#8220;{}&#8220;][\/et_pb_image][et_pb_text _builder_version=&#8220;4.25.2&#8243; text_font_size=&#8220;18px&#8220; text_line_height=&#8220;2em&#8220; header_font=&#8220;Unna||||||||&#8220; header_font_size=&#8220;96px&#8220; header_2_font=&#8220;|700|||||||&#8220; header_3_font=&#8220;|700|||||||&#8220; header_3_text_color=&#8220;#F07D00&#8243; header_3_font_size=&#8220;18px&#8220; text_font_size_tablet=&#8220;16px&#8220; text_font_size_phone=&#8220;15px&#8220; text_font_size_last_edited=&#8220;on|phone&#8220; header_font_tablet=&#8220;&#8220; header_font_phone=&#8220;&#8220; header_font_last_edited=&#8220;on|phone&#8220; header_font_size_tablet=&#8220;60px&#8220; header_font_size_phone=&#8220;42px&#8220; header_font_size_last_edited=&#8220;on|tablet&#8220; locked=&#8220;off&#8220; global_colors_info=&#8220;{}&#8220;]<\/p>\n<h2>L-BOX Produktfamilie<\/h2>\n<h3>\u00dcbersicht der Kombinationsvarianten<\/h3>\n<p>[\/et_pb_text][et_pb_image src=&#8220;https:\/\/paul-lindner.de\/v3\/wp-content\/uploads\/2024\/06\/L-BOX_familie-Uebersicht.jpg&#8220; title_text=&#8220;L-BOX_familie-4-Seiter.indd&#8220; show_in_lightbox=&#8220;on&#8220; _builder_version=&#8220;4.25.2&#8243; _module_preset=&#8220;default&#8220; global_colors_info=&#8220;{}&#8220;][\/et_pb_image][\/et_pb_column][et_pb_column type=&#8220;1_3&#8243; _builder_version=&#8220;4.16&#8243; global_colors_info=&#8220;{}&#8220; background_color__hover=&#8220;#859195&#8243;][et_pb_image src=&#8220;https:\/\/paul-lindner.de\/v3\/wp-content\/uploads\/2024\/06\/L-BOX_familie_collage.jpg&#8220; title_text=&#8220;L-BOX_familie-4-Seiter.indd&#8220; show_in_lightbox=&#8220;on&#8220; _builder_version=&#8220;4.25.2&#8243; max_height_tablet=&#8220;300px&#8220; max_height_phone=&#8220;&#8220; max_height_last_edited=&#8220;on|tablet&#8220; custom_margin=&#8220;|-10vw|||false|false&#8220; custom_margin_tablet=&#8220;0px|0vw|||false|false&#8220; custom_margin_phone=&#8220;&#8220; custom_margin_last_edited=&#8220;on|tablet&#8220; box_shadow_style=&#8220;preset3&#8243; box_shadow_color=&#8220;#3C3D41&#8243; locked=&#8220;off&#8220; global_colors_info=&#8220;{}&#8220;][\/et_pb_image][et_pb_image src=&#8220;https:\/\/paul-lindner.de\/v3\/wp-content\/uploads\/2023\/09\/pdf_icon3.svg&#8220; title_text=&#8220;pdf_icon3&#8243; url=&#8220;https:\/\/paul-lindner.de\/v3\/wp-content\/uploads\/2024\/06\/L-BOX_familie_web2-komprimiert.pdf&#8220; url_new_window=&#8220;on&#8220; _builder_version=&#8220;4.25.2&#8243; _module_preset=&#8220;default&#8220; width=&#8220;60px&#8220; global_colors_info=&#8220;{}&#8220;][\/et_pb_image][\/et_pb_column][\/et_pb_row][\/et_pb_section][et_pb_section fb_built=&#8220;1&#8243; custom_padding_last_edited=&#8220;on|phone&#8220; admin_label=&#8220;Services&#8220; _builder_version=&#8220;4.24.0&#8243; background_color=&#8220;#3C3D41&#8243; width=&#8220;90%&#8220; width_tablet=&#8220;&#8220; width_phone=&#8220;100%&#8220; width_last_edited=&#8220;on|phone&#8220; custom_padding=&#8220;40px||40px|10vw|true|false&#8220; custom_padding_tablet=&#8220;&#8220; custom_padding_phone=&#8220;|||0vw|false|false&#8220; global_colors_info=&#8220;{}&#8220;][et_pb_row disabled_on=&#8220;on|on|on&#8220; _builder_version=&#8220;4.25.2&#8243; width=&#8220;100%&#8220; width_tablet=&#8220;&#8220; width_phone=&#8220;80%&#8220; width_last_edited=&#8220;on|phone&#8220; custom_padding=&#8220;||50px|||&#8220; disabled=&#8220;on&#8220; global_colors_info=&#8220;{}&#8220;][et_pb_column type=&#8220;4_4&#8243; _builder_version=&#8220;4.16&#8243; global_colors_info=&#8220;{}&#8220;][et_pb_image src=&#8220;https:\/\/paul-lindner.de\/v3\/wp-content\/uploads\/2024\/01\/Unsere_L-BOXProduktfamilie.png&#8220; title_text=&#8220;Unsere_L-BOXProduktfamilie&#8220; _builder_version=&#8220;4.25.2&#8243; _module_preset=&#8220;default&#8220; width=&#8220;40%&#8220; global_colors_info=&#8220;{}&#8220;][\/et_pb_image][\/et_pb_column][\/et_pb_row][et_pb_row column_structure=&#8220;1_4,1_4,1_4,1_4&#8243; use_custom_gutter=&#8220;on&#8220; gutter_width=&#8220;1&#8243; make_equal=&#8220;on&#8220; _builder_version=&#8220;4.24.0&#8243; background_enable_color=&#8220;off&#8220; width=&#8220;100%&#8220; width_tablet=&#8220;&#8220; width_phone=&#8220;90%&#8220; width_last_edited=&#8220;on|desktop&#8220; custom_margin=&#8220;||||false|false&#8220; custom_padding=&#8220;|10px|10px|10px|false|true&#8220; module_alignment_tablet=&#8220;&#8220; module_alignment_phone=&#8220;center&#8220; module_alignment_last_edited=&#8220;on|phone&#8220; global_colors_info=&#8220;{}&#8220;][et_pb_column type=&#8220;1_4&#8243; _builder_version=&#8220;4.24.0&#8243; _dynamic_attributes=&#8220;link_option_url&#8220; custom_padding=&#8220;10px|10px|10px|10px|true|true&#8220; link_option_url=&#8220;@ET-DC@eyJkeW5hbWljIjp0cnVlLCJjb250ZW50IjoicG9zdF9saW5rX3VybF9wYWdlIiwic2V0dGluZ3MiOnsicG9zdF9pZCI6IjQzODEifX0=@&#8220; border_width_all=&#8220;2px&#8220; border_color_all=&#8220;#C7C6C5&#8243; border_color_all_tablet=&#8220;#C7C6C5&#8243; border_color_all_phone=&#8220;#C7C6C5&#8243; border_color_all_last_edited=&#8220;on|desktop&#8220; global_colors_info=&#8220;{}&#8220; background__hover_enabled=&#8220;on|hover&#8220; background_color__hover=&#8220;rgba(199,198,197,0.5)&#8220; background_enable_color__hover=&#8220;on&#8220; border_color_all__hover_enabled=&#8220;on|hover&#8220; border_color_all__hover=&#8220;#F07D00&#8243; border_color_right__hover_enabled=&#8220;on|desktop&#8220;][et_pb_image src=&#8220;https:\/\/paul-lindner.de\/v3\/wp-content\/uploads\/2024\/01\/Headline_L-BOX.png&#8220; title_text=&#8220;Headline_L-BOX&#8220; _builder_version=&#8220;4.24.0&#8243; _module_preset=&#8220;default&#8220; width=&#8220;50%&#8220; global_colors_info=&#8220;{}&#8220;][\/et_pb_image][et_pb_text _builder_version=&#8220;4.24.0&#8243; _module_preset=&#8220;default&#8220; text_text_color=&#8220;#FFFFFF&#8220; text_line_height=&#8220;1.2em&#8220; global_colors_info=&#8220;{}&#8220;]<\/p>\n<p>Harte Schale<br \/>mit weichem Kern<\/p>\n<p>[\/et_pb_text][et_pb_image src=&#8220;https:\/\/paul-lindner.de\/v3\/wp-content\/uploads\/2024\/01\/detail_L-BOX.jpg&#8220; title_text=&#8220;detail_L-BOX&#8220; _builder_version=&#8220;4.24.0&#8243; _module_preset=&#8220;default&#8220; global_colors_info=&#8220;{}&#8220;][\/et_pb_image][et_pb_text _builder_version=&#8220;4.24.0&#8243; _module_preset=&#8220;default&#8220; text_text_color=&#8220;#FFFFFF&#8220; custom_margin=&#8220;20px||||false|false&#8220; global_colors_info=&#8220;{}&#8220;]<\/p>\n<ul>\n<li>idealer Transportschutz f\u00fcr <span> <\/span>hochempfindliche Produkte<\/li>\n<li>extrem wirtschaftlich, da<\/li>\n<li><span> mehrfach verwendbar<\/span><\/li>\n<li>Fixierwirkung durch Noppen<\/li>\n<\/ul>\n<p>[\/et_pb_text][\/et_pb_column][et_pb_column type=&#8220;1_4&#8243; _builder_version=&#8220;4.24.0&#8243; _dynamic_attributes=&#8220;link_option_url&#8220; custom_padding=&#8220;10px|10px|10px|10px|true|true&#8220; link_option_url=&#8220;@ET-DC@eyJkeW5hbWljIjp0cnVlLCJjb250ZW50IjoicG9zdF9saW5rX3VybF9wYWdlIiwic2V0dGluZ3MiOnsicG9zdF9pZCI6IjQ0NTYifX0=@&#8220; border_width_all=&#8220;2px&#8220; border_color_all=&#8220;#C7C6C5&#8243; border_color_all_tablet=&#8220;#C7C6C5&#8243; border_color_all_phone=&#8220;#C7C6C5&#8243; border_color_all_last_edited=&#8220;on|desktop&#8220; global_colors_info=&#8220;{}&#8220; background_enable_color__hover=&#8220;on&#8220; background__hover_enabled=&#8220;on|hover&#8220; background_color__hover=&#8220;rgba(199,198,197,0.5)&#8220; border_color_all__hover=&#8220;#F07D00&#8243; border_color_all__hover_enabled=&#8220;on|hover&#8220; border_color_right__hover_enabled=&#8220;on|desktop&#8220;][et_pb_image src=&#8220;https:\/\/paul-lindner.de\/v3\/wp-content\/uploads\/2024\/01\/Headline_L-BOXpet.png&#8220; title_text=&#8220;Headline_L-BOXpet&#8220; _builder_version=&#8220;4.24.0&#8243; _module_preset=&#8220;default&#8220; width=&#8220;66%&#8220; global_colors_info=&#8220;{}&#8220;][\/et_pb_image][et_pb_text _builder_version=&#8220;4.24.0&#8243; _module_preset=&#8220;default&#8220; text_text_color=&#8220;#FFFFFF&#8220; text_line_height=&#8220;1.2em&#8220; global_colors_info=&#8220;{}&#8220;]<\/p>\n<p>\u00d6konomisch<br \/>und nachhaltig<\/p>\n<p>[\/et_pb_text][et_pb_image src=&#8220;https:\/\/paul-lindner.de\/v3\/wp-content\/uploads\/2024\/01\/detail_L-BOXpet.jpg&#8220; title_text=&#8220;detail_L-BOXpet&#8220; _builder_version=&#8220;4.24.0&#8243; _module_preset=&#8220;default&#8220; global_colors_info=&#8220;{}&#8220;][\/et_pb_image][et_pb_text _builder_version=&#8220;4.24.0&#8243; _module_preset=&#8220;default&#8220; text_text_color=&#8220;#FFFFFF&#8220; custom_margin=&#8220;20px||||false|false&#8220; global_colors_info=&#8220;{}&#8220;]<\/p>\n<ul>\n<li>\n<div>Volumenflies aus 100% PES <span> <\/span>Recyclingmaterial<\/div>\n<\/li>\n<li>\n<div>das eingesetzte Material wird <span> <\/span>aus dem geschlossenen <span> <\/span>PET-Kreislauf gewonnen\u00a0<\/div>\n<\/li>\n<li>\n<div>Verpackung mehrfach <span style=\"font-size: 14px;\">verwendbar und vollst\u00e4ndig recyclingf\u00e4hig<\/span><\/div>\n<\/li>\n<\/ul>\n<p>[\/et_pb_text][\/et_pb_column][et_pb_column type=&#8220;1_4&#8243; _builder_version=&#8220;4.24.0&#8243; _dynamic_attributes=&#8220;link_option_url&#8220; custom_padding=&#8220;10px|10px|10px|10px|true|true&#8220; link_option_url=&#8220;@ET-DC@eyJkeW5hbWljIjp0cnVlLCJjb250ZW50IjoicG9zdF9saW5rX3VybF9wYWdlIiwic2V0dGluZ3MiOnsicG9zdF9pZCI6IjQ0MzgifX0=@&#8220; border_width_all=&#8220;2px&#8220; border_color_all=&#8220;#C7C6C5&#8243; border_color_all_tablet=&#8220;#C7C6C5&#8243; border_color_all_phone=&#8220;#C7C6C5&#8243; border_color_all_last_edited=&#8220;on|desktop&#8220; global_colors_info=&#8220;{}&#8220; background_enable_color__hover=&#8220;on&#8220; background__hover_enabled=&#8220;on|hover&#8220; background_color__hover=&#8220;rgba(199,198,197,0.5)&#8220; border_color_all__hover=&#8220;#F07D00&#8243; border_color_all__hover_enabled=&#8220;on|hover&#8220; border_color_right__hover_enabled=&#8220;on|desktop&#8220;][et_pb_image src=&#8220;https:\/\/paul-lindner.de\/v3\/wp-content\/uploads\/2024\/01\/Headline_L-BOXwood.png&#8220; title_text=&#8220;Headline_L-BOXwood&#8220; _builder_version=&#8220;4.24.0&#8243; _module_preset=&#8220;default&#8220; width=&#8220;76%&#8220; global_colors_info=&#8220;{}&#8220;][\/et_pb_image][et_pb_text _builder_version=&#8220;4.24.0&#8243; _module_preset=&#8220;default&#8220; text_text_color=&#8220;#FFFFFF&#8220; text_line_height=&#8220;1.2em&#8220; global_colors_info=&#8220;{}&#8220;]<\/p>\n<p>Aus nachwachsenden<br \/>Rohstoffen<\/p>\n<p>[\/et_pb_text][et_pb_image src=&#8220;https:\/\/paul-lindner.de\/v3\/wp-content\/uploads\/2024\/01\/detail_L-BOXwood.jpg&#8220; title_text=&#8220;detail_L-BOXwood&#8220; _builder_version=&#8220;4.24.0&#8243; _module_preset=&#8220;default&#8220; global_colors_info=&#8220;{}&#8220;][\/et_pb_image][et_pb_text _builder_version=&#8220;4.24.0&#8243; _module_preset=&#8220;default&#8220; text_text_color=&#8220;#FFFFFF&#8220; custom_margin=&#8220;20px||||false|false&#8220; global_colors_info=&#8220;{}&#8220;]<\/p>\n<ul>\n<li>\n<div>Holzfaseranteil von 80 \u2013 98%<\/div>\n<\/li>\n<li>\n<div>CO2 Ersparnis von 70 \u2013 80% <span> <\/span>im Vergleich zu herk\u00f6mmlichen <span> <\/span>Polyurethan-Schaum<\/div>\n<\/li>\n<li>\n<div>Entsorgung zu 100% \u00fcber<span> den Altpapierkreislauf<\/span><span> m\u00f6glich<\/span><\/div>\n<\/li>\n<\/ul>\n<p>[\/et_pb_text][\/et_pb_column][et_pb_column type=&#8220;1_4&#8243; _builder_version=&#8220;4.24.0&#8243; _dynamic_attributes=&#8220;link_option_url&#8220; custom_padding=&#8220;10px|10px|10px|10px|true|true&#8220; link_option_url=&#8220;@ET-DC@eyJkeW5hbWljIjp0cnVlLCJjb250ZW50IjoicG9zdF9saW5rX3VybF9wYWdlIiwic2V0dGluZ3MiOnsicG9zdF9pZCI6IjQ0MDQifX0=@&#8220; border_width_all=&#8220;2px&#8220; border_color_all=&#8220;#C7C6C5&#8243; border_color_all_tablet=&#8220;#C7C6C5&#8243; border_color_all_phone=&#8220;#C7C6C5&#8243; border_color_all_last_edited=&#8220;on|desktop&#8220; border_width_right_tablet=&#8220;0px&#8220; border_width_right_phone=&#8220;2px&#8220; border_width_right_last_edited=&#8220;on|tablet&#8220; global_colors_info=&#8220;{}&#8220; background_enable_color__hover=&#8220;on&#8220; background__hover_enabled=&#8220;on|hover&#8220; background_color__hover=&#8220;rgba(199,198,197,0.5)&#8220; border_color_all__hover=&#8220;#F07D00&#8243; border_color_all__hover_enabled=&#8220;on|hover&#8220; border_color_right__hover_enabled=&#8220;on|desktop&#8220;][et_pb_image src=&#8220;https:\/\/paul-lindner.de\/v3\/wp-content\/uploads\/2024\/01\/Headline_L-BOXeco.png&#8220; title_text=&#8220;Headline_L-BOXeco&#8220; _builder_version=&#8220;4.24.0&#8243; _module_preset=&#8220;default&#8220; width=&#8220;70%&#8220; global_colors_info=&#8220;{}&#8220;][\/et_pb_image][et_pb_text _builder_version=&#8220;4.24.0&#8243; _module_preset=&#8220;default&#8220; text_text_color=&#8220;#FFFFFF&#8220; text_line_height=&#8220;1.2em&#8220; global_colors_info=&#8220;{}&#8220;]<\/p>\n<p>100 % nachhaltige<br \/>Verpackungsl\u00f6sung<\/p>\n<p>[\/et_pb_text][et_pb_image src=&#8220;https:\/\/paul-lindner.de\/v3\/wp-content\/uploads\/2024\/01\/detail_L-BOXeco.jpg&#8220; title_text=&#8220;detail_L-BOXeco&#8220; _builder_version=&#8220;4.24.0&#8243; _module_preset=&#8220;default&#8220; global_colors_info=&#8220;{}&#8220;][\/et_pb_image][et_pb_text _builder_version=&#8220;4.24.0&#8243; _module_preset=&#8220;default&#8220; text_text_color=&#8220;#FFFFFF&#8220; custom_margin=&#8220;20px||||false|false&#8220; global_colors_info=&#8220;{}&#8220;]<\/p>\n<ul>\n<li>\n<div>\u00e4hnliche Transportschutzeigenschaften <span> <\/span>wie PUR-Schaum<\/div>\n<\/li>\n<li>\n<div>keine elektrostatische Aufladung <span> <\/span>m\u00f6glich<\/div>\n<\/li>\n<li>\n<div>platzsparend und somit kosteng\u00fcnsti-<span> <\/span>ger als herk\u00f6mmliche Verpackungen<\/div>\n<\/li>\n<li>\n<div>umweltfreundlicher Faserguss<span> der komplett im Papierkreislauf<\/span><span> entsorgt werden kann<\/span><\/div>\n<\/li>\n<\/ul>\n<p>[\/et_pb_text][\/et_pb_column][\/et_pb_row][\/et_pb_section][et_pb_section fb_built=&#8220;1&#8243; admin_label=&#8220;Logos&#8220; _builder_version=&#8220;4.24.0&#8243; background_color=&#8220;#FFFFFF&#8220; height=&#8220;100px&#8220; custom_margin=&#8220;0px||||false|false&#8220; custom_padding=&#8220;0px||||false|false&#8220; global_colors_info=&#8220;{}&#8220;][\/et_pb_section]<\/p>\n","protected":false},"excerpt":{"rendered":"<p><div class=\"et_pb_module dsm_breadcrumbs dsm_breadcrumbs_0\">\n\t\t\t\t\n\t\t\t\t\n\t\t\t\t\n\t\t\t\t\n\t\t\t\t\n\t\t\t\t\n\t\t\t\t<div class=\"et_pb_module_inner\">\n\t\t\t\t\t<nav class=\"dsm_breadcrumbs_wrap\">\n\t\t\t\t<ul class=\"dsm_breadcrumbs\" itemscope itemtype=\"https:\/\/schema.org\/BreadcrumbList\">\t\t\t<li class=\"dsm_breadcrumbs_item dsm_home_item dsm_home_item_custom\" itemprop=\"itemListElement\" itemscope\n\t\t\titemtype=\"https:\/\/schema.org\/ListItem\">\n\t\t\t\t<a href=\"https:\/\/paul-lindner.de\/v3\" itemprop=\"item\" target=\"\">\n\t\t\t\t\t<span class='dsm_home_text_wrapper'>\n\t\t\t\t\t\t\t\t\t\t\t\t\t<span class=\"et-pb-icon dsm_home_icon\">&#xe074;<\/span>\n\t\t\t\t\t\t\t\t\t\t\t\t\t<span class=\"dsm_home_text\" itemprop=\"name\">\n\t\t\t\t\t\t\t\tHome\t\t\t\t\t\t\t<\/span>\n\t\t\t\t\t<\/span>\n\t\t\t\t<\/a>\n\t\t\t\t<meta itemprop=\"position\" content=\"1\" \/>\n\t\t\t<\/li>\n\n\t\t<li class=\"dsm_breadcrumbs_separator\"> <span class=\"et-pb-icon dsm_separator_icon\">&#x45;<\/span><\/li><\/ul>\n\t\t\t<\/nav>\n\t\t\t\t<\/div>\n\t\t\t<\/div>L-BOX Produktfamilie \u00dcbersicht der KombinationsvariantenHarte Schalemit weichem Kern idealer Transportschutz f\u00fcr hochempfindliche Produkte extrem wirtschaftlich, da mehrfach verwendbar Fixierwirkung durch Noppen \u00d6konomischund nachhaltig Volumenflies aus 100% PES Recyclingmaterial das eingesetzte Material wird aus dem geschlossenen PET-Kreislauf gewonnen\u00a0 Verpackung mehrfach verwendbar und vollst\u00e4ndig recyclingf\u00e4hig Aus nachwachsendenRohstoffen Holzfaseranteil von 80 \u2013 98% CO2 Ersparnis von 70 \u2013 80% im Vergleich zu herk\u00f6mmlichen Polyurethan-Schaum Entsorgung zu 100% \u00fcber den Altpapierkreislauf m\u00f6glich 100 % nachhaltigeVerpackungsl\u00f6sung \u00e4hnliche Transportschutzeigenschaften wie PUR-Schaum keine elektrostatische Aufladung m\u00f6glich platzsparend und somit kosteng\u00fcnsti- ger als herk\u00f6mmliche Verpackungen umweltfreundlicher Faserguss der komplett im Papierkreislauf entsorgt werden kann<\/p>\n","protected":false},"author":1,"featured_media":0,"parent":4141,"menu_order":0,"comment_status":"closed","ping_status":"closed","template":"","meta":{"_et_pb_use_builder":"on","_et_pb_old_content":"","_et_gb_content_width":"","footnotes":""},"class_list":["post-4710","page","type-page","status-publish","hentry"],"yoast_head":"<!-- This site is optimized with the Yoast SEO plugin v27.5 - https:\/\/yoast.com\/product\/yoast-seo-wordpress\/ -->\n<title>L-BOX Produktfamilie - Paul Lindner GmbH<\/title>\n<meta name=\"robots\" content=\"index, follow, max-snippet:-1, max-image-preview:large, max-video-preview:-1\" \/>\n<link rel=\"canonical\" href=\"https:\/\/paul-lindner.de\/v3\/spektrum\/l-box-produktfamilie\/\" \/>\n<meta property=\"og:locale\" content=\"de_DE\" \/>\n<meta property=\"og:type\" content=\"article\" \/>\n<meta property=\"og:title\" content=\"L-BOX Produktfamilie - Paul Lindner GmbH\" \/>\n<meta property=\"og:description\" content=\"L-BOX Produktfamilie \u00dcbersicht der KombinationsvariantenHarte Schalemit weichem Kern idealer Transportschutz f\u00fcr hochempfindliche Produkte extrem wirtschaftlich, da mehrfach verwendbar Fixierwirkung durch Noppen \u00d6konomischund nachhaltig Volumenflies aus 100% PES Recyclingmaterial das eingesetzte Material wird aus dem geschlossenen PET-Kreislauf gewonnen\u00a0 Verpackung mehrfach verwendbar und vollst\u00e4ndig recyclingf\u00e4hig Aus nachwachsendenRohstoffen Holzfaseranteil von 80 \u2013 98% CO2 Ersparnis von 70 \u2013 80% im Vergleich zu herk\u00f6mmlichen Polyurethan-Schaum Entsorgung zu 100% \u00fcber den Altpapierkreislauf m\u00f6glich 100 % nachhaltigeVerpackungsl\u00f6sung \u00e4hnliche Transportschutzeigenschaften wie PUR-Schaum keine elektrostatische Aufladung m\u00f6glich platzsparend und somit kosteng\u00fcnsti- ger als herk\u00f6mmliche Verpackungen umweltfreundlicher Faserguss der komplett im Papierkreislauf entsorgt werden kann\" \/>\n<meta property=\"og:url\" content=\"https:\/\/paul-lindner.de\/v3\/spektrum\/l-box-produktfamilie\/\" \/>\n<meta property=\"og:site_name\" content=\"Paul Lindner GmbH\" \/>\n<meta property=\"article:modified_time\" content=\"2024-10-28T14:30:29+00:00\" \/>\n<meta name=\"twitter:card\" content=\"summary_large_image\" \/>\n<meta name=\"twitter:label1\" content=\"Gesch\u00e4tzte Lesezeit\" \/>\n\t<meta name=\"twitter:data1\" content=\"3\u00a0Minuten\" \/>\n<script type=\"application\/ld+json\" class=\"yoast-schema-graph\">{\"@context\":\"https:\\\/\\\/schema.org\",\"@graph\":[{\"@type\":\"WebPage\",\"@id\":\"https:\\\/\\\/paul-lindner.de\\\/v3\\\/spektrum\\\/l-box-produktfamilie\\\/\",\"url\":\"https:\\\/\\\/paul-lindner.de\\\/v3\\\/spektrum\\\/l-box-produktfamilie\\\/\",\"name\":\"L-BOX Produktfamilie - Paul Lindner GmbH\",\"isPartOf\":{\"@id\":\"https:\\\/\\\/paul-lindner.de\\\/v3\\\/#website\"},\"datePublished\":\"2024-01-24T09:02:49+00:00\",\"dateModified\":\"2024-10-28T14:30:29+00:00\",\"breadcrumb\":{\"@id\":\"https:\\\/\\\/paul-lindner.de\\\/v3\\\/spektrum\\\/l-box-produktfamilie\\\/#breadcrumb\"},\"inLanguage\":\"de\",\"potentialAction\":[{\"@type\":\"ReadAction\",\"target\":[\"https:\\\/\\\/paul-lindner.de\\\/v3\\\/spektrum\\\/l-box-produktfamilie\\\/\"]}]},{\"@type\":\"BreadcrumbList\",\"@id\":\"https:\\\/\\\/paul-lindner.de\\\/v3\\\/spektrum\\\/l-box-produktfamilie\\\/#breadcrumb\",\"itemListElement\":[{\"@type\":\"ListItem\",\"position\":1,\"name\":\"Startseite\",\"item\":\"https:\\\/\\\/paul-lindner.de\\\/v3\\\/\"},{\"@type\":\"ListItem\",\"position\":2,\"name\":\"Spektrum\",\"item\":\"https:\\\/\\\/paul-lindner.de\\\/v3\\\/spektrum\\\/\"},{\"@type\":\"ListItem\",\"position\":3,\"name\":\"L-BOX Produktfamilie\"}]},{\"@type\":\"WebSite\",\"@id\":\"https:\\\/\\\/paul-lindner.de\\\/v3\\\/#website\",\"url\":\"https:\\\/\\\/paul-lindner.de\\\/v3\\\/\",\"name\":\"Paul Lindner GmbH\",\"description\":\"Verpackungen\",\"potentialAction\":[{\"@type\":\"SearchAction\",\"target\":{\"@type\":\"EntryPoint\",\"urlTemplate\":\"https:\\\/\\\/paul-lindner.de\\\/v3\\\/?s={search_term_string}\"},\"query-input\":{\"@type\":\"PropertyValueSpecification\",\"valueRequired\":true,\"valueName\":\"search_term_string\"}}],\"inLanguage\":\"de\"}]}<\/script>\n<!-- \/ Yoast SEO plugin. -->","yoast_head_json":{"title":"L-BOX Produktfamilie - Paul Lindner GmbH","robots":{"index":"index","follow":"follow","max-snippet":"max-snippet:-1","max-image-preview":"max-image-preview:large","max-video-preview":"max-video-preview:-1"},"canonical":"https:\/\/paul-lindner.de\/v3\/spektrum\/l-box-produktfamilie\/","og_locale":"de_DE","og_type":"article","og_title":"L-BOX Produktfamilie - Paul Lindner GmbH","og_description":"L-BOX Produktfamilie \u00dcbersicht der KombinationsvariantenHarte Schalemit weichem Kern idealer Transportschutz f\u00fcr hochempfindliche Produkte extrem wirtschaftlich, da mehrfach verwendbar Fixierwirkung durch Noppen \u00d6konomischund nachhaltig Volumenflies aus 100% PES Recyclingmaterial das eingesetzte Material wird aus dem geschlossenen PET-Kreislauf gewonnen\u00a0 Verpackung mehrfach verwendbar und vollst\u00e4ndig recyclingf\u00e4hig Aus nachwachsendenRohstoffen Holzfaseranteil von 80 \u2013 98% CO2 Ersparnis von 70 \u2013 80% im Vergleich zu herk\u00f6mmlichen Polyurethan-Schaum Entsorgung zu 100% \u00fcber den Altpapierkreislauf m\u00f6glich 100 % nachhaltigeVerpackungsl\u00f6sung \u00e4hnliche Transportschutzeigenschaften wie PUR-Schaum keine elektrostatische Aufladung m\u00f6glich platzsparend und somit kosteng\u00fcnsti- ger als herk\u00f6mmliche Verpackungen umweltfreundlicher Faserguss der komplett im Papierkreislauf entsorgt werden kann","og_url":"https:\/\/paul-lindner.de\/v3\/spektrum\/l-box-produktfamilie\/","og_site_name":"Paul Lindner GmbH","article_modified_time":"2024-10-28T14:30:29+00:00","twitter_card":"summary_large_image","twitter_misc":{"Gesch\u00e4tzte Lesezeit":"3\u00a0Minuten"},"schema":{"@context":"https:\/\/schema.org","@graph":[{"@type":"WebPage","@id":"https:\/\/paul-lindner.de\/v3\/spektrum\/l-box-produktfamilie\/","url":"https:\/\/paul-lindner.de\/v3\/spektrum\/l-box-produktfamilie\/","name":"L-BOX Produktfamilie - Paul Lindner GmbH","isPartOf":{"@id":"https:\/\/paul-lindner.de\/v3\/#website"},"datePublished":"2024-01-24T09:02:49+00:00","dateModified":"2024-10-28T14:30:29+00:00","breadcrumb":{"@id":"https:\/\/paul-lindner.de\/v3\/spektrum\/l-box-produktfamilie\/#breadcrumb"},"inLanguage":"de","potentialAction":[{"@type":"ReadAction","target":["https:\/\/paul-lindner.de\/v3\/spektrum\/l-box-produktfamilie\/"]}]},{"@type":"BreadcrumbList","@id":"https:\/\/paul-lindner.de\/v3\/spektrum\/l-box-produktfamilie\/#breadcrumb","itemListElement":[{"@type":"ListItem","position":1,"name":"Startseite","item":"https:\/\/paul-lindner.de\/v3\/"},{"@type":"ListItem","position":2,"name":"Spektrum","item":"https:\/\/paul-lindner.de\/v3\/spektrum\/"},{"@type":"ListItem","position":3,"name":"L-BOX Produktfamilie"}]},{"@type":"WebSite","@id":"https:\/\/paul-lindner.de\/v3\/#website","url":"https:\/\/paul-lindner.de\/v3\/","name":"Paul Lindner GmbH","description":"Verpackungen","potentialAction":[{"@type":"SearchAction","target":{"@type":"EntryPoint","urlTemplate":"https:\/\/paul-lindner.de\/v3\/?s={search_term_string}"},"query-input":{"@type":"PropertyValueSpecification","valueRequired":true,"valueName":"search_term_string"}}],"inLanguage":"de"}]}},"_links":{"self":[{"href":"https:\/\/paul-lindner.de\/v3\/wp-json\/wp\/v2\/pages\/4710","targetHints":{"allow":["GET"]}}],"collection":[{"href":"https:\/\/paul-lindner.de\/v3\/wp-json\/wp\/v2\/pages"}],"about":[{"href":"https:\/\/paul-lindner.de\/v3\/wp-json\/wp\/v2\/types\/page"}],"author":[{"embeddable":true,"href":"https:\/\/paul-lindner.de\/v3\/wp-json\/wp\/v2\/users\/1"}],"replies":[{"embeddable":true,"href":"https:\/\/paul-lindner.de\/v3\/wp-json\/wp\/v2\/comments?post=4710"}],"version-history":[{"count":12,"href":"https:\/\/paul-lindner.de\/v3\/wp-json\/wp\/v2\/pages\/4710\/revisions"}],"predecessor-version":[{"id":4920,"href":"https:\/\/paul-lindner.de\/v3\/wp-json\/wp\/v2\/pages\/4710\/revisions\/4920"}],"up":[{"embeddable":true,"href":"https:\/\/paul-lindner.de\/v3\/wp-json\/wp\/v2\/pages\/4141"}],"wp:attachment":[{"href":"https:\/\/paul-lindner.de\/v3\/wp-json\/wp\/v2\/media?parent=4710"}],"curies":[{"name":"wp","href":"https:\/\/api.w.org\/{rel}","templated":true}]}}