{"id":4607,"date":"2023-10-17T11:00:42","date_gmt":"2023-10-17T09:00:42","guid":{"rendered":"https:\/\/paul-lindner.de\/v3\/?page_id=4607"},"modified":"2024-10-28T14:22:11","modified_gmt":"2024-10-28T13:22:11","slug":"verpackungsloesungen-fuer-sanitaer-abwasser-sicher-zuverlaessig","status":"publish","type":"page","link":"https:\/\/paul-lindner.de\/v3\/spektrum\/verpackungen-fuer-die-industrie-aus-allen-branchen-paul-lindner\/verpackungsloesungen-fuer-sanitaer-abwasser-sicher-zuverlaessig\/","title":{"rendered":"Sanit\u00e4r- und Abwassertechnik"},"content":{"rendered":"<p>[et_pb_section fb_built=&#8220;1&#8243; admin_label=&#8220;Header&#8220; _builder_version=&#8220;4.22.2&#8243; background_color=&#8220;RGBA(255,255,255,0)&#8220; custom_padding=&#8220;130px||0px||false|false&#8220; locked=&#8220;off&#8220; global_colors_info=&#8220;{}&#8220;][et_pb_row _builder_version=&#8220;4.22.1&#8243; custom_margin=&#8220;||||false|false&#8220; locked=&#8220;off&#8220; global_colors_info=&#8220;{}&#8220;][et_pb_column type=&#8220;4_4&#8243; _builder_version=&#8220;4.16&#8243; global_colors_info=&#8220;{}&#8220;][dsm_breadcrumbs home_icon=&#8220;&#xe074;||divi||400&#8243; separator_icon=&#8220;&#x45;||divi||400&#8243; _builder_version=&#8220;4.22.1&#8243; _module_preset=&#8220;default&#8220; home_icon_text_color=&#8220;#F07D00&#8243; global_colors_info=&#8220;{}&#8220;][\/dsm_breadcrumbs][\/et_pb_column][\/et_pb_row][\/et_pb_section][et_pb_section fb_built=&#8220;1&#8243; admin_label=&#8220;Header&#8220; _builder_version=&#8220;4.22.2&#8243; background_color=&#8220;RGBA(255,255,255,0)&#8220; overflow-x=&#8220;hidden&#8220; overflow-y=&#8220;hidden&#8220; custom_padding=&#8220;||0px|||&#8220; global_colors_info=&#8220;{}&#8220;][et_pb_row column_structure=&#8220;2_3,1_3&#8243; _builder_version=&#8220;4.22.2&#8243; background_color=&#8220;#E6E6E6&#8243; custom_padding=&#8220;||50px|50px|false|false&#8220; global_colors_info=&#8220;{}&#8220;][et_pb_column type=&#8220;2_3&#8243; _builder_version=&#8220;4.16&#8243; global_colors_info=&#8220;{}&#8220; background_color__hover=&#8220;#859195&#8243;][et_pb_text _builder_version=&#8220;4.22.2&#8243; text_font_size=&#8220;18px&#8220; text_line_height=&#8220;2em&#8220; header_font=&#8220;Unna||||||||&#8220; header_font_size=&#8220;96px&#8220; header_2_font=&#8220;|700|||||||&#8220; header_3_font=&#8220;|700|||||||&#8220; header_3_text_color=&#8220;#F07D00&#8243; header_3_font_size=&#8220;18px&#8220; text_font_size_tablet=&#8220;16px&#8220; text_font_size_phone=&#8220;15px&#8220; text_font_size_last_edited=&#8220;on|phone&#8220; header_font_tablet=&#8220;&#8220; header_font_phone=&#8220;&#8220; header_font_last_edited=&#8220;on|phone&#8220; header_font_size_tablet=&#8220;60px&#8220; header_font_size_phone=&#8220;42px&#8220; header_font_size_last_edited=&#8220;on|tablet&#8220; locked=&#8220;off&#8220; global_colors_info=&#8220;{}&#8220;]<\/p>\n<h2>Branchenl\u00f6sungen<\/h2>\n<h3>Sanit\u00e4r- und Abwassertechnik.<\/h3>\n<p>[\/et_pb_text][et_pb_text _builder_version=&#8220;4.22.2&#8243; text_font_size=&#8220;18px&#8220; text_line_height=&#8220;2em&#8220; text_font_size_tablet=&#8220;16px&#8220; text_font_size_phone=&#8220;15px&#8220; text_font_size_last_edited=&#8220;on|phone&#8220; global_colors_info=&#8220;{}&#8220;]<\/p>\n<section class=\"av_textblock_section av-lj8ds9kf-44bdfd366910e556160dc9854e3af187 \">\n<div class=\"avia_textblock\">\n<p>In enger Zusammenarbeit mit unseren Kunden entwickeln wir Verpackungen, die speziell f\u00fcr den Einsatz im Sanit\u00e4rbereich und Abwassertechnik geeignet sind.<\/p>\n<\/div>\n<\/section>\n<div class=\"avia-image-container av-lj8dqtzc-f51da5b06fd1c4de8ef765c1b2faaf36 av-styling- avia-align-center avia-builder-el-3 el_after_av_hr avia-builder-el-last \">\n<div class=\"avia-image-container-inner\"><\/div>\n<\/div>\n<p>[\/et_pb_text][et_pb_text _builder_version=&#8220;4.22.2&#8243; _module_preset=&#8220;default&#8220; global_colors_info=&#8220;{}&#8220;]Entdecken Sie unsere umfangreiche Auswahl an Verpackungsl\u00f6sungen f\u00fcr die Sanit\u00e4r- und Abwassertechnik. Unsere Verpackungen wurden speziell entwickelt, um den sicheren Transport und den optimalen Schutz Ihrer Produkte zu gew\u00e4hrleisten. Vertrauen Sie auf unsere langj\u00e4hrige Erfahrung und Fachkompetenz, um die perfekte Verpackungsl\u00f6sung f\u00fcr Ihre Bed\u00fcrfnisse zu finden. Entdecken Sie jetzt unser vielf\u00e4ltiges Angebot und setzen Sie auf Qualit\u00e4t und Zuverl\u00e4ssigkeit.<br \/>\n[\/et_pb_text][\/et_pb_column][et_pb_column type=&#8220;1_3&#8243; _builder_version=&#8220;4.16&#8243; global_colors_info=&#8220;{}&#8220; background_color__hover=&#8220;#859195&#8243;][et_pb_image src=&#8220;https:\/\/paul-lindner.de\/v3\/wp-content\/uploads\/2023\/10\/sanitaer_web.jpg&#8220; title_text=&#8220;kitchen sink install Concept, Creative Photo About Plumber insta&#8220; _builder_version=&#8220;4.22.2&#8243; max_height_tablet=&#8220;300px&#8220; max_height_phone=&#8220;&#8220; max_height_last_edited=&#8220;on|tablet&#8220; custom_margin=&#8220;|-10vw|||false|false&#8220; custom_margin_tablet=&#8220;0px|0vw|||false|false&#8220; custom_margin_phone=&#8220;&#8220; custom_margin_last_edited=&#8220;on|tablet&#8220; box_shadow_style=&#8220;preset3&#8243; box_shadow_color=&#8220;#3C3D41&#8243; locked=&#8220;off&#8220; global_colors_info=&#8220;{}&#8220;][\/et_pb_image][\/et_pb_column][\/et_pb_row][\/et_pb_section]<\/p>\n","protected":false},"excerpt":{"rendered":"<p><div class=\"et_pb_module dsm_breadcrumbs dsm_breadcrumbs_0\">\n\t\t\t\t\n\t\t\t\t\n\t\t\t\t\n\t\t\t\t\n\t\t\t\t\n\t\t\t\t\n\t\t\t\t<div class=\"et_pb_module_inner\">\n\t\t\t\t\t<nav class=\"dsm_breadcrumbs_wrap\">\n\t\t\t\t<ul class=\"dsm_breadcrumbs\" itemscope itemtype=\"https:\/\/schema.org\/BreadcrumbList\">\t\t\t<li class=\"dsm_breadcrumbs_item dsm_home_item dsm_home_item_custom\" itemprop=\"itemListElement\" itemscope\n\t\t\titemtype=\"https:\/\/schema.org\/ListItem\">\n\t\t\t\t<a href=\"https:\/\/paul-lindner.de\/v3\" itemprop=\"item\" target=\"\">\n\t\t\t\t\t<span class='dsm_home_text_wrapper'>\n\t\t\t\t\t\t\t\t\t\t\t\t\t<span class=\"et-pb-icon dsm_home_icon\">&#xe074;<\/span>\n\t\t\t\t\t\t\t\t\t\t\t\t\t<span class=\"dsm_home_text\" itemprop=\"name\">\n\t\t\t\t\t\t\t\tHome\t\t\t\t\t\t\t<\/span>\n\t\t\t\t\t<\/span>\n\t\t\t\t<\/a>\n\t\t\t\t<meta itemprop=\"position\" content=\"1\" \/>\n\t\t\t<\/li>\n\n\t\t<li class=\"dsm_breadcrumbs_separator\"> <span class=\"et-pb-icon dsm_separator_icon\">&#x45;<\/span><\/li><\/ul>\n\t\t\t<\/nav>\n\t\t\t\t<\/div>\n\t\t\t<\/div>Branchenl\u00f6sungen Sanit\u00e4r- und Abwassertechnik. In enger Zusammenarbeit mit unseren Kunden entwickeln wir Verpackungen, die speziell f\u00fcr den Einsatz im Sanit\u00e4rbereich und Abwassertechnik geeignet sind. Entdecken Sie unsere umfangreiche Auswahl an Verpackungsl\u00f6sungen f\u00fcr die Sanit\u00e4r- und Abwassertechnik. Unsere Verpackungen wurden speziell entwickelt, um den sicheren Transport und den optimalen Schutz Ihrer Produkte zu gew\u00e4hrleisten. Vertrauen Sie auf unsere langj\u00e4hrige Erfahrung und Fachkompetenz, um die perfekte Verpackungsl\u00f6sung f\u00fcr Ihre Bed\u00fcrfnisse zu finden. Entdecken Sie jetzt unser vielf\u00e4ltiges Angebot und setzen Sie auf Qualit\u00e4t und Zuverl\u00e4ssigkeit.<\/p>\n","protected":false},"author":1,"featured_media":0,"parent":4673,"menu_order":0,"comment_status":"closed","ping_status":"closed","template":"","meta":{"_et_pb_use_builder":"on","_et_pb_old_content":"","_et_gb_content_width":"","footnotes":""},"class_list":["post-4607","page","type-page","status-publish","hentry"],"yoast_head":"<!-- This site is optimized with the Yoast SEO plugin v27.5 - https:\/\/yoast.com\/product\/yoast-seo-wordpress\/ -->\n<title>Verpackungsl\u00f6sungen f\u00fcr Sanit\u00e4r &amp; Abwasser Paul Lindner GmbH<\/title>\n<meta name=\"description\" content=\"Suchen Sie nach sicheren Verpackungsl\u00f6sungen f\u00fcr Ihre Produkte in der Sanit\u00e4r- und Abwassertechnik? Wir bieten ma\u00dfgeschneiderte L\u00f6sungen f\u00fcr einen optimalen Schutz w\u00e4hrend des Transports.\" \/>\n<meta name=\"robots\" content=\"index, follow, max-snippet:-1, max-image-preview:large, max-video-preview:-1\" \/>\n<link rel=\"canonical\" href=\"https:\/\/paul-lindner.de\/v3\/spektrum\/verpackungen-fuer-die-industrie-aus-allen-branchen-paul-lindner\/verpackungsloesungen-fuer-sanitaer-abwasser-sicher-zuverlaessig\/\" \/>\n<meta property=\"og:locale\" content=\"de_DE\" \/>\n<meta property=\"og:type\" content=\"article\" \/>\n<meta property=\"og:title\" content=\"Verpackungsl\u00f6sungen f\u00fcr Sanit\u00e4r &amp; Abwasser Paul Lindner GmbH\" \/>\n<meta property=\"og:description\" content=\"Suchen Sie nach sicheren Verpackungsl\u00f6sungen f\u00fcr Ihre Produkte in der Sanit\u00e4r- und Abwassertechnik? Wir bieten ma\u00dfgeschneiderte L\u00f6sungen f\u00fcr einen optimalen Schutz w\u00e4hrend des Transports.\" \/>\n<meta property=\"og:url\" content=\"https:\/\/paul-lindner.de\/v3\/spektrum\/verpackungen-fuer-die-industrie-aus-allen-branchen-paul-lindner\/verpackungsloesungen-fuer-sanitaer-abwasser-sicher-zuverlaessig\/\" \/>\n<meta property=\"og:site_name\" content=\"Paul Lindner GmbH\" \/>\n<meta property=\"article:modified_time\" content=\"2024-10-28T13:22:11+00:00\" \/>\n<meta name=\"twitter:card\" content=\"summary_large_image\" \/>\n<meta name=\"twitter:label1\" content=\"Gesch\u00e4tzte Lesezeit\" \/>\n\t<meta name=\"twitter:data1\" content=\"1\u00a0Minute\" \/>\n<script type=\"application\/ld+json\" class=\"yoast-schema-graph\">{\"@context\":\"https:\\\/\\\/schema.org\",\"@graph\":[{\"@type\":\"WebPage\",\"@id\":\"https:\\\/\\\/paul-lindner.de\\\/v3\\\/spektrum\\\/verpackungen-fuer-die-industrie-aus-allen-branchen-paul-lindner\\\/verpackungsloesungen-fuer-sanitaer-abwasser-sicher-zuverlaessig\\\/\",\"url\":\"https:\\\/\\\/paul-lindner.de\\\/v3\\\/spektrum\\\/verpackungen-fuer-die-industrie-aus-allen-branchen-paul-lindner\\\/verpackungsloesungen-fuer-sanitaer-abwasser-sicher-zuverlaessig\\\/\",\"name\":\"Verpackungsl\u00f6sungen f\u00fcr Sanit\u00e4r & Abwasser Paul Lindner GmbH\",\"isPartOf\":{\"@id\":\"https:\\\/\\\/paul-lindner.de\\\/v3\\\/#website\"},\"datePublished\":\"2023-10-17T09:00:42+00:00\",\"dateModified\":\"2024-10-28T13:22:11+00:00\",\"description\":\"Suchen Sie nach sicheren Verpackungsl\u00f6sungen f\u00fcr Ihre Produkte in der Sanit\u00e4r- und Abwassertechnik? Wir bieten ma\u00dfgeschneiderte L\u00f6sungen f\u00fcr einen optimalen Schutz w\u00e4hrend des Transports.\",\"breadcrumb\":{\"@id\":\"https:\\\/\\\/paul-lindner.de\\\/v3\\\/spektrum\\\/verpackungen-fuer-die-industrie-aus-allen-branchen-paul-lindner\\\/verpackungsloesungen-fuer-sanitaer-abwasser-sicher-zuverlaessig\\\/#breadcrumb\"},\"inLanguage\":\"de\",\"potentialAction\":[{\"@type\":\"ReadAction\",\"target\":[\"https:\\\/\\\/paul-lindner.de\\\/v3\\\/spektrum\\\/verpackungen-fuer-die-industrie-aus-allen-branchen-paul-lindner\\\/verpackungsloesungen-fuer-sanitaer-abwasser-sicher-zuverlaessig\\\/\"]}]},{\"@type\":\"BreadcrumbList\",\"@id\":\"https:\\\/\\\/paul-lindner.de\\\/v3\\\/spektrum\\\/verpackungen-fuer-die-industrie-aus-allen-branchen-paul-lindner\\\/verpackungsloesungen-fuer-sanitaer-abwasser-sicher-zuverlaessig\\\/#breadcrumb\",\"itemListElement\":[{\"@type\":\"ListItem\",\"position\":1,\"name\":\"Startseite\",\"item\":\"https:\\\/\\\/paul-lindner.de\\\/v3\\\/\"},{\"@type\":\"ListItem\",\"position\":2,\"name\":\"Spektrum\",\"item\":\"https:\\\/\\\/paul-lindner.de\\\/v3\\\/spektrum\\\/\"},{\"@type\":\"ListItem\",\"position\":3,\"name\":\"Branchen\",\"item\":\"https:\\\/\\\/paul-lindner.de\\\/v3\\\/spektrum\\\/verpackungen-fuer-die-industrie-aus-allen-branchen-paul-lindner\\\/\"},{\"@type\":\"ListItem\",\"position\":4,\"name\":\"Sanit\u00e4r- und Abwassertechnik\"}]},{\"@type\":\"WebSite\",\"@id\":\"https:\\\/\\\/paul-lindner.de\\\/v3\\\/#website\",\"url\":\"https:\\\/\\\/paul-lindner.de\\\/v3\\\/\",\"name\":\"Paul Lindner GmbH\",\"description\":\"Verpackungen\",\"potentialAction\":[{\"@type\":\"SearchAction\",\"target\":{\"@type\":\"EntryPoint\",\"urlTemplate\":\"https:\\\/\\\/paul-lindner.de\\\/v3\\\/?s={search_term_string}\"},\"query-input\":{\"@type\":\"PropertyValueSpecification\",\"valueRequired\":true,\"valueName\":\"search_term_string\"}}],\"inLanguage\":\"de\"}]}<\/script>\n<!-- \/ Yoast SEO plugin. -->","yoast_head_json":{"title":"Verpackungsl\u00f6sungen f\u00fcr Sanit\u00e4r & Abwasser Paul Lindner GmbH","description":"Suchen Sie nach sicheren Verpackungsl\u00f6sungen f\u00fcr Ihre Produkte in der Sanit\u00e4r- und Abwassertechnik? Wir bieten ma\u00dfgeschneiderte L\u00f6sungen f\u00fcr einen optimalen Schutz w\u00e4hrend des Transports.","robots":{"index":"index","follow":"follow","max-snippet":"max-snippet:-1","max-image-preview":"max-image-preview:large","max-video-preview":"max-video-preview:-1"},"canonical":"https:\/\/paul-lindner.de\/v3\/spektrum\/verpackungen-fuer-die-industrie-aus-allen-branchen-paul-lindner\/verpackungsloesungen-fuer-sanitaer-abwasser-sicher-zuverlaessig\/","og_locale":"de_DE","og_type":"article","og_title":"Verpackungsl\u00f6sungen f\u00fcr Sanit\u00e4r & Abwasser Paul Lindner GmbH","og_description":"Suchen Sie nach sicheren Verpackungsl\u00f6sungen f\u00fcr Ihre Produkte in der Sanit\u00e4r- und Abwassertechnik? Wir bieten ma\u00dfgeschneiderte L\u00f6sungen f\u00fcr einen optimalen Schutz w\u00e4hrend des Transports.","og_url":"https:\/\/paul-lindner.de\/v3\/spektrum\/verpackungen-fuer-die-industrie-aus-allen-branchen-paul-lindner\/verpackungsloesungen-fuer-sanitaer-abwasser-sicher-zuverlaessig\/","og_site_name":"Paul Lindner GmbH","article_modified_time":"2024-10-28T13:22:11+00:00","twitter_card":"summary_large_image","twitter_misc":{"Gesch\u00e4tzte Lesezeit":"1\u00a0Minute"},"schema":{"@context":"https:\/\/schema.org","@graph":[{"@type":"WebPage","@id":"https:\/\/paul-lindner.de\/v3\/spektrum\/verpackungen-fuer-die-industrie-aus-allen-branchen-paul-lindner\/verpackungsloesungen-fuer-sanitaer-abwasser-sicher-zuverlaessig\/","url":"https:\/\/paul-lindner.de\/v3\/spektrum\/verpackungen-fuer-die-industrie-aus-allen-branchen-paul-lindner\/verpackungsloesungen-fuer-sanitaer-abwasser-sicher-zuverlaessig\/","name":"Verpackungsl\u00f6sungen f\u00fcr Sanit\u00e4r & Abwasser Paul Lindner GmbH","isPartOf":{"@id":"https:\/\/paul-lindner.de\/v3\/#website"},"datePublished":"2023-10-17T09:00:42+00:00","dateModified":"2024-10-28T13:22:11+00:00","description":"Suchen Sie nach sicheren Verpackungsl\u00f6sungen f\u00fcr Ihre Produkte in der Sanit\u00e4r- und Abwassertechnik? Wir bieten ma\u00dfgeschneiderte L\u00f6sungen f\u00fcr einen optimalen Schutz w\u00e4hrend des Transports.","breadcrumb":{"@id":"https:\/\/paul-lindner.de\/v3\/spektrum\/verpackungen-fuer-die-industrie-aus-allen-branchen-paul-lindner\/verpackungsloesungen-fuer-sanitaer-abwasser-sicher-zuverlaessig\/#breadcrumb"},"inLanguage":"de","potentialAction":[{"@type":"ReadAction","target":["https:\/\/paul-lindner.de\/v3\/spektrum\/verpackungen-fuer-die-industrie-aus-allen-branchen-paul-lindner\/verpackungsloesungen-fuer-sanitaer-abwasser-sicher-zuverlaessig\/"]}]},{"@type":"BreadcrumbList","@id":"https:\/\/paul-lindner.de\/v3\/spektrum\/verpackungen-fuer-die-industrie-aus-allen-branchen-paul-lindner\/verpackungsloesungen-fuer-sanitaer-abwasser-sicher-zuverlaessig\/#breadcrumb","itemListElement":[{"@type":"ListItem","position":1,"name":"Startseite","item":"https:\/\/paul-lindner.de\/v3\/"},{"@type":"ListItem","position":2,"name":"Spektrum","item":"https:\/\/paul-lindner.de\/v3\/spektrum\/"},{"@type":"ListItem","position":3,"name":"Branchen","item":"https:\/\/paul-lindner.de\/v3\/spektrum\/verpackungen-fuer-die-industrie-aus-allen-branchen-paul-lindner\/"},{"@type":"ListItem","position":4,"name":"Sanit\u00e4r- und Abwassertechnik"}]},{"@type":"WebSite","@id":"https:\/\/paul-lindner.de\/v3\/#website","url":"https:\/\/paul-lindner.de\/v3\/","name":"Paul Lindner GmbH","description":"Verpackungen","potentialAction":[{"@type":"SearchAction","target":{"@type":"EntryPoint","urlTemplate":"https:\/\/paul-lindner.de\/v3\/?s={search_term_string}"},"query-input":{"@type":"PropertyValueSpecification","valueRequired":true,"valueName":"search_term_string"}}],"inLanguage":"de"}]}},"_links":{"self":[{"href":"https:\/\/paul-lindner.de\/v3\/wp-json\/wp\/v2\/pages\/4607","targetHints":{"allow":["GET"]}}],"collection":[{"href":"https:\/\/paul-lindner.de\/v3\/wp-json\/wp\/v2\/pages"}],"about":[{"href":"https:\/\/paul-lindner.de\/v3\/wp-json\/wp\/v2\/types\/page"}],"author":[{"embeddable":true,"href":"https:\/\/paul-lindner.de\/v3\/wp-json\/wp\/v2\/users\/1"}],"replies":[{"embeddable":true,"href":"https:\/\/paul-lindner.de\/v3\/wp-json\/wp\/v2\/comments?post=4607"}],"version-history":[{"count":5,"href":"https:\/\/paul-lindner.de\/v3\/wp-json\/wp\/v2\/pages\/4607\/revisions"}],"predecessor-version":[{"id":5012,"href":"https:\/\/paul-lindner.de\/v3\/wp-json\/wp\/v2\/pages\/4607\/revisions\/5012"}],"up":[{"embeddable":true,"href":"https:\/\/paul-lindner.de\/v3\/wp-json\/wp\/v2\/pages\/4673"}],"wp:attachment":[{"href":"https:\/\/paul-lindner.de\/v3\/wp-json\/wp\/v2\/media?parent=4607"}],"curies":[{"name":"wp","href":"https:\/\/api.w.org\/{rel}","templated":true}]}}