{"id":4438,"date":"2023-10-13T11:35:03","date_gmt":"2023-10-13T09:35:03","guid":{"rendered":"https:\/\/paul-lindner.de\/v3\/?page_id=4438"},"modified":"2025-06-03T10:19:45","modified_gmt":"2025-06-03T08:19:45","slug":"l-boxwood","status":"publish","type":"page","link":"https:\/\/paul-lindner.de\/v3\/spektrum\/l-box-produktfamilie\/l-boxwood\/","title":{"rendered":"L-BOXwood"},"content":{"rendered":"<p>[et_pb_section fb_built=&#8220;1&#8243; admin_label=&#8220;Header&#8220; _builder_version=&#8220;4.22.2&#8243; background_color=&#8220;RGBA(255,255,255,0)&#8220; custom_padding=&#8220;130px||0px||false|false&#8220; locked=&#8220;off&#8220; global_colors_info=&#8220;{}&#8220;][et_pb_row _builder_version=&#8220;4.22.1&#8243; custom_margin=&#8220;||||false|false&#8220; locked=&#8220;off&#8220; global_colors_info=&#8220;{}&#8220;][et_pb_column type=&#8220;4_4&#8243; _builder_version=&#8220;4.16&#8243; global_colors_info=&#8220;{}&#8220;][dsm_breadcrumbs home_icon=&#8220;&#xe074;||divi||400&#8243; separator_icon=&#8220;&#x45;||divi||400&#8243; _builder_version=&#8220;4.22.1&#8243; _module_preset=&#8220;default&#8220; home_icon_text_color=&#8220;#F07D00&#8243; global_colors_info=&#8220;{}&#8220;][\/dsm_breadcrumbs][\/et_pb_column][\/et_pb_row][\/et_pb_section][et_pb_section fb_built=&#8220;1&#8243; admin_label=&#8220;Header&#8220; _builder_version=&#8220;4.22.2&#8243; background_color=&#8220;RGBA(255,255,255,0)&#8220; overflow-x=&#8220;hidden&#8220; overflow-y=&#8220;hidden&#8220; custom_padding=&#8220;||0px|||&#8220; global_colors_info=&#8220;{}&#8220;][et_pb_row column_structure=&#8220;2_3,1_3&#8243; _builder_version=&#8220;4.22.2&#8243; background_color=&#8220;#E6E6E6&#8243; custom_padding=&#8220;||50px|50px|false|false&#8220; global_colors_info=&#8220;{}&#8220;][et_pb_column type=&#8220;2_3&#8243; _builder_version=&#8220;4.16&#8243; global_colors_info=&#8220;{}&#8220; background_color__hover=&#8220;#859195&#8243;][et_pb_image src=&#8220;https:\/\/paul-lindner.de\/v3\/wp-content\/uploads\/2024\/01\/Headline_L-BOXwood.png&#8220; title_text=&#8220;Headline_L-BOXwood&#8220; _builder_version=&#8220;4.25.2&#8243; _module_preset=&#8220;default&#8220; width=&#8220;35%&#8220; custom_margin=&#8220;||10px||false|false&#8220; custom_padding=&#8220;||0px||false|false&#8220; global_colors_info=&#8220;{}&#8220;][\/et_pb_image][et_pb_text _builder_version=&#8220;4.25.2&#8243; text_font_size=&#8220;18px&#8220; text_line_height=&#8220;2em&#8220; header_font=&#8220;Unna||||||||&#8220; header_font_size=&#8220;96px&#8220; header_2_font=&#8220;|700|||||||&#8220; header_3_font=&#8220;|700|||||||&#8220; header_3_text_color=&#8220;#3C3D41&#8243; header_3_font_size=&#8220;18px&#8220; text_font_size_tablet=&#8220;16px&#8220; text_font_size_phone=&#8220;15px&#8220; text_font_size_last_edited=&#8220;on|phone&#8220; header_font_tablet=&#8220;&#8220; header_font_phone=&#8220;&#8220; header_font_last_edited=&#8220;on|phone&#8220; header_font_size_tablet=&#8220;60px&#8220; header_font_size_phone=&#8220;42px&#8220; header_font_size_last_edited=&#8220;on|tablet&#8220; locked=&#8220;off&#8220; global_colors_info=&#8220;{}&#8220;]<\/p>\n<h3><span>Eine \u00f6konomische und zugleich nachhaltige Verpackungsl\u00f6sung<\/span><\/h3>\n<p>[\/et_pb_text][et_pb_video src=&#8220;https:\/\/youtu.be\/qi8ULQ-DH3I&#8220; image_src=&#8220;https:\/\/paul-lindner.de\/v3\/wp-content\/uploads\/2025\/06\/L-BOXwood_Overlay_quer.jpg&#8220; _builder_version=&#8220;4.27.4&#8243; _module_preset=&#8220;default&#8220; hover_enabled=&#8220;0&#8243; box_shadow_style=&#8220;preset1&#8243; locked=&#8220;off&#8220; global_colors_info=&#8220;{}&#8220; title_text=&#8220;L-BOXwood_Overlay_quer&#8220; sticky_enabled=&#8220;0&#8243;][\/et_pb_video][et_pb_image src=&#8220;https:\/\/paul-lindner.de\/v3\/wp-content\/uploads\/2023\/10\/wood.svg&#8220; title_text=&#8220;wood&#8220; url_new_window=&#8220;on&#8220; _builder_version=&#8220;4.22.2&#8243; _module_preset=&#8220;default&#8220; width=&#8220;20%&#8220; global_colors_info=&#8220;{}&#8220;][\/et_pb_image][et_pb_text _builder_version=&#8220;4.22.2&#8243; text_font_size=&#8220;18px&#8220; text_line_height=&#8220;2em&#8220; text_font_size_tablet=&#8220;16px&#8220; text_font_size_phone=&#8220;15px&#8220; text_font_size_last_edited=&#8220;on|phone&#8220; global_colors_info=&#8220;{}&#8220;]<\/p>\n<p><strong>Eigenschaften:<\/strong><\/p>\n<ul>\n<li>Holzfaseranteil von 80 \u2013 98 %<\/li>\n<li>\u00e4hnliche Transportschutzeigenschaften wie herk\u00f6mmlicher PUR-Schaum<\/li>\n<li>CO2 Ersparnis von 70 \u2013 80 % im Vergleich zu herk\u00f6mmlichen Polyurethan-Schaum<\/li>\n<li>Entsorgung zu 100 % \u00fcber den Altpapierkreislauf m\u00f6glich<\/li>\n<li>kann f\u00fcr jede Gr\u00f6\u00dfe gefertigt und bedruckt werden<\/li>\n<li>mit wenigen Griffen versandfertig<\/li>\n<li>Verpackung mehrfach verwendbar<\/li>\n<\/ul>\n<p>[\/et_pb_text][et_pb_image src=&#8220;https:\/\/paul-lindner.de\/v3\/wp-content\/uploads\/2023\/10\/L-BOXwood_Detail-1-1030&#215;687-1.jpg&#8220; show_in_lightbox=&#8220;on&#8220; _builder_version=&#8220;4.22.2&#8243; _module_preset=&#8220;default&#8220; border_width_all=&#8220;2px&#8220; border_color_all=&#8220;#3C3D41&#8243; global_colors_info=&#8220;{}&#8220;][\/et_pb_image][\/et_pb_column][et_pb_column type=&#8220;1_3&#8243; _builder_version=&#8220;4.16&#8243; global_colors_info=&#8220;{}&#8220; background_color__hover=&#8220;#859195&#8243;][et_pb_image src=&#8220;https:\/\/paul-lindner.de\/v3\/wp-content\/uploads\/2023\/10\/L-BOXwood_Anwendung_Netzteil-1030&#215;932-1.jpg&#8220; title_text=&#8220;L-BOXeco_Anwendung_Eier_web2&#8243; show_in_lightbox=&#8220;on&#8220; _builder_version=&#8220;4.22.2&#8243; max_height_tablet=&#8220;300px&#8220; max_height_phone=&#8220;&#8220; max_height_last_edited=&#8220;on|tablet&#8220; custom_margin=&#8220;|-10vw|||false|false&#8220; custom_margin_tablet=&#8220;0px|0vw|||false|false&#8220; custom_margin_phone=&#8220;&#8220; custom_margin_last_edited=&#8220;on|tablet&#8220; box_shadow_style=&#8220;preset3&#8243; box_shadow_color=&#8220;#3C3D41&#8243; locked=&#8220;off&#8220; global_colors_info=&#8220;{}&#8220;][\/et_pb_image][et_pb_image src=&#8220;https:\/\/paul-lindner.de\/v3\/wp-content\/uploads\/2023\/09\/pdf_icon3.svg&#8220; title_text=&#8220;pdf_icon3&#8243; url=&#8220;https:\/\/paul-lindner.de\/v3\/wp-content\/uploads\/2023\/10\/Flyer_L-BOXwood_web.pdf&#8220; url_new_window=&#8220;on&#8220; _builder_version=&#8220;4.22.2&#8243; _module_preset=&#8220;default&#8220; width=&#8220;60px&#8220; global_colors_info=&#8220;{}&#8220;][\/et_pb_image][\/et_pb_column][\/et_pb_row][\/et_pb_section][et_pb_section fb_built=&#8220;1&#8243; admin_label=&#8220;Header&#8220; _builder_version=&#8220;4.22.2&#8243; background_color=&#8220;#E6E6E6&#8243; overflow-x=&#8220;hidden&#8220; overflow-y=&#8220;hidden&#8220; custom_padding=&#8220;0px||||false|false&#8220; global_colors_info=&#8220;{}&#8220;][et_pb_row _builder_version=&#8220;4.22.2&#8243; custom_padding=&#8220;||0px|||&#8220; global_colors_info=&#8220;{}&#8220;][et_pb_column type=&#8220;4_4&#8243; _builder_version=&#8220;4.16&#8243; global_colors_info=&#8220;{}&#8220; background_color__hover=&#8220;#859195&#8243;][et_pb_text _builder_version=&#8220;4.22.2&#8243; text_font_size=&#8220;18px&#8220; text_line_height=&#8220;2em&#8220; text_font_size_tablet=&#8220;16px&#8220; text_font_size_phone=&#8220;15px&#8220; text_font_size_last_edited=&#8220;on|phone&#8220; global_colors_info=&#8220;{}&#8220;]<\/p>\n<p><strong><span>Ausf\u00fchrungen, Gewichte und Einsatzm\u00f6glichkeiten:<\/span><\/strong><\/p>\n<p>[\/et_pb_text][dvmd_table_maker tbl_row_header_count=&#8220;0&#8243; tbl_column_max_width=&#8220;0.6fr&#8220; tbl_frame_gap_row=&#8220;1px&#8220; tbl_stripes_active=&#8220;on&#8220; tbl_stripes_order=&#8220;odd&#8220; tbl_tcell_cell_color=&#8220;#FFFFFF&#8220; tbl_tcell_cell_align_horz=&#8220;center&#8220; tbl_tcell_cell_align_vert=&#8220;center&#8220; tbl_chead_cell_color=&#8220;#F07D00&#8243; tbl_chead_cell_align_horz=&#8220;center&#8220; tbl_chead_cell_align_vert=&#8220;center&#8220; tbl_rhead_cell_color=&#8220;RGBA(255,255,255,0)&#8220; tbl_rhead_cell_align_horz=&#8220;center&#8220; tbl_rhead_cell_align_vert=&#8220;center&#8220; tbl_chead_text_wrap=&#8220;normal&#8220; _builder_version=&#8220;4.27.4&#8243; _module_preset=&#8220;default&#8220; tbl_tcell_text_text_color=&#8220;#000000&#8243; tbl_tcell_text_font_size=&#8220;16px&#8220; tbl_tcell_text_line_height=&#8220;1.4em&#8220; tbl_chead_text_font=&#8220;|700|||||||&#8220; tbl_chead_text_text_color=&#8220;#FFFFFF&#8220; tbl_chead_text_font_size=&#8220;18px&#8220; tbl_rhead_text_text_color=&#8220;#000000&#8243; box_shadow_style=&#8220;preset1&#8243; global_colors_info=&#8220;{}&#8220;][dvmd_table_maker_item col_label=&#8220;Gr\u00f6\u00dfe&#8220; col_content=&#8220;Gr\u00f6\u00dfe<br \/>\n5&#8243; col_column_max_width=&#8220;0.5fr&#8220; _builder_version=&#8220;4.27.4&#8243; _module_preset=&#8220;default&#8220; global_colors_info=&#8220;{}&#8220;][\/dvmd_table_maker_item][dvmd_table_maker_item col_label=&#8220;Ma\u00dfe&#8220; col_content=&#8220;Ma\u00dfe<br \/>\n200 x 142 x 63 mm&#8220; col_column_max_width=&#8220;0.5fr&#8220; col_tcell_cell_align_horz=&#8220;center&#8220; col_tcell_cell_align_vert=&#8220;center&#8220; _builder_version=&#8220;4.27.4&#8243; _module_preset=&#8220;default&#8220; global_colors_info=&#8220;{}&#8220;][\/dvmd_table_maker_item][dvmd_table_maker_item col_label=&#8220;Schaumstoffh\u00f6he&#8220; col_content=&#8220;Polsterh\u00f6he<br \/>\n25 mm&#8220; col_tcell_cell_align_horz=&#8220;center&#8220; col_tcell_cell_align_vert=&#8220;center&#8220; _builder_version=&#8220;4.22.2&#8243; _module_preset=&#8220;default&#8220; global_colors_info=&#8220;{}&#8220;][\/dvmd_table_maker_item][\/dvmd_table_maker][\/et_pb_column][\/et_pb_row][\/et_pb_section]<\/p>\n","protected":false},"excerpt":{"rendered":"<p><div class=\"et_pb_module dsm_breadcrumbs dsm_breadcrumbs_0\">\n\t\t\t\t\n\t\t\t\t\n\t\t\t\t\n\t\t\t\t\n\t\t\t\t\n\t\t\t\t\n\t\t\t\t<div class=\"et_pb_module_inner\">\n\t\t\t\t\t<nav class=\"dsm_breadcrumbs_wrap\">\n\t\t\t\t<ul class=\"dsm_breadcrumbs\" itemscope itemtype=\"https:\/\/schema.org\/BreadcrumbList\">\t\t\t<li class=\"dsm_breadcrumbs_item dsm_home_item dsm_home_item_custom\" itemprop=\"itemListElement\" itemscope\n\t\t\titemtype=\"https:\/\/schema.org\/ListItem\">\n\t\t\t\t<a href=\"https:\/\/paul-lindner.de\/v3\" itemprop=\"item\" target=\"\">\n\t\t\t\t\t<span class='dsm_home_text_wrapper'>\n\t\t\t\t\t\t\t\t\t\t\t\t\t<span class=\"et-pb-icon dsm_home_icon\">&#xe074;<\/span>\n\t\t\t\t\t\t\t\t\t\t\t\t\t<span class=\"dsm_home_text\" itemprop=\"name\">\n\t\t\t\t\t\t\t\tHome\t\t\t\t\t\t\t<\/span>\n\t\t\t\t\t<\/span>\n\t\t\t\t<\/a>\n\t\t\t\t<meta itemprop=\"position\" content=\"1\" \/>\n\t\t\t<\/li>\n\n\t\t<li class=\"dsm_breadcrumbs_separator\"> <span class=\"et-pb-icon dsm_separator_icon\">&#x45;<\/span><\/li><\/ul>\n\t\t\t<\/nav>\n\t\t\t\t<\/div>\n\t\t\t<\/div>Eine \u00f6konomische und zugleich nachhaltige Verpackungsl\u00f6sungEigenschaften: Holzfaseranteil von 80 \u2013 98 % \u00e4hnliche Transportschutzeigenschaften wie herk\u00f6mmlicher PUR-Schaum CO2 Ersparnis von 70 \u2013 80 % im Vergleich zu herk\u00f6mmlichen Polyurethan-Schaum Entsorgung zu 100 % \u00fcber den Altpapierkreislauf m\u00f6glich kann f\u00fcr jede Gr\u00f6\u00dfe gefertigt und bedruckt werden mit wenigen Griffen versandfertig Verpackung mehrfach verwendbar Ausf\u00fchrungen, Gewichte und Einsatzm\u00f6glichkeiten:<div class=\"et_pb_module dvmd_table_maker dvmd_table_maker_0 dvmd_tm_version_4_0_1\">\n\t\t\t\t\n\t\t\t\t\n\t\t\t\t\n\t\t\t\t\n\t\t\t\t\n\t\t\t\t\n\t\t\t\t<div class=\"et_pb_module_inner\">\n\t\t\t\t\t<div\n                    role=\"table\"\n                    class=\"dvmd_tm_table dvmd_preload dvmd_tm_max_width_980 dvmd_tm_breakby_column dvmd_tm_blocks\"\n                    \n                    \n                    aria-rowcount=\"3\"\n                    aria-colcount=\"1\">\n                        <div class=\"dvmd_tm_tblock dvmd_tm_tblock_0 dvmd_tm_cblock\" role=\"rowgroup\">\n                        <div class=\"dvmd_tm_trow dvmd_tm_trow_0\" role=\"row\" aria-rowindex=\"1\"><div aria-colindex=\"1\" aria-rowindex=\"1\" role=\"cell\" class=\"dvmd_table_maker_item_0 dvmd_tm_tcell dvmd_tm_tdata dvmd_tm_col_0 dvmd_tm_row_0 dvmd_tm_col_first dvmd_tm_row_first dvmd_tm_col_odd dvmd_tm_row_odd \"><div class=\"dvmd_tm_cdata\">Gr&ouml;&szlig;e 5<\/div><\/div>\n<\/div>\n                    <\/div><div class=\"dvmd_tm_tblock dvmd_tm_tblock_1 dvmd_tm_cblock\" role=\"rowgroup\">\n                        <div class=\"dvmd_tm_trow dvmd_tm_trow_1\" role=\"row\" aria-rowindex=\"2\"><div aria-colindex=\"1\" aria-rowindex=\"2\" role=\"cell\" class=\"dvmd_table_maker_item_1 dvmd_tm_tcell dvmd_tm_tdata dvmd_tm_col_1 dvmd_tm_row_0 dvmd_tm_row_first dvmd_tm_col_even dvmd_tm_row_odd \"><div class=\"dvmd_tm_cdata\">Ma&szlig;e 200 x 142 x 63 mm<\/div><\/div>\n<\/div>\n                    <\/div><div class=\"dvmd_tm_tblock dvmd_tm_tblock_2 dvmd_tm_cblock\" role=\"rowgroup\">\n                        <div class=\"dvmd_tm_trow dvmd_tm_trow_2\" role=\"row\" aria-rowindex=\"3\"><div aria-colindex=\"1\" aria-rowindex=\"3\" role=\"cell\" class=\"dvmd_table_maker_item_2 dvmd_tm_tcell dvmd_tm_tdata dvmd_tm_col_2 dvmd_tm_row_0 dvmd_tm_col_last dvmd_tm_row_first dvmd_tm_col_odd dvmd_tm_row_odd \"><div class=\"dvmd_tm_cdata\">Polsterh&ouml;he 25 mm<\/div><\/div>\n<\/div>\n                    <\/div>\n                <\/div>\n\t\t\t\t<\/div>\n\t\t\t<\/div><\/p>\n","protected":false},"author":1,"featured_media":0,"parent":4710,"menu_order":0,"comment_status":"closed","ping_status":"closed","template":"","meta":{"_et_pb_use_builder":"on","_et_pb_old_content":"","_et_gb_content_width":"","footnotes":""},"class_list":["post-4438","page","type-page","status-publish","hentry"],"yoast_head":"<!-- This site is optimized with the Yoast SEO plugin v27.5 - https:\/\/yoast.com\/product\/yoast-seo-wordpress\/ -->\n<title>L-BOXwood - Paul Lindner GmbH<\/title>\n<meta name=\"robots\" content=\"index, follow, max-snippet:-1, max-image-preview:large, max-video-preview:-1\" \/>\n<link rel=\"canonical\" href=\"https:\/\/paul-lindner.de\/v3\/spektrum\/l-box-produktfamilie\/l-boxwood\/\" \/>\n<meta property=\"og:locale\" content=\"de_DE\" \/>\n<meta property=\"og:type\" content=\"article\" \/>\n<meta property=\"og:title\" content=\"L-BOXwood - Paul Lindner GmbH\" \/>\n<meta property=\"og:description\" content=\"Eine \u00f6konomische und zugleich nachhaltige Verpackungsl\u00f6sungEigenschaften: Holzfaseranteil von 80 \u2013 98 % \u00e4hnliche Transportschutzeigenschaften wie herk\u00f6mmlicher PUR-Schaum CO2 Ersparnis von 70 \u2013 80 % im Vergleich zu herk\u00f6mmlichen Polyurethan-Schaum Entsorgung zu 100 % \u00fcber den Altpapierkreislauf m\u00f6glich kann f\u00fcr jede Gr\u00f6\u00dfe gefertigt und bedruckt werden mit wenigen Griffen versandfertig Verpackung mehrfach verwendbar Ausf\u00fchrungen, Gewichte und Einsatzm\u00f6glichkeiten:\" \/>\n<meta property=\"og:url\" content=\"https:\/\/paul-lindner.de\/v3\/spektrum\/l-box-produktfamilie\/l-boxwood\/\" \/>\n<meta property=\"og:site_name\" content=\"Paul Lindner GmbH\" \/>\n<meta property=\"article:modified_time\" content=\"2025-06-03T08:19:45+00:00\" \/>\n<meta name=\"twitter:card\" content=\"summary_large_image\" \/>\n<meta name=\"twitter:label1\" content=\"Gesch\u00e4tzte Lesezeit\" \/>\n\t<meta name=\"twitter:data1\" content=\"5\u00a0Minuten\" \/>\n<script type=\"application\/ld+json\" class=\"yoast-schema-graph\">{\"@context\":\"https:\\\/\\\/schema.org\",\"@graph\":[{\"@type\":\"WebPage\",\"@id\":\"https:\\\/\\\/paul-lindner.de\\\/v3\\\/spektrum\\\/l-box-produktfamilie\\\/l-boxwood\\\/\",\"url\":\"https:\\\/\\\/paul-lindner.de\\\/v3\\\/spektrum\\\/l-box-produktfamilie\\\/l-boxwood\\\/\",\"name\":\"L-BOXwood - Paul Lindner GmbH\",\"isPartOf\":{\"@id\":\"https:\\\/\\\/paul-lindner.de\\\/v3\\\/#website\"},\"datePublished\":\"2023-10-13T09:35:03+00:00\",\"dateModified\":\"2025-06-03T08:19:45+00:00\",\"breadcrumb\":{\"@id\":\"https:\\\/\\\/paul-lindner.de\\\/v3\\\/spektrum\\\/l-box-produktfamilie\\\/l-boxwood\\\/#breadcrumb\"},\"inLanguage\":\"de\",\"potentialAction\":[{\"@type\":\"ReadAction\",\"target\":[\"https:\\\/\\\/paul-lindner.de\\\/v3\\\/spektrum\\\/l-box-produktfamilie\\\/l-boxwood\\\/\"]}]},{\"@type\":\"BreadcrumbList\",\"@id\":\"https:\\\/\\\/paul-lindner.de\\\/v3\\\/spektrum\\\/l-box-produktfamilie\\\/l-boxwood\\\/#breadcrumb\",\"itemListElement\":[{\"@type\":\"ListItem\",\"position\":1,\"name\":\"Startseite\",\"item\":\"https:\\\/\\\/paul-lindner.de\\\/v3\\\/\"},{\"@type\":\"ListItem\",\"position\":2,\"name\":\"Spektrum\",\"item\":\"https:\\\/\\\/paul-lindner.de\\\/v3\\\/spektrum\\\/\"},{\"@type\":\"ListItem\",\"position\":3,\"name\":\"L-BOX Produktfamilie\",\"item\":\"https:\\\/\\\/paul-lindner.de\\\/v3\\\/spektrum\\\/l-box-produktfamilie\\\/\"},{\"@type\":\"ListItem\",\"position\":4,\"name\":\"L-BOXwood\"}]},{\"@type\":\"WebSite\",\"@id\":\"https:\\\/\\\/paul-lindner.de\\\/v3\\\/#website\",\"url\":\"https:\\\/\\\/paul-lindner.de\\\/v3\\\/\",\"name\":\"Paul Lindner GmbH\",\"description\":\"Verpackungen\",\"potentialAction\":[{\"@type\":\"SearchAction\",\"target\":{\"@type\":\"EntryPoint\",\"urlTemplate\":\"https:\\\/\\\/paul-lindner.de\\\/v3\\\/?s={search_term_string}\"},\"query-input\":{\"@type\":\"PropertyValueSpecification\",\"valueRequired\":true,\"valueName\":\"search_term_string\"}}],\"inLanguage\":\"de\"}]}<\/script>\n<!-- \/ Yoast SEO plugin. -->","yoast_head_json":{"title":"L-BOXwood - Paul Lindner GmbH","robots":{"index":"index","follow":"follow","max-snippet":"max-snippet:-1","max-image-preview":"max-image-preview:large","max-video-preview":"max-video-preview:-1"},"canonical":"https:\/\/paul-lindner.de\/v3\/spektrum\/l-box-produktfamilie\/l-boxwood\/","og_locale":"de_DE","og_type":"article","og_title":"L-BOXwood - Paul Lindner GmbH","og_description":"Eine \u00f6konomische und zugleich nachhaltige Verpackungsl\u00f6sungEigenschaften: Holzfaseranteil von 80 \u2013 98 % \u00e4hnliche Transportschutzeigenschaften wie herk\u00f6mmlicher PUR-Schaum CO2 Ersparnis von 70 \u2013 80 % im Vergleich zu herk\u00f6mmlichen Polyurethan-Schaum Entsorgung zu 100 % \u00fcber den Altpapierkreislauf m\u00f6glich kann f\u00fcr jede Gr\u00f6\u00dfe gefertigt und bedruckt werden mit wenigen Griffen versandfertig Verpackung mehrfach verwendbar Ausf\u00fchrungen, Gewichte und Einsatzm\u00f6glichkeiten:","og_url":"https:\/\/paul-lindner.de\/v3\/spektrum\/l-box-produktfamilie\/l-boxwood\/","og_site_name":"Paul Lindner GmbH","article_modified_time":"2025-06-03T08:19:45+00:00","twitter_card":"summary_large_image","twitter_misc":{"Gesch\u00e4tzte Lesezeit":"5\u00a0Minuten"},"schema":{"@context":"https:\/\/schema.org","@graph":[{"@type":"WebPage","@id":"https:\/\/paul-lindner.de\/v3\/spektrum\/l-box-produktfamilie\/l-boxwood\/","url":"https:\/\/paul-lindner.de\/v3\/spektrum\/l-box-produktfamilie\/l-boxwood\/","name":"L-BOXwood - Paul Lindner GmbH","isPartOf":{"@id":"https:\/\/paul-lindner.de\/v3\/#website"},"datePublished":"2023-10-13T09:35:03+00:00","dateModified":"2025-06-03T08:19:45+00:00","breadcrumb":{"@id":"https:\/\/paul-lindner.de\/v3\/spektrum\/l-box-produktfamilie\/l-boxwood\/#breadcrumb"},"inLanguage":"de","potentialAction":[{"@type":"ReadAction","target":["https:\/\/paul-lindner.de\/v3\/spektrum\/l-box-produktfamilie\/l-boxwood\/"]}]},{"@type":"BreadcrumbList","@id":"https:\/\/paul-lindner.de\/v3\/spektrum\/l-box-produktfamilie\/l-boxwood\/#breadcrumb","itemListElement":[{"@type":"ListItem","position":1,"name":"Startseite","item":"https:\/\/paul-lindner.de\/v3\/"},{"@type":"ListItem","position":2,"name":"Spektrum","item":"https:\/\/paul-lindner.de\/v3\/spektrum\/"},{"@type":"ListItem","position":3,"name":"L-BOX Produktfamilie","item":"https:\/\/paul-lindner.de\/v3\/spektrum\/l-box-produktfamilie\/"},{"@type":"ListItem","position":4,"name":"L-BOXwood"}]},{"@type":"WebSite","@id":"https:\/\/paul-lindner.de\/v3\/#website","url":"https:\/\/paul-lindner.de\/v3\/","name":"Paul Lindner GmbH","description":"Verpackungen","potentialAction":[{"@type":"SearchAction","target":{"@type":"EntryPoint","urlTemplate":"https:\/\/paul-lindner.de\/v3\/?s={search_term_string}"},"query-input":{"@type":"PropertyValueSpecification","valueRequired":true,"valueName":"search_term_string"}}],"inLanguage":"de"}]}},"_links":{"self":[{"href":"https:\/\/paul-lindner.de\/v3\/wp-json\/wp\/v2\/pages\/4438","targetHints":{"allow":["GET"]}}],"collection":[{"href":"https:\/\/paul-lindner.de\/v3\/wp-json\/wp\/v2\/pages"}],"about":[{"href":"https:\/\/paul-lindner.de\/v3\/wp-json\/wp\/v2\/types\/page"}],"author":[{"embeddable":true,"href":"https:\/\/paul-lindner.de\/v3\/wp-json\/wp\/v2\/users\/1"}],"replies":[{"embeddable":true,"href":"https:\/\/paul-lindner.de\/v3\/wp-json\/wp\/v2\/comments?post=4438"}],"version-history":[{"count":15,"href":"https:\/\/paul-lindner.de\/v3\/wp-json\/wp\/v2\/pages\/4438\/revisions"}],"predecessor-version":[{"id":5123,"href":"https:\/\/paul-lindner.de\/v3\/wp-json\/wp\/v2\/pages\/4438\/revisions\/5123"}],"up":[{"embeddable":true,"href":"https:\/\/paul-lindner.de\/v3\/wp-json\/wp\/v2\/pages\/4710"}],"wp:attachment":[{"href":"https:\/\/paul-lindner.de\/v3\/wp-json\/wp\/v2\/media?parent=4438"}],"curies":[{"name":"wp","href":"https:\/\/api.w.org\/{rel}","templated":true}]}}