{"id":4344,"date":"2023-10-12T10:34:35","date_gmt":"2023-10-12T08:34:35","guid":{"rendered":"https:\/\/paul-lindner.de\/v3\/?page_id=4344"},"modified":"2024-05-10T13:09:57","modified_gmt":"2024-05-10T11:09:57","slug":"schwergut-exportverpackungen","status":"publish","type":"page","link":"https:\/\/paul-lindner.de\/v3\/spektrum\/schwergut-exportverpackungen\/","title":{"rendered":"Schwergut- &#038; Exportverpackungen"},"content":{"rendered":"<p>[et_pb_section fb_built=&#8220;1&#8243; admin_label=&#8220;Header&#8220; _builder_version=&#8220;4.22.2&#8243; background_color=&#8220;RGBA(255,255,255,0)&#8220; custom_padding=&#8220;130px||0px||false|false&#8220; locked=&#8220;off&#8220; global_colors_info=&#8220;{}&#8220;][et_pb_row _builder_version=&#8220;4.22.1&#8243; custom_margin=&#8220;||||false|false&#8220; locked=&#8220;off&#8220; global_colors_info=&#8220;{}&#8220;][et_pb_column type=&#8220;4_4&#8243; _builder_version=&#8220;4.16&#8243; global_colors_info=&#8220;{}&#8220;][dsm_breadcrumbs home_icon=&#8220;&#xe074;||divi||400&#8243; separator_icon=&#8220;&#x45;||divi||400&#8243; _builder_version=&#8220;4.22.1&#8243; _module_preset=&#8220;default&#8220; home_icon_text_color=&#8220;#F07D00&#8243; global_colors_info=&#8220;{}&#8220;][\/dsm_breadcrumbs][\/et_pb_column][\/et_pb_row][\/et_pb_section][et_pb_section fb_built=&#8220;1&#8243; admin_label=&#8220;Header&#8220; _builder_version=&#8220;4.22.2&#8243; background_color=&#8220;RGBA(255,255,255,0)&#8220; overflow-x=&#8220;hidden&#8220; overflow-y=&#8220;hidden&#8220; custom_padding=&#8220;||0px|||&#8220; global_colors_info=&#8220;{}&#8220;][et_pb_row column_structure=&#8220;2_3,1_3&#8243; _builder_version=&#8220;4.22.2&#8243; background_color=&#8220;#E6E6E6&#8243; custom_padding=&#8220;||50px|50px|false|false&#8220; global_colors_info=&#8220;{}&#8220;][et_pb_column type=&#8220;2_3&#8243; _builder_version=&#8220;4.16&#8243; global_colors_info=&#8220;{}&#8220; background_color__hover=&#8220;#859195&#8243;][et_pb_text _builder_version=&#8220;4.22.2&#8243; text_font_size=&#8220;18px&#8220; text_line_height=&#8220;2em&#8220; header_font=&#8220;Unna||||||||&#8220; header_font_size=&#8220;96px&#8220; header_2_font=&#8220;|700|||||||&#8220; header_3_font=&#8220;|700|||||||&#8220; header_3_text_color=&#8220;#F07D00&#8243; header_3_font_size=&#8220;18px&#8220; text_font_size_tablet=&#8220;16px&#8220; text_font_size_phone=&#8220;15px&#8220; text_font_size_last_edited=&#8220;on|phone&#8220; header_font_tablet=&#8220;&#8220; header_font_phone=&#8220;&#8220; header_font_last_edited=&#8220;on|phone&#8220; header_font_size_tablet=&#8220;60px&#8220; header_font_size_phone=&#8220;42px&#8220; header_font_size_last_edited=&#8220;on|tablet&#8220; locked=&#8220;off&#8220; global_colors_info=&#8220;{}&#8220;]<\/p>\n<h2>Schwergut- &amp; Exportverpackungen<\/h2>\n<h3><span>Mehr als nur Schutz und Sicherheit.<\/span><\/h3>\n<p>[\/et_pb_text][et_pb_text _builder_version=&#8220;4.25.1&#8243; text_font_size=&#8220;18px&#8220; text_line_height=&#8220;2em&#8220; hover_enabled=&#8220;0&#8243; text_font_size_tablet=&#8220;16px&#8220; text_font_size_phone=&#8220;15px&#8220; text_font_size_last_edited=&#8220;on|phone&#8220; global_colors_info=&#8220;{}&#8220; sticky_enabled=&#8220;0&#8243;]<\/p>\n<p><strong>Kompakt und stabil, empfehlen wir sie ohne weiteres als vollwertigen Ersatz<br \/>f\u00fcr Holzkisten \u2013 sogar als die bessere Alternative.<\/strong><\/p>\n<p>Denn gegen\u00fcber einer schweren Holzkiste hat die Verpackung aus Wellpappe betr\u00e4chtliche Vorteile. Zum einen ist diese preisg\u00fcnstiger und erheblich leichter, zum anderen ist auch das Handling oftmals einfacher und schneller als bei herk\u00f6mmlichen Holzkisten. Bei der Lagerung platzsparend und wenn es unterwegs einmal feucht wird &#8211; unsere Faltkartons aus Schwerlastpappe sind nassfest verleimt, seefest und stehen Ihnen sage und schreibe bis zu einem Versandgewicht von 1750 kg zur Verf\u00fcgung.<\/p>\n<p>Was wollen Sie mehr?<br \/>Individuelle Verpackungen im wahrsten Sinne des Wortes:<br \/>Da sitzt alles, passt alles und hat nach oben auch noch den n\u00f6tigen Spielraum &#8211; wenn es sein muss. Egal ob es sich dabei um Stegeins\u00e4tze handelt, oder komplizierte Ausstanzungen. <br \/>Wir werden mit jedem Problem fertig.<\/p>\n<p>Auf Wunsch fertigen wir jede Sondergr\u00f6\u00dfe und in jeder Qualit\u00e4t.<\/p>\n<p>[\/et_pb_text][\/et_pb_column][et_pb_column type=&#8220;1_3&#8243; _builder_version=&#8220;4.16&#8243; global_colors_info=&#8220;{}&#8220; background_color__hover=&#8220;#859195&#8243;][et_pb_image src=&#8220;https:\/\/paul-lindner.de\/v3\/wp-content\/uploads\/2023\/10\/Export_web2.jpg&#8220; title_text=&#8220;Export_web2&#8243; _builder_version=&#8220;4.22.2&#8243; max_height_tablet=&#8220;300px&#8220; max_height_phone=&#8220;&#8220; max_height_last_edited=&#8220;on|tablet&#8220; custom_margin=&#8220;|-10vw|||false|false&#8220; custom_margin_tablet=&#8220;0px|0vw|||false|false&#8220; custom_margin_phone=&#8220;&#8220; custom_margin_last_edited=&#8220;on|tablet&#8220; box_shadow_style=&#8220;preset3&#8243; box_shadow_color=&#8220;#3C3D41&#8243; locked=&#8220;off&#8220; global_colors_info=&#8220;{}&#8220;][\/et_pb_image][\/et_pb_column][\/et_pb_row][\/et_pb_section][et_pb_section fb_built=&#8220;1&#8243; custom_padding_last_edited=&#8220;on|phone&#8220; _builder_version=&#8220;4.22.2&#8243; background_color=&#8220;#3C3D41&#8243; width=&#8220;100%&#8220; width_tablet=&#8220;&#8220; width_phone=&#8220;100%&#8220; width_last_edited=&#8220;on|phone&#8220; custom_padding=&#8220;0px||0px|0vw|false|false&#8220; custom_padding_tablet=&#8220;&#8220; custom_padding_phone=&#8220;|||0vw|false|false&#8220; global_colors_info=&#8220;{}&#8220;][et_pb_row use_custom_gutter=&#8220;on&#8220; gutter_width=&#8220;1&#8243; make_equal=&#8220;on&#8220; _builder_version=&#8220;4.22.2&#8243; background_enable_color=&#8220;off&#8220; width=&#8220;100%&#8220; width_tablet=&#8220;&#8220; width_phone=&#8220;90%&#8220; width_last_edited=&#8220;on|desktop&#8220; custom_margin=&#8220;||||false|false&#8220; custom_padding=&#8220;0px||0px||false|false&#8220; module_alignment_tablet=&#8220;&#8220; module_alignment_phone=&#8220;center&#8220; module_alignment_last_edited=&#8220;on|phone&#8220; locked=&#8220;off&#8220; global_colors_info=&#8220;{}&#8220;][et_pb_column type=&#8220;4_4&#8243; _builder_version=&#8220;4.22.2&#8243; link_option_url=&#8220;#&#8220; border_color_right=&#8220;rgba(51,51,51,0.1)&#8220; border_width_right_tablet=&#8220;0px&#8220; border_width_right_phone=&#8220;&#8220; border_width_right_last_edited=&#8220;on|tablet&#8220; global_colors_info=&#8220;{}&#8220; background__hover_enabled=&#8220;on|hover&#8220; background_color__hover=&#8220;#859195&#8243; background_enable_color__hover=&#8220;on&#8220;][dsm_image_carousel gallery_ids=&#8220;4349,4350,4351,4352,4353&#8243; sizes=&#8220;et-pb-post-main-image&#8220; space_between=&#8220;5&#8243; arrows=&#8220;off&#8220; show_lightbox=&#8220;on&#8220; _builder_version=&#8220;4.22.2&#8243; _module_preset=&#8220;default&#8220; locked=&#8220;off&#8220; global_colors_info=&#8220;{}&#8220;][\/dsm_image_carousel][\/et_pb_column][\/et_pb_row][\/et_pb_section]<\/p>\n","protected":false},"excerpt":{"rendered":"<p><div class=\"et_pb_module dsm_breadcrumbs dsm_breadcrumbs_0\">\n\t\t\t\t\n\t\t\t\t\n\t\t\t\t\n\t\t\t\t\n\t\t\t\t\n\t\t\t\t\n\t\t\t\t<div class=\"et_pb_module_inner\">\n\t\t\t\t\t<nav class=\"dsm_breadcrumbs_wrap\">\n\t\t\t\t<ul class=\"dsm_breadcrumbs\" itemscope itemtype=\"https:\/\/schema.org\/BreadcrumbList\">\t\t\t<li class=\"dsm_breadcrumbs_item dsm_home_item dsm_home_item_custom\" itemprop=\"itemListElement\" itemscope\n\t\t\titemtype=\"https:\/\/schema.org\/ListItem\">\n\t\t\t\t<a href=\"https:\/\/paul-lindner.de\/v3\" itemprop=\"item\" target=\"\">\n\t\t\t\t\t<span class='dsm_home_text_wrapper'>\n\t\t\t\t\t\t\t\t\t\t\t\t\t<span class=\"et-pb-icon dsm_home_icon\">&#xe074;<\/span>\n\t\t\t\t\t\t\t\t\t\t\t\t\t<span class=\"dsm_home_text\" itemprop=\"name\">\n\t\t\t\t\t\t\t\tHome\t\t\t\t\t\t\t<\/span>\n\t\t\t\t\t<\/span>\n\t\t\t\t<\/a>\n\t\t\t\t<meta itemprop=\"position\" content=\"1\" \/>\n\t\t\t<\/li>\n\n\t\t<li class=\"dsm_breadcrumbs_separator\"> <span class=\"et-pb-icon dsm_separator_icon\">&#x45;<\/span><\/li><\/ul>\n\t\t\t<\/nav>\n\t\t\t\t<\/div>\n\t\t\t<\/div>Schwergut- &amp; Exportverpackungen Mehr als nur Schutz und Sicherheit.Kompakt und stabil, empfehlen wir sie ohne weiteres als vollwertigen Ersatzf\u00fcr Holzkisten \u2013 sogar als die bessere Alternative. Denn gegen\u00fcber einer schweren Holzkiste hat die Verpackung aus Wellpappe betr\u00e4chtliche Vorteile. Zum einen ist diese preisg\u00fcnstiger und erheblich leichter, zum anderen ist auch das Handling oftmals einfacher und schneller als bei herk\u00f6mmlichen Holzkisten. Bei der Lagerung platzsparend und wenn es unterwegs einmal feucht wird &#8211; unsere Faltkartons aus Schwerlastpappe sind nassfest verleimt, seefest und stehen Ihnen sage und schreibe bis zu einem Versandgewicht von 1750 kg zur Verf\u00fcgung. Was wollen Sie mehr?Individuelle Verpackungen im wahrsten Sinne des Wortes:Da sitzt alles, passt alles und hat nach oben auch noch den n\u00f6tigen Spielraum &#8211; wenn es sein muss. Egal ob es sich dabei um Stegeins\u00e4tze handelt, oder komplizierte Ausstanzungen. Wir werden mit jedem Problem fertig. Auf Wunsch fertigen wir jede Sondergr\u00f6\u00dfe und in jeder Qualit\u00e4t.<div class=\"et_pb_module dsm_image_carousel dsm_image_carousel_0 dsm_image_carousel_arrow_outside dsm_image_carousel_arrow_mobile_inside \">\n\t\t\t\t\n\t\t\t\t\n\t\t\t\t\n\t\t\t\t\n\t\t\t\t\n\t\t\t\t\n\t\t\t\t<div class=\"et_pb_module_inner\">\n\t\t\t\t\t<div class=\"swiper-container dsm_image_carousel_container  dsm_image_carousel_carousel\" dir=\"ltr\"data-effect=\"default\"\n\t\t\tdata-slider-effect-shadows=\"false\"\n\t\t\tdata-slider-effect-coverflow-rotate=\"30\"\n\t\t\tdata-slider-effect-coverflow-depth=\"0\"\n\t\t\tdata-loop=\"true\"\n\t\t\tdata-slide-to-show=\"4\"\n\t\t\tdata-slide-to-show-tablet=\"1\"\n\t\t\tdata-slide-to-show-phone=\"1\"\n\t\t\tdata-slide-to-scroll=\"1\"\n\t\t\tdata-slide-to-scroll-tablet=\"1\"\n\t\t\tdata-slide-to-scroll-phone=\"1\"\n\t\t\tdata-space-between=\"5\"\n\t\t\tdata-space-between-tablet=\"5\"\n\t\t\tdata-space-between-phone=\"5\"\n\t\t\tdata-slide-row=\"1\"\n\t\t\tdata-centered-slides=\"false\"\n\t\t\tdata-speed=\"300\"\n\t\t\tdata-autoplay=\"true\"\n\t\t\tdata-autoplay-speed=\"3000\"\n\t\t\tdata-touch-move=\"true\"\n\t\t\tdata-grab=\"true\"\n\t\t\tdata-pause-on-hover=\"false\"\n\t\t\tdata-show-lightbox=\"true\"\n\t\t\tdata-lightbox-gallery=\"false\"\n\t\t\tdata-lightbox-caption=\"false\"\n\t\t\tdata-infinite-scrolling=\"false\"\n\t\t\tdata-slide-row-tablet=\"1\"\n\t\t\tdata-slide-row-phone=\"1\"\n\t\t\tdata-autoplay-viewport=80%\n\t\t\tdata-mousewheel=\"false\"\n\t\t\tdata-lazyload=\"false\"\n\t\t\tdata-type=\"carousel\"\n\t\t\tdata-slideshow-effect=\"default\"\n\t\t\tdata-slideshow-to-show=\"4\"\n\t\t\tdata-slideshow-to-show-tablet=\"4\"\n\t\t\tdata-slideshow-to-show-phone=\"\"\n\t\t\tdata-slider-orientation=\"horizontal\"\n\t\t\t\t\t\tdata-lightbox-title=\"false\"\n\n\t\t\t><div class=\"swiper-wrapper\"><div class=\"swiper-slide dsm_image_carousel_item\"><a class=\"dsm_image_carousel_lightbox\" href=\"https:\/\/paul-lindner.de\/v3\/wp-content\/uploads\/2023\/10\/transportverpackungen-2-1030x867-1-400x250.jpg\" data-mfp-src=\"https:\/\/paul-lindner.de\/v3\/wp-content\/uploads\/2023\/10\/transportverpackungen-2-1030x867-1.jpg\"><img loading=\"lazy\" decoding=\"async\" src=\"https:\/\/paul-lindner.de\/v3\/wp-content\/uploads\/2023\/10\/transportverpackungen-2-1030x867-1-400x250.jpg\" alt=\"\" title=\"\" width=\"400\" height=\"250\" data-dsm-image-description=\"\" class=\" skip-lazy\" \/><\/a><\/div><div class=\"swiper-slide dsm_image_carousel_item\"><a class=\"dsm_image_carousel_lightbox\" href=\"https:\/\/paul-lindner.de\/v3\/wp-content\/uploads\/2023\/10\/transportverpackungen-3-1019x1030-1-400x250.jpg\" data-mfp-src=\"https:\/\/paul-lindner.de\/v3\/wp-content\/uploads\/2023\/10\/transportverpackungen-3-1019x1030-1.jpg\"><img loading=\"lazy\" decoding=\"async\" src=\"https:\/\/paul-lindner.de\/v3\/wp-content\/uploads\/2023\/10\/transportverpackungen-3-1019x1030-1-400x250.jpg\" alt=\"\" title=\"\" width=\"400\" height=\"250\" data-dsm-image-description=\"\" class=\" skip-lazy\" \/><\/a><\/div><div class=\"swiper-slide dsm_image_carousel_item\"><a class=\"dsm_image_carousel_lightbox\" href=\"https:\/\/paul-lindner.de\/v3\/wp-content\/uploads\/2023\/10\/transportverpackungen-4-1030x543-1-400x250.jpg\" data-mfp-src=\"https:\/\/paul-lindner.de\/v3\/wp-content\/uploads\/2023\/10\/transportverpackungen-4-1030x543-1.jpg\"><img loading=\"lazy\" decoding=\"async\" src=\"https:\/\/paul-lindner.de\/v3\/wp-content\/uploads\/2023\/10\/transportverpackungen-4-1030x543-1-400x250.jpg\" alt=\"\" title=\"\" width=\"400\" height=\"250\" data-dsm-image-description=\"\" class=\" skip-lazy\" \/><\/a><\/div><div class=\"swiper-slide dsm_image_carousel_item\"><a class=\"dsm_image_carousel_lightbox\" href=\"https:\/\/paul-lindner.de\/v3\/wp-content\/uploads\/2023\/10\/transportverpackungen-5-784x1030-1-400x250.jpg\" data-mfp-src=\"https:\/\/paul-lindner.de\/v3\/wp-content\/uploads\/2023\/10\/transportverpackungen-5-784x1030-1.jpg\"><img loading=\"lazy\" decoding=\"async\" src=\"https:\/\/paul-lindner.de\/v3\/wp-content\/uploads\/2023\/10\/transportverpackungen-5-784x1030-1-400x250.jpg\" alt=\"\" title=\"\" width=\"400\" height=\"250\" data-dsm-image-description=\"\" class=\" skip-lazy\" \/><\/a><\/div><div class=\"swiper-slide dsm_image_carousel_item\"><a class=\"dsm_image_carousel_lightbox\" href=\"https:\/\/paul-lindner.de\/v3\/wp-content\/uploads\/2023\/10\/20180822_1454060-1030x1030-1-400x250.jpg\" data-mfp-src=\"https:\/\/paul-lindner.de\/v3\/wp-content\/uploads\/2023\/10\/20180822_1454060-1030x1030-1.jpg\"><img loading=\"lazy\" decoding=\"async\" src=\"https:\/\/paul-lindner.de\/v3\/wp-content\/uploads\/2023\/10\/20180822_1454060-1030x1030-1-400x250.jpg\" alt=\"\" title=\"\" width=\"400\" height=\"250\" data-dsm-image-description=\"\" class=\" skip-lazy\" \/><\/a><\/div><\/div><\/div><div class=\"swiper-pagination\"><\/div>\n\t\t\t\t<\/div>\n\t\t\t<\/div><\/p>\n","protected":false},"author":1,"featured_media":0,"parent":4141,"menu_order":0,"comment_status":"closed","ping_status":"closed","template":"","meta":{"_et_pb_use_builder":"on","_et_pb_old_content":"","_et_gb_content_width":"","footnotes":""},"class_list":["post-4344","page","type-page","status-publish","hentry"],"yoast_head":"<!-- This site is optimized with the Yoast SEO plugin v27.5 - https:\/\/yoast.com\/product\/yoast-seo-wordpress\/ -->\n<title>Schwergut- &amp; Exportverpackungen - Paul Lindner GmbH<\/title>\n<meta name=\"robots\" content=\"index, follow, max-snippet:-1, max-image-preview:large, max-video-preview:-1\" \/>\n<link rel=\"canonical\" href=\"https:\/\/paul-lindner.de\/v3\/spektrum\/schwergut-exportverpackungen\/\" \/>\n<meta property=\"og:locale\" content=\"de_DE\" \/>\n<meta property=\"og:type\" content=\"article\" \/>\n<meta property=\"og:title\" content=\"Schwergut- &amp; Exportverpackungen - Paul Lindner GmbH\" \/>\n<meta property=\"og:description\" content=\"Schwergut- &amp; Exportverpackungen Mehr als nur Schutz und Sicherheit.Kompakt und stabil, empfehlen wir sie ohne weiteres als vollwertigen Ersatzf\u00fcr Holzkisten \u2013 sogar als die bessere Alternative. Denn gegen\u00fcber einer schweren Holzkiste hat die Verpackung aus Wellpappe betr\u00e4chtliche Vorteile. Zum einen ist diese preisg\u00fcnstiger und erheblich leichter, zum anderen ist auch das Handling oftmals einfacher und schneller als bei herk\u00f6mmlichen Holzkisten. Bei der Lagerung platzsparend und wenn es unterwegs einmal feucht wird - unsere Faltkartons aus Schwerlastpappe sind nassfest verleimt, seefest und stehen Ihnen sage und schreibe bis zu einem Versandgewicht von 1750 kg zur Verf\u00fcgung. Was wollen Sie mehr?Individuelle Verpackungen im wahrsten Sinne des Wortes:Da sitzt alles, passt alles und hat nach oben auch noch den n\u00f6tigen Spielraum - wenn es sein muss. Egal ob es sich dabei um Stegeins\u00e4tze handelt, oder komplizierte Ausstanzungen. Wir werden mit jedem Problem fertig. Auf Wunsch fertigen wir jede Sondergr\u00f6\u00dfe und in jeder Qualit\u00e4t.\" \/>\n<meta property=\"og:url\" content=\"https:\/\/paul-lindner.de\/v3\/spektrum\/schwergut-exportverpackungen\/\" \/>\n<meta property=\"og:site_name\" content=\"Paul Lindner GmbH\" \/>\n<meta property=\"article:modified_time\" content=\"2024-05-10T11:09:57+00:00\" \/>\n<meta name=\"twitter:card\" content=\"summary_large_image\" \/>\n<meta name=\"twitter:label1\" content=\"Gesch\u00e4tzte Lesezeit\" \/>\n\t<meta name=\"twitter:data1\" content=\"4\u00a0Minuten\" \/>\n<script type=\"application\/ld+json\" class=\"yoast-schema-graph\">{\"@context\":\"https:\\\/\\\/schema.org\",\"@graph\":[{\"@type\":\"WebPage\",\"@id\":\"https:\\\/\\\/paul-lindner.de\\\/v3\\\/spektrum\\\/schwergut-exportverpackungen\\\/\",\"url\":\"https:\\\/\\\/paul-lindner.de\\\/v3\\\/spektrum\\\/schwergut-exportverpackungen\\\/\",\"name\":\"Schwergut- & Exportverpackungen - Paul Lindner GmbH\",\"isPartOf\":{\"@id\":\"https:\\\/\\\/paul-lindner.de\\\/v3\\\/#website\"},\"datePublished\":\"2023-10-12T08:34:35+00:00\",\"dateModified\":\"2024-05-10T11:09:57+00:00\",\"breadcrumb\":{\"@id\":\"https:\\\/\\\/paul-lindner.de\\\/v3\\\/spektrum\\\/schwergut-exportverpackungen\\\/#breadcrumb\"},\"inLanguage\":\"de\",\"potentialAction\":[{\"@type\":\"ReadAction\",\"target\":[\"https:\\\/\\\/paul-lindner.de\\\/v3\\\/spektrum\\\/schwergut-exportverpackungen\\\/\"]}]},{\"@type\":\"BreadcrumbList\",\"@id\":\"https:\\\/\\\/paul-lindner.de\\\/v3\\\/spektrum\\\/schwergut-exportverpackungen\\\/#breadcrumb\",\"itemListElement\":[{\"@type\":\"ListItem\",\"position\":1,\"name\":\"Startseite\",\"item\":\"https:\\\/\\\/paul-lindner.de\\\/v3\\\/\"},{\"@type\":\"ListItem\",\"position\":2,\"name\":\"Spektrum\",\"item\":\"https:\\\/\\\/paul-lindner.de\\\/v3\\\/spektrum\\\/\"},{\"@type\":\"ListItem\",\"position\":3,\"name\":\"Schwergut- &#038; Exportverpackungen\"}]},{\"@type\":\"WebSite\",\"@id\":\"https:\\\/\\\/paul-lindner.de\\\/v3\\\/#website\",\"url\":\"https:\\\/\\\/paul-lindner.de\\\/v3\\\/\",\"name\":\"Paul Lindner GmbH\",\"description\":\"Verpackungen\",\"potentialAction\":[{\"@type\":\"SearchAction\",\"target\":{\"@type\":\"EntryPoint\",\"urlTemplate\":\"https:\\\/\\\/paul-lindner.de\\\/v3\\\/?s={search_term_string}\"},\"query-input\":{\"@type\":\"PropertyValueSpecification\",\"valueRequired\":true,\"valueName\":\"search_term_string\"}}],\"inLanguage\":\"de\"}]}<\/script>\n<!-- \/ Yoast SEO plugin. -->","yoast_head_json":{"title":"Schwergut- & Exportverpackungen - Paul Lindner GmbH","robots":{"index":"index","follow":"follow","max-snippet":"max-snippet:-1","max-image-preview":"max-image-preview:large","max-video-preview":"max-video-preview:-1"},"canonical":"https:\/\/paul-lindner.de\/v3\/spektrum\/schwergut-exportverpackungen\/","og_locale":"de_DE","og_type":"article","og_title":"Schwergut- & Exportverpackungen - Paul Lindner GmbH","og_description":"Schwergut- &amp; Exportverpackungen Mehr als nur Schutz und Sicherheit.Kompakt und stabil, empfehlen wir sie ohne weiteres als vollwertigen Ersatzf\u00fcr Holzkisten \u2013 sogar als die bessere Alternative. Denn gegen\u00fcber einer schweren Holzkiste hat die Verpackung aus Wellpappe betr\u00e4chtliche Vorteile. Zum einen ist diese preisg\u00fcnstiger und erheblich leichter, zum anderen ist auch das Handling oftmals einfacher und schneller als bei herk\u00f6mmlichen Holzkisten. Bei der Lagerung platzsparend und wenn es unterwegs einmal feucht wird - unsere Faltkartons aus Schwerlastpappe sind nassfest verleimt, seefest und stehen Ihnen sage und schreibe bis zu einem Versandgewicht von 1750 kg zur Verf\u00fcgung. Was wollen Sie mehr?Individuelle Verpackungen im wahrsten Sinne des Wortes:Da sitzt alles, passt alles und hat nach oben auch noch den n\u00f6tigen Spielraum - wenn es sein muss. Egal ob es sich dabei um Stegeins\u00e4tze handelt, oder komplizierte Ausstanzungen. Wir werden mit jedem Problem fertig. Auf Wunsch fertigen wir jede Sondergr\u00f6\u00dfe und in jeder Qualit\u00e4t.","og_url":"https:\/\/paul-lindner.de\/v3\/spektrum\/schwergut-exportverpackungen\/","og_site_name":"Paul Lindner GmbH","article_modified_time":"2024-05-10T11:09:57+00:00","twitter_card":"summary_large_image","twitter_misc":{"Gesch\u00e4tzte Lesezeit":"4\u00a0Minuten"},"schema":{"@context":"https:\/\/schema.org","@graph":[{"@type":"WebPage","@id":"https:\/\/paul-lindner.de\/v3\/spektrum\/schwergut-exportverpackungen\/","url":"https:\/\/paul-lindner.de\/v3\/spektrum\/schwergut-exportverpackungen\/","name":"Schwergut- & Exportverpackungen - Paul Lindner GmbH","isPartOf":{"@id":"https:\/\/paul-lindner.de\/v3\/#website"},"datePublished":"2023-10-12T08:34:35+00:00","dateModified":"2024-05-10T11:09:57+00:00","breadcrumb":{"@id":"https:\/\/paul-lindner.de\/v3\/spektrum\/schwergut-exportverpackungen\/#breadcrumb"},"inLanguage":"de","potentialAction":[{"@type":"ReadAction","target":["https:\/\/paul-lindner.de\/v3\/spektrum\/schwergut-exportverpackungen\/"]}]},{"@type":"BreadcrumbList","@id":"https:\/\/paul-lindner.de\/v3\/spektrum\/schwergut-exportverpackungen\/#breadcrumb","itemListElement":[{"@type":"ListItem","position":1,"name":"Startseite","item":"https:\/\/paul-lindner.de\/v3\/"},{"@type":"ListItem","position":2,"name":"Spektrum","item":"https:\/\/paul-lindner.de\/v3\/spektrum\/"},{"@type":"ListItem","position":3,"name":"Schwergut- &#038; Exportverpackungen"}]},{"@type":"WebSite","@id":"https:\/\/paul-lindner.de\/v3\/#website","url":"https:\/\/paul-lindner.de\/v3\/","name":"Paul Lindner GmbH","description":"Verpackungen","potentialAction":[{"@type":"SearchAction","target":{"@type":"EntryPoint","urlTemplate":"https:\/\/paul-lindner.de\/v3\/?s={search_term_string}"},"query-input":{"@type":"PropertyValueSpecification","valueRequired":true,"valueName":"search_term_string"}}],"inLanguage":"de"}]}},"_links":{"self":[{"href":"https:\/\/paul-lindner.de\/v3\/wp-json\/wp\/v2\/pages\/4344","targetHints":{"allow":["GET"]}}],"collection":[{"href":"https:\/\/paul-lindner.de\/v3\/wp-json\/wp\/v2\/pages"}],"about":[{"href":"https:\/\/paul-lindner.de\/v3\/wp-json\/wp\/v2\/types\/page"}],"author":[{"embeddable":true,"href":"https:\/\/paul-lindner.de\/v3\/wp-json\/wp\/v2\/users\/1"}],"replies":[{"embeddable":true,"href":"https:\/\/paul-lindner.de\/v3\/wp-json\/wp\/v2\/comments?post=4344"}],"version-history":[{"count":5,"href":"https:\/\/paul-lindner.de\/v3\/wp-json\/wp\/v2\/pages\/4344\/revisions"}],"predecessor-version":[{"id":4787,"href":"https:\/\/paul-lindner.de\/v3\/wp-json\/wp\/v2\/pages\/4344\/revisions\/4787"}],"up":[{"embeddable":true,"href":"https:\/\/paul-lindner.de\/v3\/wp-json\/wp\/v2\/pages\/4141"}],"wp:attachment":[{"href":"https:\/\/paul-lindner.de\/v3\/wp-json\/wp\/v2\/media?parent=4344"}],"curies":[{"name":"wp","href":"https:\/\/api.w.org\/{rel}","templated":true}]}}