{"id":4283,"date":"2023-10-06T10:48:22","date_gmt":"2023-10-06T08:48:22","guid":{"rendered":"https:\/\/paul-lindner.de\/v3\/?page_id=4283"},"modified":"2023-10-19T11:19:57","modified_gmt":"2023-10-19T09:19:57","slug":"verpackungen-aus-graspapier","status":"publish","type":"page","link":"https:\/\/paul-lindner.de\/v3\/spektrum\/verpackungen-aus-graspapier\/","title":{"rendered":"Verpackungen aus Graspapier"},"content":{"rendered":"<p>[et_pb_section fb_built=&#8220;1&#8243; admin_label=&#8220;Header&#8220; _builder_version=&#8220;4.22.2&#8243; background_color=&#8220;RGBA(255,255,255,0)&#8220; custom_padding=&#8220;130px||0px||false|false&#8220; locked=&#8220;off&#8220; global_colors_info=&#8220;{}&#8220;][et_pb_row _builder_version=&#8220;4.22.1&#8243; custom_margin=&#8220;||||false|false&#8220; locked=&#8220;off&#8220; global_colors_info=&#8220;{}&#8220;][et_pb_column type=&#8220;4_4&#8243; _builder_version=&#8220;4.16&#8243; global_colors_info=&#8220;{}&#8220;][dsm_breadcrumbs home_icon=&#8220;&#xe074;||divi||400&#8243; separator_icon=&#8220;&#x45;||divi||400&#8243; _builder_version=&#8220;4.22.1&#8243; _module_preset=&#8220;default&#8220; home_icon_text_color=&#8220;#F07D00&#8243; global_colors_info=&#8220;{}&#8220;][\/dsm_breadcrumbs][\/et_pb_column][\/et_pb_row][\/et_pb_section][et_pb_section fb_built=&#8220;1&#8243; admin_label=&#8220;Header&#8220; _builder_version=&#8220;4.22.2&#8243; background_color=&#8220;RGBA(255,255,255,0)&#8220; overflow-x=&#8220;hidden&#8220; overflow-y=&#8220;hidden&#8220; custom_padding=&#8220;||0px|||&#8220; global_colors_info=&#8220;{}&#8220;][et_pb_row column_structure=&#8220;2_3,1_3&#8243; _builder_version=&#8220;4.22.2&#8243; background_color=&#8220;#E6E6E6&#8243; custom_margin=&#8220;||||false|false&#8220; custom_padding=&#8220;||40px|50px|false|false&#8220; global_colors_info=&#8220;{}&#8220;][et_pb_column type=&#8220;2_3&#8243; _builder_version=&#8220;4.16&#8243; global_colors_info=&#8220;{}&#8220; background_color__hover=&#8220;#859195&#8243;][et_pb_text _builder_version=&#8220;4.22.2&#8243; text_font_size=&#8220;18px&#8220; text_line_height=&#8220;2em&#8220; header_font=&#8220;Unna||||||||&#8220; header_font_size=&#8220;96px&#8220; header_2_font=&#8220;|700|||||||&#8220; header_3_font=&#8220;|700|||||||&#8220; header_3_text_color=&#8220;#F07D00&#8243; header_3_font_size=&#8220;18px&#8220; text_font_size_tablet=&#8220;16px&#8220; text_font_size_phone=&#8220;15px&#8220; text_font_size_last_edited=&#8220;on|phone&#8220; header_font_tablet=&#8220;&#8220; header_font_phone=&#8220;&#8220; header_font_last_edited=&#8220;on|phone&#8220; header_font_size_tablet=&#8220;60px&#8220; header_font_size_phone=&#8220;42px&#8220; header_font_size_last_edited=&#8220;on|tablet&#8220; locked=&#8220;off&#8220; global_colors_info=&#8220;{}&#8220;]<\/p>\n<h2>Graspapier<\/h2>\n<h3><span>Eine echte Alternative zu Holz.<\/span><\/h3>\n<p>[\/et_pb_text][et_pb_text _builder_version=&#8220;4.22.2&#8243; text_font_size=&#8220;18px&#8220; text_line_height=&#8220;2em&#8220; text_font_size_tablet=&#8220;16px&#8220; text_font_size_phone=&#8220;15px&#8220; text_font_size_last_edited=&#8220;on|phone&#8220; global_colors_info=&#8220;{}&#8220;]<\/p>\n<p>Die Papierindustrie kennt heute zwei Rohstoffe: Frischfasern (also B\u00e4ume) und Recyclingpapier (das waren auch mal B\u00e4ume, werden aber \u201emehrfach\u201c genutzt).<\/p>\n<p>Graspapier bietet heute eine Alternative zu Holz. Gras w\u00e4chst schnell nach, richtig schnell \u2013 vor allem im Vergleich zu einem Baum.<\/p>\n<p>Und anders als beim Baum bleibt das Gras als Pflanze nach dem M\u00e4hen erhalten und w\u00e4chst weiter. Das ist ein wenig wie beim Haare schneiden\u2026<\/p>\n<p>Als Graspapier bezeichnet man ein zellstoffbasiertes Produkt, bei dem \u2013 neben Frischfaser aus Holz oder Altpapier \u2013 ein signifikanter Anteil aus Grasfasern besteht (mindestens 30%). Graspapier ist recyclingf\u00e4hig und kompostierbar und verf\u00fcgt \u00fcber alle Zertifikate und Zulassungen f\u00fcr den umfangreichen Einsatz in der Papier- und Verpackungsindustrie.<\/p>\n<p>Verf\u00fcgbar sind aktuell die Wellenarten E, B und BC. Je Welle gibt es eine Zusammensetzung. Es k\u00f6nnen aus Graspapier die selben Verpackungsl\u00f6sungen hergestellt werden wie aus herk\u00f6mmlicher Wellpappe.<\/p>\n<p>Wir bieten Ihnen gerne auf Wunsch Ihre Verpackung in Graspapier an.<\/p>\n<p>&nbsp;<\/p>\n<p>[\/et_pb_text][\/et_pb_column][et_pb_column type=&#8220;1_3&#8243; _builder_version=&#8220;4.16&#8243; global_colors_info=&#8220;{}&#8220; background_color__hover=&#8220;#859195&#8243;][et_pb_image src=&#8220;https:\/\/paul-lindner.de\/v3\/wp-content\/uploads\/2023\/10\/verpackungen-aus-graspapier-1.png&#8220; title_text=&#8220;verpackungen-aus-graspapier-1&#8243; _builder_version=&#8220;4.22.2&#8243; max_height_tablet=&#8220;300px&#8220; max_height_phone=&#8220;&#8220; max_height_last_edited=&#8220;on|tablet&#8220; custom_margin=&#8220;-50px|-10vw|||false|false&#8220; custom_margin_tablet=&#8220;0px|0vw|||false|false&#8220; custom_margin_phone=&#8220;&#8220; custom_margin_last_edited=&#8220;on|tablet&#8220; hover_enabled=&#8220;0&#8243; locked=&#8220;off&#8220; global_colors_info=&#8220;{}&#8220; box_shadow_style=&#8220;preset3&#8243; box_shadow_color=&#8220;#3C3D41&#8243; sticky_enabled=&#8220;0&#8243;][\/et_pb_image][et_pb_image src=&#8220;https:\/\/paul-lindner.de\/v3\/wp-content\/uploads\/2023\/09\/pdf_icon3.svg&#8220; title_text=&#8220;pdf_icon3&#8243; url=&#8220;https:\/\/paul-lindner.de\/v3\/wp-content\/uploads\/2023\/10\/paul-lindner_de-verpackungen-aus-graspapier.pdf&#8220; url_new_window=&#8220;on&#8220; _builder_version=&#8220;4.22.2&#8243; _module_preset=&#8220;default&#8220; width=&#8220;60px&#8220; global_colors_info=&#8220;{}&#8220;][\/et_pb_image][\/et_pb_column][\/et_pb_row][\/et_pb_section][et_pb_section fb_built=&#8220;1&#8243; custom_padding_last_edited=&#8220;on|phone&#8220; _builder_version=&#8220;4.22.2&#8243; background_color=&#8220;#3C3D41&#8243; width=&#8220;100%&#8220; width_tablet=&#8220;&#8220; width_phone=&#8220;100%&#8220; width_last_edited=&#8220;on|phone&#8220; custom_padding=&#8220;0px||0px|0vw|false|false&#8220; custom_padding_tablet=&#8220;&#8220; custom_padding_phone=&#8220;|||0vw|false|false&#8220; locked=&#8220;off&#8220; global_colors_info=&#8220;{}&#8220;][et_pb_row use_custom_gutter=&#8220;on&#8220; gutter_width=&#8220;1&#8243; make_equal=&#8220;on&#8220; _builder_version=&#8220;4.22.2&#8243; background_enable_color=&#8220;off&#8220; width=&#8220;100%&#8220; width_tablet=&#8220;&#8220; width_phone=&#8220;90%&#8220; width_last_edited=&#8220;on|desktop&#8220; custom_margin=&#8220;||||false|false&#8220; custom_padding=&#8220;0px||0px||false|false&#8220; module_alignment_tablet=&#8220;&#8220; module_alignment_phone=&#8220;center&#8220; module_alignment_last_edited=&#8220;on|phone&#8220; locked=&#8220;off&#8220; global_colors_info=&#8220;{}&#8220;][et_pb_column type=&#8220;4_4&#8243; _builder_version=&#8220;4.22.2&#8243; link_option_url=&#8220;#&#8220; border_color_right=&#8220;rgba(51,51,51,0.1)&#8220; border_width_right_tablet=&#8220;0px&#8220; border_width_right_phone=&#8220;&#8220; border_width_right_last_edited=&#8220;on|tablet&#8220; global_colors_info=&#8220;{}&#8220; background__hover_enabled=&#8220;on|hover&#8220; background_color__hover=&#8220;#859195&#8243; background_enable_color__hover=&#8220;on&#8220;][dsm_image_carousel gallery_ids=&#8220;4290,4291,4297,4298&#8243; sizes=&#8220;et-pb-post-main-image&#8220; space_between=&#8220;5&#8243; arrows=&#8220;off&#8220; show_lightbox=&#8220;on&#8220; _builder_version=&#8220;4.22.2&#8243; _module_preset=&#8220;default&#8220; locked=&#8220;off&#8220; global_colors_info=&#8220;{}&#8220;][\/dsm_image_carousel][\/et_pb_column][\/et_pb_row][\/et_pb_section]<\/p>\n","protected":false},"excerpt":{"rendered":"<p><div class=\"et_pb_module dsm_breadcrumbs dsm_breadcrumbs_0\">\n\t\t\t\t\n\t\t\t\t\n\t\t\t\t\n\t\t\t\t\n\t\t\t\t\n\t\t\t\t\n\t\t\t\t<div class=\"et_pb_module_inner\">\n\t\t\t\t\t<nav class=\"dsm_breadcrumbs_wrap\">\n\t\t\t\t<ul class=\"dsm_breadcrumbs\" itemscope itemtype=\"https:\/\/schema.org\/BreadcrumbList\">\t\t\t<li class=\"dsm_breadcrumbs_item dsm_home_item dsm_home_item_custom\" itemprop=\"itemListElement\" itemscope\n\t\t\titemtype=\"https:\/\/schema.org\/ListItem\">\n\t\t\t\t<a href=\"https:\/\/paul-lindner.de\/v3\" itemprop=\"item\" target=\"\">\n\t\t\t\t\t<span class='dsm_home_text_wrapper'>\n\t\t\t\t\t\t\t\t\t\t\t\t\t<span class=\"et-pb-icon dsm_home_icon\">&#xe074;<\/span>\n\t\t\t\t\t\t\t\t\t\t\t\t\t<span class=\"dsm_home_text\" itemprop=\"name\">\n\t\t\t\t\t\t\t\tHome\t\t\t\t\t\t\t<\/span>\n\t\t\t\t\t<\/span>\n\t\t\t\t<\/a>\n\t\t\t\t<meta itemprop=\"position\" content=\"1\" \/>\n\t\t\t<\/li>\n\n\t\t<li class=\"dsm_breadcrumbs_separator\"> <span class=\"et-pb-icon dsm_separator_icon\">&#x45;<\/span><\/li><\/ul>\n\t\t\t<\/nav>\n\t\t\t\t<\/div>\n\t\t\t<\/div>Graspapier Eine echte Alternative zu Holz.Die Papierindustrie kennt heute zwei Rohstoffe: Frischfasern (also B\u00e4ume) und Recyclingpapier (das waren auch mal B\u00e4ume, werden aber \u201emehrfach\u201c genutzt). Graspapier bietet heute eine Alternative zu Holz. Gras w\u00e4chst schnell nach, richtig schnell \u2013 vor allem im Vergleich zu einem Baum. Und anders als beim Baum bleibt das Gras als Pflanze nach dem M\u00e4hen erhalten und w\u00e4chst weiter. Das ist ein wenig wie beim Haare schneiden\u2026 Als Graspapier bezeichnet man ein zellstoffbasiertes Produkt, bei dem \u2013 neben Frischfaser aus Holz oder Altpapier \u2013 ein signifikanter Anteil aus Grasfasern besteht (mindestens 30%). Graspapier ist recyclingf\u00e4hig und kompostierbar und verf\u00fcgt \u00fcber alle Zertifikate und Zulassungen f\u00fcr den umfangreichen Einsatz in der Papier- und Verpackungsindustrie. Verf\u00fcgbar sind aktuell die Wellenarten E, B und BC. Je Welle gibt es eine Zusammensetzung. Es k\u00f6nnen aus Graspapier die selben Verpackungsl\u00f6sungen hergestellt werden wie aus herk\u00f6mmlicher Wellpappe. Wir bieten Ihnen gerne auf Wunsch Ihre Verpackung in Graspapier an. &nbsp;<div class=\"et_pb_module dsm_image_carousel dsm_image_carousel_0 dsm_image_carousel_arrow_outside dsm_image_carousel_arrow_mobile_inside \">\n\t\t\t\t\n\t\t\t\t\n\t\t\t\t\n\t\t\t\t\n\t\t\t\t\n\t\t\t\t\n\t\t\t\t<div class=\"et_pb_module_inner\">\n\t\t\t\t\t<div class=\"swiper-container dsm_image_carousel_container  dsm_image_carousel_carousel\" dir=\"ltr\"data-effect=\"default\"\n\t\t\tdata-slider-effect-shadows=\"false\"\n\t\t\tdata-slider-effect-coverflow-rotate=\"30\"\n\t\t\tdata-slider-effect-coverflow-depth=\"0\"\n\t\t\tdata-loop=\"true\"\n\t\t\tdata-slide-to-show=\"4\"\n\t\t\tdata-slide-to-show-tablet=\"1\"\n\t\t\tdata-slide-to-show-phone=\"1\"\n\t\t\tdata-slide-to-scroll=\"1\"\n\t\t\tdata-slide-to-scroll-tablet=\"1\"\n\t\t\tdata-slide-to-scroll-phone=\"1\"\n\t\t\tdata-space-between=\"5\"\n\t\t\tdata-space-between-tablet=\"5\"\n\t\t\tdata-space-between-phone=\"5\"\n\t\t\tdata-slide-row=\"1\"\n\t\t\tdata-centered-slides=\"false\"\n\t\t\tdata-speed=\"300\"\n\t\t\tdata-autoplay=\"true\"\n\t\t\tdata-autoplay-speed=\"3000\"\n\t\t\tdata-touch-move=\"true\"\n\t\t\tdata-grab=\"true\"\n\t\t\tdata-pause-on-hover=\"false\"\n\t\t\tdata-show-lightbox=\"true\"\n\t\t\tdata-lightbox-gallery=\"false\"\n\t\t\tdata-lightbox-caption=\"false\"\n\t\t\tdata-infinite-scrolling=\"false\"\n\t\t\tdata-slide-row-tablet=\"1\"\n\t\t\tdata-slide-row-phone=\"1\"\n\t\t\tdata-autoplay-viewport=80%\n\t\t\tdata-mousewheel=\"false\"\n\t\t\tdata-lazyload=\"false\"\n\t\t\tdata-type=\"carousel\"\n\t\t\tdata-slideshow-effect=\"default\"\n\t\t\tdata-slideshow-to-show=\"4\"\n\t\t\tdata-slideshow-to-show-tablet=\"4\"\n\t\t\tdata-slideshow-to-show-phone=\"\"\n\t\t\tdata-slider-orientation=\"horizontal\"\n\t\t\t\t\t\tdata-lightbox-title=\"false\"\n\n\t\t\t><div class=\"swiper-wrapper\"><div class=\"swiper-slide dsm_image_carousel_item\"><a class=\"dsm_image_carousel_lightbox\" href=\"https:\/\/paul-lindner.de\/v3\/wp-content\/uploads\/2023\/10\/verpackungen-aus-graspapier1-1030x687-1-400x250.jpg\" data-mfp-src=\"https:\/\/paul-lindner.de\/v3\/wp-content\/uploads\/2023\/10\/verpackungen-aus-graspapier1-1030x687-1.jpg\"><img loading=\"lazy\" decoding=\"async\" src=\"https:\/\/paul-lindner.de\/v3\/wp-content\/uploads\/2023\/10\/verpackungen-aus-graspapier1-1030x687-1-400x250.jpg\" alt=\"\" title=\"\" width=\"400\" height=\"250\" data-dsm-image-description=\"\" class=\" skip-lazy\" \/><\/a><\/div><div class=\"swiper-slide dsm_image_carousel_item\"><a class=\"dsm_image_carousel_lightbox\" href=\"https:\/\/paul-lindner.de\/v3\/wp-content\/uploads\/2023\/10\/verpackungen-aus-graspapier2-1030x687-1-400x250.jpg\" data-mfp-src=\"https:\/\/paul-lindner.de\/v3\/wp-content\/uploads\/2023\/10\/verpackungen-aus-graspapier2-1030x687-1.jpg\"><img loading=\"lazy\" decoding=\"async\" src=\"https:\/\/paul-lindner.de\/v3\/wp-content\/uploads\/2023\/10\/verpackungen-aus-graspapier2-1030x687-1-400x250.jpg\" alt=\"\" title=\"\" width=\"400\" height=\"250\" data-dsm-image-description=\"\" class=\" skip-lazy\" \/><\/a><\/div><div class=\"swiper-slide dsm_image_carousel_item\"><a class=\"dsm_image_carousel_lightbox\" href=\"https:\/\/paul-lindner.de\/v3\/wp-content\/uploads\/2023\/10\/KM4A7638-400x250.jpg\" data-mfp-src=\"https:\/\/paul-lindner.de\/v3\/wp-content\/uploads\/2023\/10\/KM4A7638.jpg\"><img loading=\"lazy\" decoding=\"async\" src=\"https:\/\/paul-lindner.de\/v3\/wp-content\/uploads\/2023\/10\/KM4A7638-400x250.jpg\" alt=\"\" title=\"\" width=\"400\" height=\"250\" data-dsm-image-description=\"\" class=\" skip-lazy\" \/><\/a><\/div><div class=\"swiper-slide dsm_image_carousel_item\"><a class=\"dsm_image_carousel_lightbox\" href=\"https:\/\/paul-lindner.de\/v3\/wp-content\/uploads\/2023\/10\/KM4A7585-400x250.jpg\" data-mfp-src=\"https:\/\/paul-lindner.de\/v3\/wp-content\/uploads\/2023\/10\/KM4A7585.jpg\"><img loading=\"lazy\" decoding=\"async\" src=\"https:\/\/paul-lindner.de\/v3\/wp-content\/uploads\/2023\/10\/KM4A7585-400x250.jpg\" alt=\"\" title=\"KM4A7585\" width=\"400\" height=\"250\" data-dsm-image-description=\"\" class=\" skip-lazy\" \/><\/a><\/div><\/div><\/div><div class=\"swiper-pagination\"><\/div>\n\t\t\t\t<\/div>\n\t\t\t<\/div><\/p>\n","protected":false},"author":1,"featured_media":0,"parent":4141,"menu_order":0,"comment_status":"closed","ping_status":"closed","template":"","meta":{"_et_pb_use_builder":"on","_et_pb_old_content":"","_et_gb_content_width":"","footnotes":""},"class_list":["post-4283","page","type-page","status-publish","hentry"],"yoast_head":"<!-- This site is optimized with the Yoast SEO plugin v27.5 - https:\/\/yoast.com\/product\/yoast-seo-wordpress\/ -->\n<title>Verpackungen aus Graspapier - Paul Lindner GmbH<\/title>\n<meta name=\"robots\" content=\"index, follow, max-snippet:-1, max-image-preview:large, max-video-preview:-1\" \/>\n<link rel=\"canonical\" href=\"https:\/\/paul-lindner.de\/v3\/spektrum\/verpackungen-aus-graspapier\/\" \/>\n<meta property=\"og:locale\" content=\"de_DE\" \/>\n<meta property=\"og:type\" content=\"article\" \/>\n<meta property=\"og:title\" content=\"Verpackungen aus Graspapier - Paul Lindner GmbH\" \/>\n<meta property=\"og:description\" content=\"Graspapier Eine echte Alternative zu Holz.Die Papierindustrie kennt heute zwei Rohstoffe: Frischfasern (also B\u00e4ume) und Recyclingpapier (das waren auch mal B\u00e4ume, werden aber \u201emehrfach\u201c genutzt). Graspapier bietet heute eine Alternative zu Holz. Gras w\u00e4chst schnell nach, richtig schnell \u2013 vor allem im Vergleich zu einem Baum. Und anders als beim Baum bleibt das Gras als Pflanze nach dem M\u00e4hen erhalten und w\u00e4chst weiter. Das ist ein wenig wie beim Haare schneiden\u2026 Als Graspapier bezeichnet man ein zellstoffbasiertes Produkt, bei dem \u2013 neben Frischfaser aus Holz oder Altpapier \u2013 ein signifikanter Anteil aus Grasfasern besteht (mindestens 30%). Graspapier ist recyclingf\u00e4hig und kompostierbar und verf\u00fcgt \u00fcber alle Zertifikate und Zulassungen f\u00fcr den umfangreichen Einsatz in der Papier- und Verpackungsindustrie. Verf\u00fcgbar sind aktuell die Wellenarten E, B und BC. Je Welle gibt es eine Zusammensetzung. Es k\u00f6nnen aus Graspapier die selben Verpackungsl\u00f6sungen hergestellt werden wie aus herk\u00f6mmlicher Wellpappe. Wir bieten Ihnen gerne auf Wunsch Ihre Verpackung in Graspapier an. &nbsp;\" \/>\n<meta property=\"og:url\" content=\"https:\/\/paul-lindner.de\/v3\/spektrum\/verpackungen-aus-graspapier\/\" \/>\n<meta property=\"og:site_name\" content=\"Paul Lindner GmbH\" \/>\n<meta property=\"article:modified_time\" content=\"2023-10-19T09:19:57+00:00\" \/>\n<meta name=\"twitter:card\" content=\"summary_large_image\" \/>\n<meta name=\"twitter:label1\" content=\"Gesch\u00e4tzte Lesezeit\" \/>\n\t<meta name=\"twitter:data1\" content=\"4\u00a0Minuten\" \/>\n<script type=\"application\/ld+json\" class=\"yoast-schema-graph\">{\"@context\":\"https:\\\/\\\/schema.org\",\"@graph\":[{\"@type\":\"WebPage\",\"@id\":\"https:\\\/\\\/paul-lindner.de\\\/v3\\\/spektrum\\\/verpackungen-aus-graspapier\\\/\",\"url\":\"https:\\\/\\\/paul-lindner.de\\\/v3\\\/spektrum\\\/verpackungen-aus-graspapier\\\/\",\"name\":\"Verpackungen aus Graspapier - Paul Lindner GmbH\",\"isPartOf\":{\"@id\":\"https:\\\/\\\/paul-lindner.de\\\/v3\\\/#website\"},\"datePublished\":\"2023-10-06T08:48:22+00:00\",\"dateModified\":\"2023-10-19T09:19:57+00:00\",\"breadcrumb\":{\"@id\":\"https:\\\/\\\/paul-lindner.de\\\/v3\\\/spektrum\\\/verpackungen-aus-graspapier\\\/#breadcrumb\"},\"inLanguage\":\"de\",\"potentialAction\":[{\"@type\":\"ReadAction\",\"target\":[\"https:\\\/\\\/paul-lindner.de\\\/v3\\\/spektrum\\\/verpackungen-aus-graspapier\\\/\"]}]},{\"@type\":\"BreadcrumbList\",\"@id\":\"https:\\\/\\\/paul-lindner.de\\\/v3\\\/spektrum\\\/verpackungen-aus-graspapier\\\/#breadcrumb\",\"itemListElement\":[{\"@type\":\"ListItem\",\"position\":1,\"name\":\"Startseite\",\"item\":\"https:\\\/\\\/paul-lindner.de\\\/v3\\\/\"},{\"@type\":\"ListItem\",\"position\":2,\"name\":\"Spektrum\",\"item\":\"https:\\\/\\\/paul-lindner.de\\\/v3\\\/spektrum\\\/\"},{\"@type\":\"ListItem\",\"position\":3,\"name\":\"Verpackungen aus Graspapier\"}]},{\"@type\":\"WebSite\",\"@id\":\"https:\\\/\\\/paul-lindner.de\\\/v3\\\/#website\",\"url\":\"https:\\\/\\\/paul-lindner.de\\\/v3\\\/\",\"name\":\"Paul Lindner GmbH\",\"description\":\"Verpackungen\",\"potentialAction\":[{\"@type\":\"SearchAction\",\"target\":{\"@type\":\"EntryPoint\",\"urlTemplate\":\"https:\\\/\\\/paul-lindner.de\\\/v3\\\/?s={search_term_string}\"},\"query-input\":{\"@type\":\"PropertyValueSpecification\",\"valueRequired\":true,\"valueName\":\"search_term_string\"}}],\"inLanguage\":\"de\"}]}<\/script>\n<!-- \/ Yoast SEO plugin. -->","yoast_head_json":{"title":"Verpackungen aus Graspapier - Paul Lindner GmbH","robots":{"index":"index","follow":"follow","max-snippet":"max-snippet:-1","max-image-preview":"max-image-preview:large","max-video-preview":"max-video-preview:-1"},"canonical":"https:\/\/paul-lindner.de\/v3\/spektrum\/verpackungen-aus-graspapier\/","og_locale":"de_DE","og_type":"article","og_title":"Verpackungen aus Graspapier - Paul Lindner GmbH","og_description":"Graspapier Eine echte Alternative zu Holz.Die Papierindustrie kennt heute zwei Rohstoffe: Frischfasern (also B\u00e4ume) und Recyclingpapier (das waren auch mal B\u00e4ume, werden aber \u201emehrfach\u201c genutzt). Graspapier bietet heute eine Alternative zu Holz. Gras w\u00e4chst schnell nach, richtig schnell \u2013 vor allem im Vergleich zu einem Baum. Und anders als beim Baum bleibt das Gras als Pflanze nach dem M\u00e4hen erhalten und w\u00e4chst weiter. Das ist ein wenig wie beim Haare schneiden\u2026 Als Graspapier bezeichnet man ein zellstoffbasiertes Produkt, bei dem \u2013 neben Frischfaser aus Holz oder Altpapier \u2013 ein signifikanter Anteil aus Grasfasern besteht (mindestens 30%). Graspapier ist recyclingf\u00e4hig und kompostierbar und verf\u00fcgt \u00fcber alle Zertifikate und Zulassungen f\u00fcr den umfangreichen Einsatz in der Papier- und Verpackungsindustrie. Verf\u00fcgbar sind aktuell die Wellenarten E, B und BC. Je Welle gibt es eine Zusammensetzung. Es k\u00f6nnen aus Graspapier die selben Verpackungsl\u00f6sungen hergestellt werden wie aus herk\u00f6mmlicher Wellpappe. Wir bieten Ihnen gerne auf Wunsch Ihre Verpackung in Graspapier an. &nbsp;","og_url":"https:\/\/paul-lindner.de\/v3\/spektrum\/verpackungen-aus-graspapier\/","og_site_name":"Paul Lindner GmbH","article_modified_time":"2023-10-19T09:19:57+00:00","twitter_card":"summary_large_image","twitter_misc":{"Gesch\u00e4tzte Lesezeit":"4\u00a0Minuten"},"schema":{"@context":"https:\/\/schema.org","@graph":[{"@type":"WebPage","@id":"https:\/\/paul-lindner.de\/v3\/spektrum\/verpackungen-aus-graspapier\/","url":"https:\/\/paul-lindner.de\/v3\/spektrum\/verpackungen-aus-graspapier\/","name":"Verpackungen aus Graspapier - Paul Lindner GmbH","isPartOf":{"@id":"https:\/\/paul-lindner.de\/v3\/#website"},"datePublished":"2023-10-06T08:48:22+00:00","dateModified":"2023-10-19T09:19:57+00:00","breadcrumb":{"@id":"https:\/\/paul-lindner.de\/v3\/spektrum\/verpackungen-aus-graspapier\/#breadcrumb"},"inLanguage":"de","potentialAction":[{"@type":"ReadAction","target":["https:\/\/paul-lindner.de\/v3\/spektrum\/verpackungen-aus-graspapier\/"]}]},{"@type":"BreadcrumbList","@id":"https:\/\/paul-lindner.de\/v3\/spektrum\/verpackungen-aus-graspapier\/#breadcrumb","itemListElement":[{"@type":"ListItem","position":1,"name":"Startseite","item":"https:\/\/paul-lindner.de\/v3\/"},{"@type":"ListItem","position":2,"name":"Spektrum","item":"https:\/\/paul-lindner.de\/v3\/spektrum\/"},{"@type":"ListItem","position":3,"name":"Verpackungen aus Graspapier"}]},{"@type":"WebSite","@id":"https:\/\/paul-lindner.de\/v3\/#website","url":"https:\/\/paul-lindner.de\/v3\/","name":"Paul Lindner GmbH","description":"Verpackungen","potentialAction":[{"@type":"SearchAction","target":{"@type":"EntryPoint","urlTemplate":"https:\/\/paul-lindner.de\/v3\/?s={search_term_string}"},"query-input":{"@type":"PropertyValueSpecification","valueRequired":true,"valueName":"search_term_string"}}],"inLanguage":"de"}]}},"_links":{"self":[{"href":"https:\/\/paul-lindner.de\/v3\/wp-json\/wp\/v2\/pages\/4283","targetHints":{"allow":["GET"]}}],"collection":[{"href":"https:\/\/paul-lindner.de\/v3\/wp-json\/wp\/v2\/pages"}],"about":[{"href":"https:\/\/paul-lindner.de\/v3\/wp-json\/wp\/v2\/types\/page"}],"author":[{"embeddable":true,"href":"https:\/\/paul-lindner.de\/v3\/wp-json\/wp\/v2\/users\/1"}],"replies":[{"embeddable":true,"href":"https:\/\/paul-lindner.de\/v3\/wp-json\/wp\/v2\/comments?post=4283"}],"version-history":[{"count":10,"href":"https:\/\/paul-lindner.de\/v3\/wp-json\/wp\/v2\/pages\/4283\/revisions"}],"predecessor-version":[{"id":4342,"href":"https:\/\/paul-lindner.de\/v3\/wp-json\/wp\/v2\/pages\/4283\/revisions\/4342"}],"up":[{"embeddable":true,"href":"https:\/\/paul-lindner.de\/v3\/wp-json\/wp\/v2\/pages\/4141"}],"wp:attachment":[{"href":"https:\/\/paul-lindner.de\/v3\/wp-json\/wp\/v2\/media?parent=4283"}],"curies":[{"name":"wp","href":"https:\/\/api.w.org\/{rel}","templated":true}]}}