{"id":4098,"date":"2023-09-18T12:06:10","date_gmt":"2023-09-18T10:06:10","guid":{"rendered":"https:\/\/paul-lindner.de\/v3\/?page_id=4098"},"modified":"2024-05-08T09:20:10","modified_gmt":"2024-05-08T07:20:10","slug":"qualitaet","status":"publish","type":"page","link":"https:\/\/paul-lindner.de\/v3\/ueber-uns\/qualitaet\/","title":{"rendered":"Qualit\u00e4t"},"content":{"rendered":"<p>[et_pb_section fb_built=&#8220;1&#8243; admin_label=&#8220;Header&#8220; _builder_version=&#8220;4.22.1&#8243; custom_padding=&#8220;130px||0px||false|false&#8220; locked=&#8220;off&#8220; global_colors_info=&#8220;{}&#8220;][et_pb_row _builder_version=&#8220;4.22.1&#8243; custom_margin=&#8220;||||false|false&#8220; locked=&#8220;off&#8220; global_colors_info=&#8220;{}&#8220;][et_pb_column type=&#8220;4_4&#8243; _builder_version=&#8220;4.16&#8243; global_colors_info=&#8220;{}&#8220;][dsm_breadcrumbs home_icon=&#8220;&#xe074;||divi||400&#8243; separator_icon=&#8220;&#x45;||divi||400&#8243; _builder_version=&#8220;4.22.1&#8243; _module_preset=&#8220;default&#8220; home_icon_text_color=&#8220;#F07D00&#8243; global_colors_info=&#8220;{}&#8220;][\/dsm_breadcrumbs][\/et_pb_column][\/et_pb_row][\/et_pb_section][et_pb_section fb_built=&#8220;1&#8243; custom_padding_last_edited=&#8220;on|tablet&#8220; admin_label=&#8220;Header&#8220; _builder_version=&#8220;4.22.2&#8243; custom_margin=&#8220;||||false|false&#8220; custom_padding=&#8220;||0px||false|false&#8220; custom_padding_tablet=&#8220;0px||||false|false&#8220; custom_padding_phone=&#8220;&#8220; global_colors_info=&#8220;{}&#8220;][et_pb_row column_structure=&#8220;3_5,2_5&#8243; custom_padding_last_edited=&#8220;on|phone&#8220; _builder_version=&#8220;4.22.2&#8243; background_color=&#8220;#E6E6E6&#8243; width_tablet=&#8220;100%&#8220; width_phone=&#8220;&#8220; width_last_edited=&#8220;on|tablet&#8220; custom_padding=&#8220;27px||27px|80px|true|false&#8220; custom_padding_tablet=&#8220;40px|40px|40px|40px|true|true&#8220; custom_padding_phone=&#8220;||||false&#8220; box_shadow_style=&#8220;preset4&#8243; box_shadow_horizontal=&#8220;30vw&#8220; box_shadow_vertical=&#8220;0px&#8220; box_shadow_color=&#8220;#E6E6E6&#8243; global_colors_info=&#8220;{}&#8220;][et_pb_column type=&#8220;3_5&#8243; _builder_version=&#8220;4.16&#8243; global_colors_info=&#8220;{}&#8220;][et_pb_text _builder_version=&#8220;4.22.1&#8243; text_font_size=&#8220;18px&#8220; text_line_height=&#8220;2em&#8220; header_font=&#8220;Unna||||||||&#8220; header_font_size=&#8220;96px&#8220; header_2_font=&#8220;|700|||||||&#8220; header_3_font=&#8220;|700|||||||&#8220; header_3_text_color=&#8220;#F07D00&#8243; header_3_font_size=&#8220;18px&#8220; text_font_size_tablet=&#8220;16px&#8220; text_font_size_phone=&#8220;15px&#8220; text_font_size_last_edited=&#8220;on|phone&#8220; header_font_tablet=&#8220;&#8220; header_font_phone=&#8220;&#8220; header_font_last_edited=&#8220;on|phone&#8220; header_font_size_tablet=&#8220;60px&#8220; header_font_size_phone=&#8220;42px&#8220; header_font_size_last_edited=&#8220;on|tablet&#8220; global_colors_info=&#8220;{}&#8220;]<\/p>\n<h2>Unser Unternehmen ist nach<\/h2>\n<h3><span>DIN ISO 9001:2015 zertifiziert.<\/span><\/h3>\n<p><strong><\/strong><\/p>\n<p><strong><\/strong><\/p>\n<p>Wer seinen Kunden qualitativ hochwertige Produkte liefern will, braucht dazu reibungslose Produktions- und Logistikprozesse, hochqualifizierte Mitarbeiter und st\u00e4ndige Qualit\u00e4tskontrolle, die im QM-Handbuch hinterlegt sind.<\/p>\n<p>[\/et_pb_text][\/et_pb_column][et_pb_column type=&#8220;2_5&#8243; _builder_version=&#8220;4.16&#8243; global_colors_info=&#8220;{}&#8220;][et_pb_image src=&#8220;https:\/\/paul-lindner.de\/v3\/wp-content\/uploads\/2023\/09\/illu-1030&#215;579-1.jpg&#8220; title_text=&#8220;illu-1030&#215;579&#8243; show_in_lightbox=&#8220;on&#8220; _builder_version=&#8220;4.24.0&#8243; custom_margin=&#8220;|-5vw|||false|false&#8220; custom_margin_tablet=&#8220;|0vw|||false|false&#8220; custom_margin_phone=&#8220;||||false|false&#8220; custom_margin_last_edited=&#8220;on|tablet&#8220; scroll_vertical_motion=&#8220;0|70|70|100|-1|0|1&#8243; border_color_all=&#8220;RGBA(255,255,255,0)&#8220; border_width_all_tablet=&#8220;40px&#8220; border_width_all_phone=&#8220;20px&#8220; border_width_all_last_edited=&#8220;on|phone&#8220; locked=&#8220;off&#8220; global_colors_info=&#8220;{}&#8220;][\/et_pb_image][\/et_pb_column][\/et_pb_row][\/et_pb_section][et_pb_section fb_built=&#8220;1&#8243; admin_label=&#8220;Logos&#8220; _builder_version=&#8220;4.22.2&#8243; custom_margin=&#8220;0px||||false|false&#8220; custom_padding=&#8220;0px||0px||false|false&#8220; global_colors_info=&#8220;{}&#8220;][et_pb_row column_structure=&#8220;1_3,1_3,1_3&#8243; use_custom_gutter=&#8220;on&#8220; gutter_width=&#8220;1&#8243; _builder_version=&#8220;4.22.2&#8243; background_color=&#8220;#3C3D41&#8243; custom_margin=&#8220;||||false|false&#8220; custom_padding=&#8220;||||false|false&#8220; global_colors_info=&#8220;{}&#8220;][et_pb_column type=&#8220;1_3&#8243; _builder_version=&#8220;4.16&#8243; global_colors_info=&#8220;{}&#8220;][et_pb_image src=&#8220;https:\/\/paul-lindner.de\/v3\/wp-content\/uploads\/2023\/09\/urkunde_iso-212&#215;300-1.jpg&#8220; title_text=&#8220;urkunde_iso-212&#215;300&#8243; url=&#8220;https:\/\/paul-lindner.de\/v3\/wp-content\/uploads\/2023\/09\/paul-lindner_de-iso9001_2015_zertifikat-1.pdf&#8220; url_new_window=&#8220;on&#8220; align=&#8220;center&#8220; _builder_version=&#8220;4.22.1&#8243; _module_preset=&#8220;default&#8220; box_shadow_style=&#8220;preset1&#8243; global_colors_info=&#8220;{}&#8220;][\/et_pb_image][et_pb_text _builder_version=&#8220;4.22.2&#8243; _module_preset=&#8220;default&#8220; text_text_color=&#8220;#FFFFFF&#8220; custom_padding=&#8220;40px|70px|40px|70px|true|true&#8220; global_colors_info=&#8220;{}&#8220;]<\/p>\n<p><strong>ISO 9001:2015 Zertifizierung<\/strong><\/p>\n<p>Garantiert Ihnen die gleichbleibend hohe Qualit\u00e4t unserer Produkte.<\/p>\n<p>Um Ihnen die 100% gleiche Qualit\u00e4t anbieten zu k\u00f6nnen, pr\u00fcfen wir die von Ihnen eingesetzte Qualit\u00e4t im Labor.<\/p>\n<p>[\/et_pb_text][\/et_pb_column][et_pb_column type=&#8220;1_3&#8243; _builder_version=&#8220;4.16&#8243; global_colors_info=&#8220;{}&#8220;][\/et_pb_column][et_pb_column type=&#8220;1_3&#8243; _builder_version=&#8220;4.16&#8243; global_colors_info=&#8220;{}&#8220;][\/et_pb_column][\/et_pb_row][\/et_pb_section]<\/p>\n","protected":false},"excerpt":{"rendered":"<p><div class=\"et_pb_module dsm_breadcrumbs dsm_breadcrumbs_0\">\n\t\t\t\t\n\t\t\t\t\n\t\t\t\t\n\t\t\t\t\n\t\t\t\t\n\t\t\t\t\n\t\t\t\t<div class=\"et_pb_module_inner\">\n\t\t\t\t\t<nav class=\"dsm_breadcrumbs_wrap\">\n\t\t\t\t<ul class=\"dsm_breadcrumbs\" itemscope itemtype=\"https:\/\/schema.org\/BreadcrumbList\">\t\t\t<li class=\"dsm_breadcrumbs_item dsm_home_item dsm_home_item_custom\" itemprop=\"itemListElement\" itemscope\n\t\t\titemtype=\"https:\/\/schema.org\/ListItem\">\n\t\t\t\t<a href=\"https:\/\/paul-lindner.de\/v3\" itemprop=\"item\" target=\"\">\n\t\t\t\t\t<span class='dsm_home_text_wrapper'>\n\t\t\t\t\t\t\t\t\t\t\t\t\t<span class=\"et-pb-icon dsm_home_icon\">&#xe074;<\/span>\n\t\t\t\t\t\t\t\t\t\t\t\t\t<span class=\"dsm_home_text\" itemprop=\"name\">\n\t\t\t\t\t\t\t\tHome\t\t\t\t\t\t\t<\/span>\n\t\t\t\t\t<\/span>\n\t\t\t\t<\/a>\n\t\t\t\t<meta itemprop=\"position\" content=\"1\" \/>\n\t\t\t<\/li>\n\n\t\t<li class=\"dsm_breadcrumbs_separator\"> <span class=\"et-pb-icon dsm_separator_icon\">&#x45;<\/span><\/li><\/ul>\n\t\t\t<\/nav>\n\t\t\t\t<\/div>\n\t\t\t<\/div>Unser Unternehmen ist nach DIN ISO 9001:2015 zertifiziert. Wer seinen Kunden qualitativ hochwertige Produkte liefern will, braucht dazu reibungslose Produktions- und Logistikprozesse, hochqualifizierte Mitarbeiter und st\u00e4ndige Qualit\u00e4tskontrolle, die im QM-Handbuch hinterlegt sind.ISO 9001:2015 Zertifizierung Garantiert Ihnen die gleichbleibend hohe Qualit\u00e4t unserer Produkte. Um Ihnen die 100% gleiche Qualit\u00e4t anbieten zu k\u00f6nnen, pr\u00fcfen wir die von Ihnen eingesetzte Qualit\u00e4t im Labor.<\/p>\n","protected":false},"author":1,"featured_media":0,"parent":4675,"menu_order":0,"comment_status":"closed","ping_status":"closed","template":"","meta":{"_et_pb_use_builder":"on","_et_pb_old_content":"","_et_gb_content_width":"","footnotes":""},"class_list":["post-4098","page","type-page","status-publish","hentry"],"yoast_head":"<!-- This site is optimized with the Yoast SEO plugin v27.2 - https:\/\/yoast.com\/product\/yoast-seo-wordpress\/ -->\n<title>Qualit\u00e4t - Paul Lindner GmbH<\/title>\n<meta name=\"robots\" content=\"index, follow, max-snippet:-1, max-image-preview:large, max-video-preview:-1\" \/>\n<link rel=\"canonical\" href=\"https:\/\/paul-lindner.de\/v3\/ueber-uns\/qualitaet\/\" \/>\n<meta property=\"og:locale\" content=\"de_DE\" \/>\n<meta property=\"og:type\" content=\"article\" \/>\n<meta property=\"og:title\" content=\"Qualit\u00e4t - Paul Lindner GmbH\" \/>\n<meta property=\"og:description\" content=\"Unser Unternehmen ist nach DIN ISO 9001:2015 zertifiziert. Wer seinen Kunden qualitativ hochwertige Produkte liefern will, braucht dazu reibungslose Produktions- und Logistikprozesse, hochqualifizierte Mitarbeiter und st\u00e4ndige Qualit\u00e4tskontrolle, die im QM-Handbuch hinterlegt sind.ISO 9001:2015 Zertifizierung Garantiert Ihnen die gleichbleibend hohe Qualit\u00e4t unserer Produkte. Um Ihnen die 100% gleiche Qualit\u00e4t anbieten zu k\u00f6nnen, pr\u00fcfen wir die von Ihnen eingesetzte Qualit\u00e4t im Labor.\" \/>\n<meta property=\"og:url\" content=\"https:\/\/paul-lindner.de\/v3\/ueber-uns\/qualitaet\/\" \/>\n<meta property=\"og:site_name\" content=\"Paul Lindner GmbH\" \/>\n<meta property=\"article:modified_time\" content=\"2024-05-08T07:20:10+00:00\" \/>\n<meta name=\"twitter:card\" content=\"summary_large_image\" \/>\n<meta name=\"twitter:label1\" content=\"Gesch\u00e4tzte Lesezeit\" \/>\n\t<meta name=\"twitter:data1\" content=\"3\u00a0Minuten\" \/>\n<script type=\"application\/ld+json\" class=\"yoast-schema-graph\">{\"@context\":\"https:\/\/schema.org\",\"@graph\":[{\"@type\":\"WebPage\",\"@id\":\"https:\/\/paul-lindner.de\/v3\/ueber-uns\/qualitaet\/\",\"url\":\"https:\/\/paul-lindner.de\/v3\/ueber-uns\/qualitaet\/\",\"name\":\"Qualit\u00e4t - Paul Lindner GmbH\",\"isPartOf\":{\"@id\":\"https:\/\/paul-lindner.de\/v3\/#website\"},\"datePublished\":\"2023-09-18T10:06:10+00:00\",\"dateModified\":\"2024-05-08T07:20:10+00:00\",\"breadcrumb\":{\"@id\":\"https:\/\/paul-lindner.de\/v3\/ueber-uns\/qualitaet\/#breadcrumb\"},\"inLanguage\":\"de\",\"potentialAction\":[{\"@type\":\"ReadAction\",\"target\":[\"https:\/\/paul-lindner.de\/v3\/ueber-uns\/qualitaet\/\"]}]},{\"@type\":\"BreadcrumbList\",\"@id\":\"https:\/\/paul-lindner.de\/v3\/ueber-uns\/qualitaet\/#breadcrumb\",\"itemListElement\":[{\"@type\":\"ListItem\",\"position\":1,\"name\":\"Startseite\",\"item\":\"https:\/\/paul-lindner.de\/v3\/\"},{\"@type\":\"ListItem\",\"position\":2,\"name\":\"\u00dcber uns\",\"item\":\"https:\/\/paul-lindner.de\/v3\/ueber-uns\/\"},{\"@type\":\"ListItem\",\"position\":3,\"name\":\"Qualit\u00e4t\"}]},{\"@type\":\"WebSite\",\"@id\":\"https:\/\/paul-lindner.de\/v3\/#website\",\"url\":\"https:\/\/paul-lindner.de\/v3\/\",\"name\":\"Paul Lindner GmbH\",\"description\":\"Verpackungen\",\"potentialAction\":[{\"@type\":\"SearchAction\",\"target\":{\"@type\":\"EntryPoint\",\"urlTemplate\":\"https:\/\/paul-lindner.de\/v3\/?s={search_term_string}\"},\"query-input\":{\"@type\":\"PropertyValueSpecification\",\"valueRequired\":true,\"valueName\":\"search_term_string\"}}],\"inLanguage\":\"de\"}]}<\/script>\n<!-- \/ Yoast SEO plugin. -->","yoast_head_json":{"title":"Qualit\u00e4t - Paul Lindner GmbH","robots":{"index":"index","follow":"follow","max-snippet":"max-snippet:-1","max-image-preview":"max-image-preview:large","max-video-preview":"max-video-preview:-1"},"canonical":"https:\/\/paul-lindner.de\/v3\/ueber-uns\/qualitaet\/","og_locale":"de_DE","og_type":"article","og_title":"Qualit\u00e4t - Paul Lindner GmbH","og_description":"Unser Unternehmen ist nach DIN ISO 9001:2015 zertifiziert. Wer seinen Kunden qualitativ hochwertige Produkte liefern will, braucht dazu reibungslose Produktions- und Logistikprozesse, hochqualifizierte Mitarbeiter und st\u00e4ndige Qualit\u00e4tskontrolle, die im QM-Handbuch hinterlegt sind.ISO 9001:2015 Zertifizierung Garantiert Ihnen die gleichbleibend hohe Qualit\u00e4t unserer Produkte. Um Ihnen die 100% gleiche Qualit\u00e4t anbieten zu k\u00f6nnen, pr\u00fcfen wir die von Ihnen eingesetzte Qualit\u00e4t im Labor.","og_url":"https:\/\/paul-lindner.de\/v3\/ueber-uns\/qualitaet\/","og_site_name":"Paul Lindner GmbH","article_modified_time":"2024-05-08T07:20:10+00:00","twitter_card":"summary_large_image","twitter_misc":{"Gesch\u00e4tzte Lesezeit":"3\u00a0Minuten"},"schema":{"@context":"https:\/\/schema.org","@graph":[{"@type":"WebPage","@id":"https:\/\/paul-lindner.de\/v3\/ueber-uns\/qualitaet\/","url":"https:\/\/paul-lindner.de\/v3\/ueber-uns\/qualitaet\/","name":"Qualit\u00e4t - Paul Lindner GmbH","isPartOf":{"@id":"https:\/\/paul-lindner.de\/v3\/#website"},"datePublished":"2023-09-18T10:06:10+00:00","dateModified":"2024-05-08T07:20:10+00:00","breadcrumb":{"@id":"https:\/\/paul-lindner.de\/v3\/ueber-uns\/qualitaet\/#breadcrumb"},"inLanguage":"de","potentialAction":[{"@type":"ReadAction","target":["https:\/\/paul-lindner.de\/v3\/ueber-uns\/qualitaet\/"]}]},{"@type":"BreadcrumbList","@id":"https:\/\/paul-lindner.de\/v3\/ueber-uns\/qualitaet\/#breadcrumb","itemListElement":[{"@type":"ListItem","position":1,"name":"Startseite","item":"https:\/\/paul-lindner.de\/v3\/"},{"@type":"ListItem","position":2,"name":"\u00dcber uns","item":"https:\/\/paul-lindner.de\/v3\/ueber-uns\/"},{"@type":"ListItem","position":3,"name":"Qualit\u00e4t"}]},{"@type":"WebSite","@id":"https:\/\/paul-lindner.de\/v3\/#website","url":"https:\/\/paul-lindner.de\/v3\/","name":"Paul Lindner GmbH","description":"Verpackungen","potentialAction":[{"@type":"SearchAction","target":{"@type":"EntryPoint","urlTemplate":"https:\/\/paul-lindner.de\/v3\/?s={search_term_string}"},"query-input":{"@type":"PropertyValueSpecification","valueRequired":true,"valueName":"search_term_string"}}],"inLanguage":"de"}]}},"_links":{"self":[{"href":"https:\/\/paul-lindner.de\/v3\/wp-json\/wp\/v2\/pages\/4098","targetHints":{"allow":["GET"]}}],"collection":[{"href":"https:\/\/paul-lindner.de\/v3\/wp-json\/wp\/v2\/pages"}],"about":[{"href":"https:\/\/paul-lindner.de\/v3\/wp-json\/wp\/v2\/types\/page"}],"author":[{"embeddable":true,"href":"https:\/\/paul-lindner.de\/v3\/wp-json\/wp\/v2\/users\/1"}],"replies":[{"embeddable":true,"href":"https:\/\/paul-lindner.de\/v3\/wp-json\/wp\/v2\/comments?post=4098"}],"version-history":[{"count":9,"href":"https:\/\/paul-lindner.de\/v3\/wp-json\/wp\/v2\/pages\/4098\/revisions"}],"predecessor-version":[{"id":4779,"href":"https:\/\/paul-lindner.de\/v3\/wp-json\/wp\/v2\/pages\/4098\/revisions\/4779"}],"up":[{"embeddable":true,"href":"https:\/\/paul-lindner.de\/v3\/wp-json\/wp\/v2\/pages\/4675"}],"wp:attachment":[{"href":"https:\/\/paul-lindner.de\/v3\/wp-json\/wp\/v2\/media?parent=4098"}],"curies":[{"name":"wp","href":"https:\/\/api.w.org\/{rel}","templated":true}]}}